{"id":1113,"date":"2025-12-16T11:42:04","date_gmt":"2025-12-16T11:42:04","guid":{"rendered":"https:\/\/cskill.eu\/?page_id=1113"},"modified":"2025-12-16T11:51:54","modified_gmt":"2025-12-16T11:51:54","slug":"prepoznaj-gi-svoite-prednosti-i-predizvitsi-swot-analiza","status":"publish","type":"page","link":"https:\/\/cskill.eu\/sr\/alatki\/swot-analysis-for-career-orientation\/prepoznaj-gi-svoite-prednosti-i-predizvitsi-swot-analiza\/","title":{"rendered":"Razumejte svoje sposobnosti i izazove: SWOT analiza"},"content":{"rendered":"<div data-elementor-type=\"wp-page\" data-elementor-id=\"1113\" class=\"elementor elementor-1113\" data-elementor-settings=\"{&quot;element_pack_global_tooltip_width&quot;:{&quot;unit&quot;:&quot;px&quot;,&quot;size&quot;:&quot;&quot;,&quot;sizes&quot;:[]},&quot;element_pack_global_tooltip_width_tablet&quot;:{&quot;unit&quot;:&quot;px&quot;,&quot;size&quot;:&quot;&quot;,&quot;sizes&quot;:[]},&quot;element_pack_global_tooltip_width_mobile&quot;:{&quot;unit&quot;:&quot;px&quot;,&quot;size&quot;:&quot;&quot;,&quot;sizes&quot;:[]},&quot;element_pack_global_tooltip_padding&quot;:{&quot;unit&quot;:&quot;px&quot;,&quot;top&quot;:&quot;&quot;,&quot;right&quot;:&quot;&quot;,&quot;bottom&quot;:&quot;&quot;,&quot;left&quot;:&quot;&quot;,&quot;isLinked&quot;:true},&quot;element_pack_global_tooltip_padding_tablet&quot;:{&quot;unit&quot;:&quot;px&quot;,&quot;top&quot;:&quot;&quot;,&quot;right&quot;:&quot;&quot;,&quot;bottom&quot;:&quot;&quot;,&quot;left&quot;:&quot;&quot;,&quot;isLinked&quot;:true},&quot;element_pack_global_tooltip_padding_mobile&quot;:{&quot;unit&quot;:&quot;px&quot;,&quot;top&quot;:&quot;&quot;,&quot;right&quot;:&quot;&quot;,&quot;bottom&quot;:&quot;&quot;,&quot;left&quot;:&quot;&quot;,&quot;isLinked&quot;:true},&quot;element_pack_global_tooltip_border_radius&quot;:{&quot;unit&quot;:&quot;px&quot;,&quot;top&quot;:&quot;&quot;,&quot;right&quot;:&quot;&quot;,&quot;bottom&quot;:&quot;&quot;,&quot;left&quot;:&quot;&quot;,&quot;isLinked&quot;:true},&quot;element_pack_global_tooltip_border_radius_tablet&quot;:{&quot;unit&quot;:&quot;px&quot;,&quot;top&quot;:&quot;&quot;,&quot;right&quot;:&quot;&quot;,&quot;bottom&quot;:&quot;&quot;,&quot;left&quot;:&quot;&quot;,&quot;isLinked&quot;:true},&quot;element_pack_global_tooltip_border_radius_mobile&quot;:{&quot;unit&quot;:&quot;px&quot;,&quot;top&quot;:&quot;&quot;,&quot;right&quot;:&quot;&quot;,&quot;bottom&quot;:&quot;&quot;,&quot;left&quot;:&quot;&quot;,&quot;isLinked&quot;:true}}\" data-elementor-post-type=\"page\">\n\t\t\t\t<div class=\"elementor-element elementor-element-2936b11 e-flex e-con-boxed e-con e-parent\" data-id=\"2936b11\" data-element_type=\"container\" data-settings=\"{&quot;background_background&quot;:&quot;classic&quot;}\">\n\t\t\t\t\t<div class=\"e-con-inner\">\n\t\t<div class=\"elementor-element elementor-element-b5897a5 e-flex e-con-boxed e-con e-child\" data-id=\"b5897a5\" data-element_type=\"container\">\n\t\t\t\t\t<div class=\"e-con-inner\">\n\t\t\t\t<div class=\"elementor-element elementor-element-be13044 elementor-invisible elementor-widget elementor-widget-heading\" data-id=\"be13044\" data-element_type=\"widget\" data-settings=\"{&quot;_animation&quot;:&quot;fadeInUp&quot;,&quot;_animation_delay&quot;:200}\" data-widget_type=\"heading.default\">\n\t\t\t\t\t<h1 class=\"elementor-heading-title elementor-size-default\">Razumejte svoje sposobnosti i izazove: SWOT analiza<\/h1>\t\t\t\t<\/div>\n\t\t\t\t\t<\/div>\n\t\t\t\t<\/div>\n\t\t\t\t\t<\/div>\n\t\t\t\t<\/div>\n\t\t<div class=\"elementor-element elementor-element-ea96004 e-flex e-con-boxed e-con e-parent\" data-id=\"ea96004\" data-element_type=\"container\" data-settings=\"{&quot;background_background&quot;:&quot;classic&quot;}\">\n\t\t\t\t\t<div class=\"e-con-inner\">\n\t\t<div class=\"elementor-element elementor-element-c0e65ab e-con-full e-flex elementor-invisible e-con e-child\" data-id=\"c0e65ab\" data-element_type=\"container\" data-settings=\"{&quot;animation&quot;:&quot;fadeInRight&quot;}\">\n\t\t\t\t<div class=\"elementor-element elementor-element-bad651e elementor-widget elementor-widget-text-editor\" data-id=\"bad651e\" data-element_type=\"widget\" data-widget_type=\"text-editor.default\">\n\t\t\t\t\t\t\t\t\t<p><span style=\"font-weight: 400;\">\u201eRazumej svoje snage i izazove: SWOT analiza\u201d razvila je organizacija Creative House (Severna Makedonija) u okviru Erasmus+ projekta <\/span><i><span style=\"font-weight: 400;\">SkillCompass: Empowering Youth with Learning Differences through Inclusive Career Guidance Tools.<\/span><\/i><\/p>\t\t\t\t\t\t\t\t<\/div>\n\t\t\t\t<div class=\"elementor-element elementor-element-2aa56a3 elementor-widget elementor-widget-heading\" data-id=\"2aa56a3\" data-element_type=\"widget\" data-widget_type=\"heading.default\">\n\t\t\t\t\t<h2 class=\"elementor-heading-title elementor-size-default\">Pregled<\/h2>\t\t\t\t<\/div>\n\t\t\t\t<div class=\"elementor-element elementor-element-fda52ad elementor-widget elementor-widget-text-editor\" data-id=\"fda52ad\" data-element_type=\"widget\" data-widget_type=\"text-editor.default\">\n\t\t\t\t\t\t\t\t\t<p><span style=\"font-weight: 400;\">Ovaj alat upoznaje mlade sa SWOT metodom (snage, slabosti, prilike, pretnje) kao jednostavnim i vizuelnim na\u010dinom da razmi\u0161ljaju o svojim sposobnostima i li\u010dnom razvoju. Poma\u017ee neurodivergentnim mladima da istra\u017ee ko su, u \u010demu su dobri i kakva podr\u0161ka im je potrebna, \u010dine\u0107i samorefleksiju pristupa\u010dnijom i zanimljivijom.<\/span><\/p>\t\t\t\t\t\t\t\t<\/div>\n\t\t\t\t<div class=\"elementor-element elementor-element-2285ede elementor-widget elementor-widget-heading\" data-id=\"2285ede\" data-element_type=\"widget\" data-widget_type=\"heading.default\">\n\t\t\t\t\t<h2 class=\"elementor-heading-title elementor-size-default\">Svrha alatke<\/h2>\t\t\t\t<\/div>\n\t\t\t\t<div class=\"elementor-element elementor-element-9d9a608 elementor-widget elementor-widget-text-editor\" data-id=\"9d9a608\" data-element_type=\"widget\" data-widget_type=\"text-editor.default\">\n\t\t\t\t\t\t\t\t\t<p><span style=\"font-weight: 400;\">Mladi sa razlikama u u\u010denju \u010desto imaju te\u0161ko\u0107e da prepoznaju i izraze svoje snage i izazove, \u0161to mo\u017ee uticati na samopouzdanje i dono\u0161enje odluka u obrazovanju ili planiranju karijere. Potreban im je strukturisan, a istovremeno mladima prilago\u0111en alat koji podsti\u010de samorazumevanje bez osu\u0111ivanja.<\/span><\/p><p><span style=\"font-weight: 400;\">Ovaj alat odgovara na tu potrebu nude\u0107i vo\u0111eni SWOT \u0161ablon koji ohrabruje iskrenu refleksiju, ja\u010da samosvest i podr\u017eava jasniju komunikaciju izme\u0111u mladih, nastavnika i savetnika.<\/span><\/p>\t\t\t\t\t\t\t\t<\/div>\n\t\t\t\t<\/div>\n\t\t\t\t\t<\/div>\n\t\t\t\t<\/div>\n\t\t<div class=\"elementor-element elementor-element-67ea457 e-flex e-con-boxed e-con e-parent\" data-id=\"67ea457\" data-element_type=\"container\" data-settings=\"{&quot;background_background&quot;:&quot;classic&quot;}\">\n\t\t\t\t\t<div class=\"e-con-inner\">\n\t\t<div class=\"elementor-element elementor-element-c557e3c e-con-full e-flex elementor-invisible e-con e-child\" data-id=\"c557e3c\" data-element_type=\"container\" data-settings=\"{&quot;animation&quot;:&quot;fadeInLeft&quot;}\">\n\t\t\t\t<div class=\"elementor-element elementor-element-8f42c25 elementor-widget elementor-widget-heading\" data-id=\"8f42c25\" data-element_type=\"widget\" data-widget_type=\"heading.default\">\n\t\t\t\t\t<h2 class=\"elementor-heading-title elementor-size-default\">Ciljne grupe<\/h2>\t\t\t\t<\/div>\n\t\t\t\t<div class=\"elementor-element elementor-element-50c74f2 elementor-widget elementor-widget-text-editor\" data-id=\"50c74f2\" data-element_type=\"widget\" data-widget_type=\"text-editor.default\">\n\t\t\t\t\t\t\t\t\t<p><span style=\"font-weight: 400;\">Alat je namenjen neurodivergentnim mladim ljudima, kao i nastavnicima, omladinskim radnicima, \u0161kolskim savetnicima i starateljima koji \u017eele da pomognu mladima da bolje razumeju sebe i pripreme se za budu\u0107e izbore.<\/span><\/p>\t\t\t\t\t\t\t\t<\/div>\n\t\t\t\t<div class=\"elementor-element elementor-element-ea153e6 elementor-widget elementor-widget-heading\" data-id=\"ea153e6\" data-element_type=\"widget\" data-widget_type=\"heading.default\">\n\t\t\t\t\t<h2 class=\"elementor-heading-title elementor-size-default\">\u0160ta sadr\u017ei alatka\n<\/h2>\t\t\t\t<\/div>\n\t\t\t\t<div class=\"elementor-element elementor-element-7f8f718 elementor-widget elementor-widget-text-editor\" data-id=\"7f8f718\" data-element_type=\"widget\" data-widget_type=\"text-editor.default\">\n\t\t\t\t\t\t\t\t\t<p><span style=\"font-weight: 400;\">SWOT analiza u PDF formatu sadr\u017ei vizuelno privla\u010dan SWOT radni list, kao i pa\u017eljivo odabranu listu mogu\u0107ih snaga, slabosti, prilika i pretnji koje u\u010denici mogu da pregledaju i izaberu. Njegov \u010dist i mladima prilago\u0111en dizajn \u010dini alat jednostavnim za upotrebu u individualnoj refleksiji, u\u010dioni\u010dkim aktivnostima ili karijernim savetovanjima.<\/span><\/p>\t\t\t\t\t\t\t\t<\/div>\n\t\t\t\t<\/div>\n\t\t<div class=\"elementor-element elementor-element-68b583f e-con-full e-flex elementor-invisible e-con e-child\" data-id=\"68b583f\" data-element_type=\"container\" data-settings=\"{&quot;animation&quot;:&quot;fadeInRight&quot;}\">\n\t\t\t\t<div class=\"elementor-element elementor-element-8ddeaf3 elementor-widget elementor-widget-image\" data-id=\"8ddeaf3\" data-element_type=\"widget\" data-widget_type=\"image.default\">\n\t\t\t\t\t\t\t\t\t\t\t\t\t\t\t<img fetchpriority=\"high\" decoding=\"async\" width=\"1500\" height=\"1000\" src=\"https:\/\/cskill.eu\/wp-content\/uploads\/2025\/12\/2149502803.jpg\" class=\"attachment-full size-full wp-image-1125\" alt=\"\" srcset=\"https:\/\/cskill.eu\/wp-content\/uploads\/2025\/12\/2149502803.jpg 1500w, https:\/\/cskill.eu\/wp-content\/uploads\/2025\/12\/2149502803-300x200.jpg 300w, https:\/\/cskill.eu\/wp-content\/uploads\/2025\/12\/2149502803-1024x683.jpg 1024w, https:\/\/cskill.eu\/wp-content\/uploads\/2025\/12\/2149502803-768x512.jpg 768w, https:\/\/cskill.eu\/wp-content\/uploads\/2025\/12\/2149502803-18x12.jpg 18w\" sizes=\"(max-width: 1500px) 100vw, 1500px\" \/>\t\t\t\t\t\t\t\t\t\t\t\t\t\t\t<\/div>\n\t\t\t\t<\/div>\n\t\t\t\t\t<\/div>\n\t\t\t\t<\/div>\n\t\t<div class=\"elementor-element elementor-element-bd68a44 e-flex e-con-boxed e-con e-parent\" data-id=\"bd68a44\" data-element_type=\"container\" data-settings=\"{&quot;background_background&quot;:&quot;classic&quot;}\">\n\t\t\t\t\t<div class=\"e-con-inner\">\n\t\t<div class=\"elementor-element elementor-element-79a34da e-con-full e-flex e-con e-child\" data-id=\"79a34da\" data-element_type=\"container\">\n\t\t<div class=\"elementor-element elementor-element-ceadfc1 e-con-full e-flex elementor-invisible e-con e-child\" data-id=\"ceadfc1\" data-element_type=\"container\" data-settings=\"{&quot;animation&quot;:&quot;fadeInLeft&quot;}\">\n\t\t\t\t<div class=\"elementor-element elementor-element-cd7712f elementor-widget elementor-widget-image\" data-id=\"cd7712f\" data-element_type=\"widget\" data-widget_type=\"image.default\">\n\t\t\t\t\t\t\t\t\t\t\t\t\t\t\t<img decoding=\"async\" width=\"1500\" height=\"844\" src=\"https:\/\/cskill.eu\/wp-content\/uploads\/2025\/12\/2150994998.jpg\" class=\"attachment-full size-full wp-image-1126\" alt=\"\" srcset=\"https:\/\/cskill.eu\/wp-content\/uploads\/2025\/12\/2150994998.jpg 1500w, https:\/\/cskill.eu\/wp-content\/uploads\/2025\/12\/2150994998-300x169.jpg 300w, https:\/\/cskill.eu\/wp-content\/uploads\/2025\/12\/2150994998-1024x576.jpg 1024w, https:\/\/cskill.eu\/wp-content\/uploads\/2025\/12\/2150994998-768x432.jpg 768w, https:\/\/cskill.eu\/wp-content\/uploads\/2025\/12\/2150994998-18x10.jpg 18w\" sizes=\"(max-width: 1500px) 100vw, 1500px\" \/>\t\t\t\t\t\t\t\t\t\t\t\t\t\t\t<\/div>\n\t\t\t\t<\/div>\n\t\t\t\t<\/div>\n\t\t<div class=\"elementor-element elementor-element-c9ce4d9 e-con-full e-flex elementor-invisible e-con e-child\" data-id=\"c9ce4d9\" data-element_type=\"container\" data-settings=\"{&quot;animation&quot;:&quot;fadeInRight&quot;}\">\n\t\t\t\t<div class=\"elementor-element elementor-element-b4268d6 elementor-widget elementor-widget-heading\" data-id=\"b4268d6\" data-element_type=\"widget\" data-widget_type=\"heading.default\">\n\t\t\t\t\t<h2 class=\"elementor-heading-title elementor-size-default\">Kako se koristi alatka<\/h2>\t\t\t\t<\/div>\n\t\t\t\t<div class=\"elementor-element elementor-element-5343165 elementor-widget elementor-widget-text-editor\" data-id=\"5343165\" data-element_type=\"widget\" data-widget_type=\"text-editor.default\">\n\t\t\t\t\t\t\t\t\t<p><span style=\"font-weight: 400;\">SWOT PDF mo\u017ee da se popuni samostalno ili uz vo\u0111stvo nastavnika, omladinskog radnika ili savetnika.<\/span><\/p>\t\t\t\t\t\t\t\t<\/div>\n\t\t\t\t<div class=\"elementor-element elementor-element-890e14d elementor-widget elementor-widget-heading\" data-id=\"890e14d\" data-element_type=\"widget\" data-widget_type=\"heading.default\">\n\t\t\t\t\t<h2 class=\"elementor-heading-title elementor-size-default\">Preporu\u010deni koraci:<\/h2>\t\t\t\t<\/div>\n\t\t\t\t<div class=\"elementor-element elementor-element-e061987 elementor-icon-list--layout-traditional elementor-list-item-link-full_width elementor-widget elementor-widget-icon-list\" data-id=\"e061987\" data-element_type=\"widget\" data-widget_type=\"icon-list.default\">\n\t\t\t\t\t\t\t<ul class=\"elementor-icon-list-items\">\n\t\t\t\t\t\t\t<li class=\"elementor-icon-list-item\">\n\t\t\t\t\t\t\t\t\t\t<span class=\"elementor-icon-list-text\">1. Ukratko objasnite svrhu SWOT metode<\/span>\n\t\t\t\t\t\t\t\t\t<\/li>\n\t\t\t\t\t\t\t\t<li class=\"elementor-icon-list-item\">\n\t\t\t\t\t\t\t\t\t\t<span class=\"elementor-icon-list-text\">2. Pozovite mladu osobu da krene od snaga, kako bi se izgradilo samopouzdanje<\/span>\n\t\t\t\t\t\t\t\t\t<\/li>\n\t\t\t\t\t\t\t\t<li class=\"elementor-icon-list-item\">\n\t\t\t\t\t\t\t\t\t\t<span class=\"elementor-icon-list-text\">3. Nastavite sa izazovima, prilikama i mogu\u0107im preprekama<\/span>\n\t\t\t\t\t\t\t\t\t<\/li>\n\t\t\t\t\t\t\t\t<li class=\"elementor-icon-list-item\">\n\t\t\t\t\t\t\t\t\t\t<span class=\"elementor-icon-list-text\">4. Zajedno pregledajte popunjenu SWOT tabelu kako biste uo\u010dili obrasce ili potrebe<\/span>\n\t\t\t\t\t\t\t\t\t<\/li>\n\t\t\t\t\t\t\t\t<li class=\"elementor-icon-list-item\">\n\t\t\t\t\t\t\t\t\t\t<span class=\"elementor-icon-list-text\">5. Iskoristite rezultate za planiranje slede\u0107ih koraka (strategije podr\u0161ke, ciljevi ili karijerne opcije)<\/span>\n\t\t\t\t\t\t\t\t\t<\/li>\n\t\t\t\t\t\t<\/ul>\n\t\t\t\t\t\t<\/div>\n\t\t\t\t<div class=\"elementor-element elementor-element-cf18094 elementor-widget elementor-widget-heading\" data-id=\"cf18094\" data-element_type=\"widget\" data-widget_type=\"heading.default\">\n\t\t\t\t\t<h2 class=\"elementor-heading-title elementor-size-default\">Va\u017eno za profesionalce:<\/h2>\t\t\t\t<\/div>\n\t\t\t\t<div class=\"elementor-element elementor-element-5b506ce elementor-icon-list--layout-traditional elementor-list-item-link-full_width elementor-widget elementor-widget-icon-list\" data-id=\"5b506ce\" data-element_type=\"widget\" data-widget_type=\"icon-list.default\">\n\t\t\t\t\t\t\t<ul class=\"elementor-icon-list-items\">\n\t\t\t\t\t\t\t<li class=\"elementor-icon-list-item\">\n\t\t\t\t\t\t\t\t\t\t\t<span class=\"elementor-icon-list-icon\">\n\t\t\t\t\t\t\t<svg aria-hidden=\"true\" class=\"e-font-icon-svg e-fas-dot-circle\" viewbox=\"0 0 512 512\" xmlns=\"http:\/\/www.w3.org\/2000\/svg\"><path d=\"M256 8C119.033 8 8 119.033 8 256s111.033 248 248 248 248-111.033 248-248S392.967 8 256 8zm80 248c0 44.112-35.888 80-80 80s-80-35.888-80-80 35.888-80 80-80 80 35.888 80 80z\"><\/path><\/svg>\t\t\t\t\t\t<\/span>\n\t\t\t\t\t\t\t\t\t\t<span class=\"elementor-icon-list-text\">obezbedite da se mlada osoba ose\u0107a sigurno i da nema utisak da je procenjuju<\/span>\n\t\t\t\t\t\t\t\t\t<\/li>\n\t\t\t\t\t\t\t\t<li class=\"elementor-icon-list-item\">\n\t\t\t\t\t\t\t\t\t\t\t<span class=\"elementor-icon-list-icon\">\n\t\t\t\t\t\t\t<svg aria-hidden=\"true\" class=\"e-font-icon-svg e-fas-dot-circle\" viewbox=\"0 0 512 512\" xmlns=\"http:\/\/www.w3.org\/2000\/svg\"><path d=\"M256 8C119.033 8 8 119.033 8 256s111.033 248 248 248 248-111.033 248-248S392.967 8 256 8zm80 248c0 44.112-35.888 80-80 80s-80-35.888-80-80 35.888-80 80-80 80 35.888 80 80z\"><\/path><\/svg>\t\t\t\t\t\t<\/span>\n\t\t\t\t\t\t\t\t\t\t<span class=\"elementor-icon-list-text\">naglasite refleksiju zasnovanu na snagama<\/span>\n\t\t\t\t\t\t\t\t\t<\/li>\n\t\t\t\t\t\t\t\t<li class=\"elementor-icon-list-item\">\n\t\t\t\t\t\t\t\t\t\t\t<span class=\"elementor-icon-list-icon\">\n\t\t\t\t\t\t\t<svg aria-hidden=\"true\" class=\"e-font-icon-svg e-fas-dot-circle\" viewbox=\"0 0 512 512\" xmlns=\"http:\/\/www.w3.org\/2000\/svg\"><path d=\"M256 8C119.033 8 8 119.033 8 256s111.033 248 248 248 248-111.033 248-248S392.967 8 256 8zm80 248c0 44.112-35.888 80-80 80s-80-35.888-80-80 35.888-80 80-80 80 35.888 80 80z\"><\/path><\/svg>\t\t\t\t\t\t<\/span>\n\t\t\t\t\t\t\t\t\t\t<span class=\"elementor-icon-list-text\">fokus stavite na osna\u017eivanje, a ne na etiketiranje<\/span>\n\t\t\t\t\t\t\t\t\t<\/li>\n\t\t\t\t\t\t<\/ul>\n\t\t\t\t\t\t<\/div>\n\t\t\t\t<\/div>\n\t\t\t\t\t<\/div>\n\t\t\t\t<\/div>\n\t\t<div class=\"elementor-element elementor-element-e232b9d e-flex e-con-boxed e-con e-parent\" data-id=\"e232b9d\" data-element_type=\"container\" data-settings=\"{&quot;background_background&quot;:&quot;classic&quot;}\">\n\t\t\t\t\t<div class=\"e-con-inner\">\n\t\t<div class=\"elementor-element elementor-element-b0b7ebb e-con-full e-flex elementor-invisible e-con e-child\" data-id=\"b0b7ebb\" data-element_type=\"container\" data-settings=\"{&quot;animation&quot;:&quot;fadeInUp&quot;}\">\n\t\t\t\t<div class=\"elementor-element elementor-element-9ff6299 elementor-widget elementor-widget-heading\" data-id=\"9ff6299\" data-element_type=\"widget\" data-widget_type=\"heading.default\">\n\t\t\t\t\t<h2 class=\"elementor-heading-title elementor-size-default\">Za\u0161to je ova alatka va\u017ena\n<\/h2>\t\t\t\t<\/div>\n\t\t\t\t<div class=\"elementor-element elementor-element-ef14f98 elementor-widget elementor-widget-text-editor\" data-id=\"ef14f98\" data-element_type=\"widget\" data-widget_type=\"text-editor.default\">\n\t\t\t\t\t\t\t\t\t<p><span style=\"font-weight: 400;\">Ova alatka poma\u017ee mladima da steknu jasniju sliku o sebi, vi\u0161e samopouzdanja i ose\u0107aj kontrole nad sopstvenim razvojem, dok samorefleksiju \u010dini pristupa\u010dnijom neurodivergentnim u\u010denicima. Uskla\u0111en je sa misijom projekta SKILL-C da razvija inkluzivne, prakti\u010dne alate koji podr\u017eavaju informisano i pravedno karijerno usmeravanje<\/span><\/p>\t\t\t\t\t\t\t\t<\/div>\n\t\t\t\t<\/div>\n\t\t\t\t\t<\/div>\n\t\t\t\t<\/div>\n\t\t<div class=\"elementor-element elementor-element-097de9d e-flex e-con-boxed e-con e-parent\" data-id=\"097de9d\" data-element_type=\"container\" data-settings=\"{&quot;background_background&quot;:&quot;classic&quot;}\">\n\t\t\t\t\t<div class=\"e-con-inner\">\n\t\t<div class=\"elementor-element elementor-element-5461e77 e-con-full e-flex elementor-invisible e-con e-child\" data-id=\"5461e77\" data-element_type=\"container\" data-settings=\"{&quot;animation&quot;:&quot;fadeInRight&quot;}\">\n\t\t\t\t<div class=\"elementor-element elementor-element-8e8b2d9 elementor-widget elementor-widget-heading\" data-id=\"8e8b2d9\" data-element_type=\"widget\" data-widget_type=\"heading.default\">\n\t\t\t\t\t<h2 class=\"elementor-heading-title elementor-size-default\">Finalni poziv za akciju\n<\/h2>\t\t\t\t<\/div>\n\t\t\t\t<div class=\"elementor-element elementor-element-5e4e030 elementor-widget elementor-widget-text-editor\" data-id=\"5e4e030\" data-element_type=\"widget\" data-widget_type=\"text-editor.default\">\n\t\t\t\t\t\t\t\t\t<p><span style=\"font-weight: 400;\">Preuzmite PDF i pomozite mladima da otkriju svoje snage, razumeju svoje izazove i naprave smislen korak ka budu\u0107nosti. Koristite ga ve\u0107 danas da podstaknete samopouzdanje, jasno\u0107u i razvoj.<\/span><\/p>\t\t\t\t\t\t\t\t<\/div>\n\t\t\t\t<div class=\"elementor-element elementor-element-a0235ee elementor-align-left elementor-widget elementor-widget-button\" data-id=\"a0235ee\" data-element_type=\"widget\" data-widget_type=\"button.default\">\n\t\t\t\t\t\t\t\t\t\t<a class=\"elementor-button elementor-button-link elementor-size-sm\" href=\"https:\/\/www.canva.com\/design\/DAG1p7YyAzc\/McuKMAVizXy6teIB7qguQw\/view?utm_content=DAG1p7YyAzc&amp;utm_campaign=designshare&amp;utm_medium=link2&amp;utm_source=uniquelinks&amp;utlId=h4430c34581\" target=\"_blank\">\n\t\t\t\t\t\t<span class=\"elementor-button-content-wrapper\">\n\t\t\t\t\t\t\t\t\t<span class=\"elementor-button-text\">Preuzmi<\/span>\n\t\t\t\t\t<\/span>\n\t\t\t\t\t<\/a>\n\t\t\t\t\t\t\t\t<\/div>\n\t\t\t\t<\/div>\n\t\t\t\t\t<\/div>\n\t\t\t\t<\/div>\n\t\t\t\t<\/div>","protected":false},"excerpt":{"rendered":"<p>\u0410\u043b\u0430\u0442\u043a\u0430\u0442\u0430 \u201e\u041f\u0440\u0435\u043f\u043e\u0437\u043d\u0430\u0458 \u0433\u0438 \u0441\u0432\u043e\u0438\u0442\u0435 \u043f\u0440\u0435\u0434\u043d\u043e\u0441\u0442\u0438 \u0438 \u043f\u0440\u0435\u0434\u0438\u0437\u0432\u0438\u0446\u0438: SWOT \u0430\u043d\u0430\u043b\u0438\u0437\u0430\u201c \u0435 \u0440\u0430\u0437\u0432\u0438\u0435\u043d\u0430 \u043e\u0434 \u041a\u0440\u0435\u0430\u0442\u0438\u0432\u043d\u0430 \u043a\u0443\u045c\u0430 (\u0421\u0435\u0432\u0435\u0440\u043d\u0430 \u041c\u0430\u043a\u0435\u0434\u043e\u043d\u0438\u0458\u0430) \u0432\u043e \u0440\u0430\u043c\u043a\u0438\u0442\u0435 \u043d\u0430 \u0415\u0440\u0430\u0437\u043c\u0443\u0441+ \u043f\u0440\u043e\u0435\u043a\u0442\u043e\u0442 SkillCompass: Empowering Youth with Learning Differences through Inclusive Career Guidance Tools. \u041f\u0440\u0435\u0433\u043b\u0435\u0434 \u041e\u0432\u0430\u0430 \u0430\u043b\u0430\u0442\u043a\u0430 \u0438\u043c \u0433\u043e \u043f\u0440\u0435\u0442\u0441\u0442\u0430\u0432\u0443\u0432\u0430 \u043d\u0430 \u043c\u043b\u0430\u0434\u0438\u0442\u0435 SWOT \u043c\u043e\u0434\u0435\u043b\u043e\u0442 (\u0441\u0438\u043b\u043d\u0438 \u0441\u0442\u0440\u0430\u043d\u0438, \u0441\u043b\u0430\u0431\u043e\u0441\u0442\u0438, \u043c\u043e\u0436\u043d\u043e\u0441\u0442\u0438, \u0437\u0430\u043a\u0430\u043d\u0438) \u043a\u0430\u043a\u043e \u0435\u0434\u043d\u043e\u0441\u0442\u0430\u0432\u0435\u043d \u0438 \u0432\u0438\u0437\u0443\u0435\u043b\u0435\u043d \u043d\u0430\u0447\u0438\u043d \u0437\u0430 \u0440\u0430\u0437\u043c\u0438\u0441\u043b\u0443\u0432\u0430\u045a\u0435 \u0437\u0430 [&hellip;]<\/p>","protected":false},"author":1,"featured_media":0,"parent":1077,"menu_order":0,"comment_status":"closed","ping_status":"closed","template":"elementor_header_footer","meta":{"_acf_changed":false,"footnotes":""},"class_list":["post-1113","page","type-page","status-publish","hentry"],"acf":[],"_links":{"self":[{"href":"https:\/\/cskill.eu\/sr\/wp-json\/wp\/v2\/pages\/1113","targetHints":{"allow":["GET"]}}],"collection":[{"href":"https:\/\/cskill.eu\/sr\/wp-json\/wp\/v2\/pages"}],"about":[{"href":"https:\/\/cskill.eu\/sr\/wp-json\/wp\/v2\/types\/page"}],"author":[{"embeddable":true,"href":"https:\/\/cskill.eu\/sr\/wp-json\/wp\/v2\/users\/1"}],"replies":[{"embeddable":true,"href":"https:\/\/cskill.eu\/sr\/wp-json\/wp\/v2\/comments?post=1113"}],"version-history":[{"count":13,"href":"https:\/\/cskill.eu\/sr\/wp-json\/wp\/v2\/pages\/1113\/revisions"}],"predecessor-version":[{"id":1129,"href":"https:\/\/cskill.eu\/sr\/wp-json\/wp\/v2\/pages\/1113\/revisions\/1129"}],"up":[{"embeddable":true,"href":"https:\/\/cskill.eu\/sr\/wp-json\/wp\/v2\/pages\/1077"}],"wp:attachment":[{"href":"https:\/\/cskill.eu\/sr\/wp-json\/wp\/v2\/media?parent=1113"}],"curies":[{"name":"wp","href":"https:\/\/api.w.org\/{rel}","templated":true}]}}