{"id":1096,"date":"2025-12-16T11:20:23","date_gmt":"2025-12-16T11:20:23","guid":{"rendered":"https:\/\/cskill.eu\/?page_id=1096"},"modified":"2025-12-16T11:40:05","modified_gmt":"2025-12-16T11:40:05","slug":"vodich-za-edukatori","status":"publish","type":"page","link":"https:\/\/cskill.eu\/sr\/alatki\/swot-analysis-for-career-orientation\/vodich-za-edukatori\/","title":{"rendered":"\u0412\u043e\u0434\u0438\u0447 \u0437\u0430 \u0435\u0434\u0443\u043a\u0430\u0442\u043e\u0440\u0438"},"content":{"rendered":"<div data-elementor-type=\"wp-page\" data-elementor-id=\"1096\" class=\"elementor elementor-1096\" data-elementor-settings=\"{&quot;element_pack_global_tooltip_width&quot;:{&quot;unit&quot;:&quot;px&quot;,&quot;size&quot;:&quot;&quot;,&quot;sizes&quot;:[]},&quot;element_pack_global_tooltip_width_tablet&quot;:{&quot;unit&quot;:&quot;px&quot;,&quot;size&quot;:&quot;&quot;,&quot;sizes&quot;:[]},&quot;element_pack_global_tooltip_width_mobile&quot;:{&quot;unit&quot;:&quot;px&quot;,&quot;size&quot;:&quot;&quot;,&quot;sizes&quot;:[]},&quot;element_pack_global_tooltip_padding&quot;:{&quot;unit&quot;:&quot;px&quot;,&quot;top&quot;:&quot;&quot;,&quot;right&quot;:&quot;&quot;,&quot;bottom&quot;:&quot;&quot;,&quot;left&quot;:&quot;&quot;,&quot;isLinked&quot;:true},&quot;element_pack_global_tooltip_padding_tablet&quot;:{&quot;unit&quot;:&quot;px&quot;,&quot;top&quot;:&quot;&quot;,&quot;right&quot;:&quot;&quot;,&quot;bottom&quot;:&quot;&quot;,&quot;left&quot;:&quot;&quot;,&quot;isLinked&quot;:true},&quot;element_pack_global_tooltip_padding_mobile&quot;:{&quot;unit&quot;:&quot;px&quot;,&quot;top&quot;:&quot;&quot;,&quot;right&quot;:&quot;&quot;,&quot;bottom&quot;:&quot;&quot;,&quot;left&quot;:&quot;&quot;,&quot;isLinked&quot;:true},&quot;element_pack_global_tooltip_border_radius&quot;:{&quot;unit&quot;:&quot;px&quot;,&quot;top&quot;:&quot;&quot;,&quot;right&quot;:&quot;&quot;,&quot;bottom&quot;:&quot;&quot;,&quot;left&quot;:&quot;&quot;,&quot;isLinked&quot;:true},&quot;element_pack_global_tooltip_border_radius_tablet&quot;:{&quot;unit&quot;:&quot;px&quot;,&quot;top&quot;:&quot;&quot;,&quot;right&quot;:&quot;&quot;,&quot;bottom&quot;:&quot;&quot;,&quot;left&quot;:&quot;&quot;,&quot;isLinked&quot;:true},&quot;element_pack_global_tooltip_border_radius_mobile&quot;:{&quot;unit&quot;:&quot;px&quot;,&quot;top&quot;:&quot;&quot;,&quot;right&quot;:&quot;&quot;,&quot;bottom&quot;:&quot;&quot;,&quot;left&quot;:&quot;&quot;,&quot;isLinked&quot;:true}}\" data-elementor-post-type=\"page\">\n\t\t\t\t<div class=\"elementor-element elementor-element-89c373f e-flex e-con-boxed e-con e-parent\" data-id=\"89c373f\" data-element_type=\"container\" data-settings=\"{&quot;background_background&quot;:&quot;classic&quot;}\">\n\t\t\t\t\t<div class=\"e-con-inner\">\n\t\t<div class=\"elementor-element elementor-element-fa26875 e-flex e-con-boxed e-con e-child\" data-id=\"fa26875\" data-element_type=\"container\">\n\t\t\t\t\t<div class=\"e-con-inner\">\n\t\t\t\t<div class=\"elementor-element elementor-element-e3b67d2 elementor-invisible elementor-widget elementor-widget-heading\" data-id=\"e3b67d2\" data-element_type=\"widget\" data-settings=\"{&quot;_animation&quot;:&quot;fadeInUp&quot;,&quot;_animation_delay&quot;:200}\" data-widget_type=\"heading.default\">\n\t\t\t\t\t<h1 class=\"elementor-heading-title elementor-size-default\">\u0412\u043e\u0434\u0438\u0447 \u0437\u0430 \u0435\u0434\u0443\u043a\u0430\u0442\u043e\u0440\u0438<\/h1>\t\t\t\t<\/div>\n\t\t\t\t\t<\/div>\n\t\t\t\t<\/div>\n\t\t\t\t\t<\/div>\n\t\t\t\t<\/div>\n\t\t<div class=\"elementor-element elementor-element-6e095bf e-flex e-con-boxed e-con e-parent\" data-id=\"6e095bf\" data-element_type=\"container\" data-settings=\"{&quot;background_background&quot;:&quot;classic&quot;}\">\n\t\t\t\t\t<div class=\"e-con-inner\">\n\t\t<div class=\"elementor-element elementor-element-50544c9 e-con-full e-flex elementor-invisible e-con e-child\" data-id=\"50544c9\" data-element_type=\"container\" data-settings=\"{&quot;animation&quot;:&quot;fadeInRight&quot;}\">\n\t\t\t\t<div class=\"elementor-element elementor-element-c66d61f elementor-widget elementor-widget-heading\" data-id=\"c66d61f\" data-element_type=\"widget\" data-widget_type=\"heading.default\">\n\t\t\t\t\t<h2 class=\"elementor-heading-title elementor-size-default\">Vodi\u010d za nastavnike: SWOT analiza za karijerno usmeravanje u neurodiverznim u\u010dionicama<\/h2>\t\t\t\t<\/div>\n\t\t\t\t<div class=\"elementor-element elementor-element-14e9b30 elementor-widget elementor-widget-text-editor\" data-id=\"14e9b30\" data-element_type=\"widget\" data-widget_type=\"text-editor.default\">\n\t\t\t\t\t\t\t\t\t<p><span style=\"font-weight: 400;\">SWOT analiza za karijerno usmeravanje u neurodiverznim u\u010dionicama razvijena je u organizaciji Creative House (Severna Makedonija), u okviru Erasmus+ projekta <\/span><i><span style=\"font-weight: 400;\">SkillCompass: Empowering Youth with Learning Differences through Inclusive Career Guidance Tools.<\/span><\/i><\/p>\t\t\t\t\t\t\t\t<\/div>\n\t\t\t\t<div class=\"elementor-element elementor-element-1c1b9d9 elementor-widget elementor-widget-heading\" data-id=\"1c1b9d9\" data-element_type=\"widget\" data-widget_type=\"heading.default\">\n\t\t\t\t\t<h2 class=\"elementor-heading-title elementor-size-default\">Pregled<\/h2>\t\t\t\t<\/div>\n\t\t\t\t<div class=\"elementor-element elementor-element-c1f0939 elementor-widget elementor-widget-text-editor\" data-id=\"c1f0939\" data-element_type=\"widget\" data-widget_type=\"text-editor.default\">\n\t\t\t\t\t\t\t\t\t<p><span style=\"font-weight: 400;\">Ovaj vodi\u010d je prakti\u010dan alat osmi\u0161ljen da pomogne nastavnicima da primene SWOT metodologiju (snage, slabosti, prilike, pretnje) u pru\u017eanju podr\u0161ke neurodiverznim u\u010denicima tokom procesa karijernog usmeravanja. Nastao je kao odgovor na uo\u010deni nedostatak karijernog savetovanja prilago\u0111enog ovoj grupi mladih, nude\u0107i jasnu i pristupa\u010dnu strukturu za mapiranje individualnih sposobnosti i spolja\u0161njih faktora koji uti\u010du na karijerni razvoj neurodiverzne omladine.<\/span><\/p>\t\t\t\t\t\t\t\t<\/div>\n\t\t\t\t<div class=\"elementor-element elementor-element-056f86b elementor-widget elementor-widget-heading\" data-id=\"056f86b\" data-element_type=\"widget\" data-widget_type=\"heading.default\">\n\t\t\t\t\t<h2 class=\"elementor-heading-title elementor-size-default\">Svrha alatke<\/h2>\t\t\t\t<\/div>\n\t\t\t\t<div class=\"elementor-element elementor-element-f682c0f elementor-widget elementor-widget-text-editor\" data-id=\"f682c0f\" data-element_type=\"widget\" data-widget_type=\"text-editor.default\">\n\t\t\t\t\t\t\t\t\t<p><span style=\"font-weight: 400;\">Neurodiverzni u\u010denici se \u010desto te\u0161ko snalaze u tradicionalnim pristupima karijernom usmeravanju, koji ne odra\u017eavaju njihove jedinstvene snage, izazove i potrebe u u\u010denju. Nastavnicima su potrebne metode koje podsti\u010du individualizovano razumevanje, umesto procena \u201ejedan model za sve\u201c.<\/span><\/p><p><span style=\"font-weight: 400;\">Ovaj vodi\u010d popunjava tu prazninu tako \u0161to pru\u017ea jasan i prilagodljiv SWOT okvir, koji poma\u017ee nastavnicima da sagledaju potencijal u\u010denika holisti\u010dki. On obezbe\u0111uje da karijerni razgovori uzmu u obzir i unutra\u0161nje osobine i spolja\u0161nje prilike, \u010dime se podr\u017eava informisanije i inkluzivnije dono\u0161enje odluka.\u00a0<\/span><\/p>\t\t\t\t\t\t\t\t<\/div>\n\t\t\t\t<\/div>\n\t\t\t\t\t<\/div>\n\t\t\t\t<\/div>\n\t\t<div class=\"elementor-element elementor-element-54a49e7 e-flex e-con-boxed e-con e-parent\" data-id=\"54a49e7\" data-element_type=\"container\" data-settings=\"{&quot;background_background&quot;:&quot;classic&quot;}\">\n\t\t\t\t\t<div class=\"e-con-inner\">\n\t\t<div class=\"elementor-element elementor-element-cbde4e7 e-con-full e-flex elementor-invisible e-con e-child\" data-id=\"cbde4e7\" data-element_type=\"container\" data-settings=\"{&quot;animation&quot;:&quot;fadeInLeft&quot;}\">\n\t\t\t\t<div class=\"elementor-element elementor-element-348bc51 elementor-widget elementor-widget-heading\" data-id=\"348bc51\" data-element_type=\"widget\" data-widget_type=\"heading.default\">\n\t\t\t\t\t<h2 class=\"elementor-heading-title elementor-size-default\">Ciljne grupe<\/h2>\t\t\t\t<\/div>\n\t\t\t\t<div class=\"elementor-element elementor-element-e174a63 elementor-widget elementor-widget-text-editor\" data-id=\"e174a63\" data-element_type=\"widget\" data-widget_type=\"text-editor.default\">\n\t\t\t\t\t\t\t\t\t<p><span style=\"font-weight: 400;\">Vodi\u010d je namenjen nastavnicima, \u0161kolskim psiholozima i pedagozima, nastavnicima specijalnog obrazovanja, omladinskim radnicima i drugim stru\u010dnjacima koji podr\u017eavaju mlade u planiranju obrazovne i profesionalne budu\u0107nosti.<\/span><span style=\"font-weight: 400;\"><br \/><\/span><span style=\"font-weight: 400;\">Koristan mo\u017ee biti i roditeljima i starateljima koji \u017eele bolje da razumeju kako da usmere neurodiverzne mlade.<\/span><\/p>\t\t\t\t\t\t\t\t<\/div>\n\t\t\t\t<div class=\"elementor-element elementor-element-db15a94 elementor-widget elementor-widget-heading\" data-id=\"db15a94\" data-element_type=\"widget\" data-widget_type=\"heading.default\">\n\t\t\t\t\t<h2 class=\"elementor-heading-title elementor-size-default\">\u0160ta sadr\u017ei alatka\n<\/h2>\t\t\t\t<\/div>\n\t\t\t\t<div class=\"elementor-element elementor-element-4bebc42 elementor-widget elementor-widget-text-editor\" data-id=\"4bebc42\" data-element_type=\"widget\" data-widget_type=\"text-editor.default\">\n\t\t\t\t\t\t\t\t\t<p><span style=\"font-weight: 400;\">Vodi\u010d uklju\u010duje obja\u0161njenje SWOT modela prilago\u0111enog neurodiverznom kontekstu, uputstvo korak po korak za sprovo\u0111enje SWOT susreta, radne listove prilago\u0111ene u\u010denicima, podsticaje za refleksiju i primere popunjenih SWOT profila.\u00a0<\/span><\/p><p><span style=\"font-weight: 400;\">Zahvaljuju\u0107i pristupa\u010dnoj strukturi, pogodan je za upotrebu u u\u010dionici, na radionicama ili u individualnom radu.<\/span><\/p>\t\t\t\t\t\t\t\t<\/div>\n\t\t\t\t<\/div>\n\t\t<div class=\"elementor-element elementor-element-c4f3f68 e-con-full e-flex elementor-invisible e-con e-child\" data-id=\"c4f3f68\" data-element_type=\"container\" data-settings=\"{&quot;animation&quot;:&quot;fadeInRight&quot;}\">\n\t\t\t\t<div class=\"elementor-element elementor-element-5dcbeab elementor-widget elementor-widget-image\" data-id=\"5dcbeab\" data-element_type=\"widget\" data-widget_type=\"image.default\">\n\t\t\t\t\t\t\t\t\t\t\t\t\t\t\t<img fetchpriority=\"high\" decoding=\"async\" width=\"1000\" height=\"1500\" src=\"https:\/\/cskill.eu\/wp-content\/uploads\/2025\/12\/188832.jpg\" class=\"attachment-full size-full wp-image-963\" alt=\"\" srcset=\"https:\/\/cskill.eu\/wp-content\/uploads\/2025\/12\/188832.jpg 1000w, https:\/\/cskill.eu\/wp-content\/uploads\/2025\/12\/188832-200x300.jpg 200w, https:\/\/cskill.eu\/wp-content\/uploads\/2025\/12\/188832-683x1024.jpg 683w, https:\/\/cskill.eu\/wp-content\/uploads\/2025\/12\/188832-768x1152.jpg 768w, https:\/\/cskill.eu\/wp-content\/uploads\/2025\/12\/188832-8x12.jpg 8w\" sizes=\"(max-width: 1000px) 100vw, 1000px\" \/>\t\t\t\t\t\t\t\t\t\t\t\t\t\t\t<\/div>\n\t\t\t\t<\/div>\n\t\t\t\t\t<\/div>\n\t\t\t\t<\/div>\n\t\t<div class=\"elementor-element elementor-element-038fa2d e-flex e-con-boxed e-con e-parent\" data-id=\"038fa2d\" data-element_type=\"container\" data-settings=\"{&quot;background_background&quot;:&quot;classic&quot;}\">\n\t\t\t\t\t<div class=\"e-con-inner\">\n\t\t<div class=\"elementor-element elementor-element-f0e2d6d e-con-full e-flex e-con e-child\" data-id=\"f0e2d6d\" data-element_type=\"container\">\n\t\t<div class=\"elementor-element elementor-element-e6278e2 e-con-full e-flex elementor-invisible e-con e-child\" data-id=\"e6278e2\" data-element_type=\"container\" data-settings=\"{&quot;animation&quot;:&quot;fadeInLeft&quot;}\">\n\t\t\t\t<div class=\"elementor-element elementor-element-144b540 elementor-widget elementor-widget-image\" data-id=\"144b540\" data-element_type=\"widget\" data-widget_type=\"image.default\">\n\t\t\t\t\t\t\t\t\t\t\t\t\t\t\t<img decoding=\"async\" width=\"1000\" height=\"1500\" src=\"https:\/\/cskill.eu\/wp-content\/uploads\/2025\/12\/29070.jpg\" class=\"attachment-full size-full wp-image-1101\" alt=\"\" srcset=\"https:\/\/cskill.eu\/wp-content\/uploads\/2025\/12\/29070.jpg 1000w, https:\/\/cskill.eu\/wp-content\/uploads\/2025\/12\/29070-200x300.jpg 200w, https:\/\/cskill.eu\/wp-content\/uploads\/2025\/12\/29070-683x1024.jpg 683w, https:\/\/cskill.eu\/wp-content\/uploads\/2025\/12\/29070-768x1152.jpg 768w, https:\/\/cskill.eu\/wp-content\/uploads\/2025\/12\/29070-8x12.jpg 8w\" sizes=\"(max-width: 1000px) 100vw, 1000px\" \/>\t\t\t\t\t\t\t\t\t\t\t\t\t\t\t<\/div>\n\t\t\t\t<\/div>\n\t\t\t\t<\/div>\n\t\t<div class=\"elementor-element elementor-element-a4510aa e-con-full e-flex elementor-invisible e-con e-child\" data-id=\"a4510aa\" data-element_type=\"container\" data-settings=\"{&quot;animation&quot;:&quot;fadeInRight&quot;}\">\n\t\t\t\t<div class=\"elementor-element elementor-element-fbf1ea9 elementor-widget elementor-widget-heading\" data-id=\"fbf1ea9\" data-element_type=\"widget\" data-widget_type=\"heading.default\">\n\t\t\t\t\t<h2 class=\"elementor-heading-title elementor-size-default\">Kako se koristi alatka<\/h2>\t\t\t\t<\/div>\n\t\t\t\t<div class=\"elementor-element elementor-element-6fae026 elementor-widget elementor-widget-text-editor\" data-id=\"6fae026\" data-element_type=\"widget\" data-widget_type=\"text-editor.default\">\n\t\t\t\t\t\t\t\t\t<p><span style=\"font-weight: 400;\">Vodi\u010d se mo\u017ee primeniti individualno ili grupno, tokom savetodavnih susreta, \u010dasova karijernog usmeravanja ili u okviru dodatne individualizovane podr\u0161ke.<\/span><\/p>\t\t\t\t\t\t\t\t<\/div>\n\t\t\t\t<div class=\"elementor-element elementor-element-e4b3a76 elementor-widget elementor-widget-heading\" data-id=\"e4b3a76\" data-element_type=\"widget\" data-widget_type=\"heading.default\">\n\t\t\t\t\t<h2 class=\"elementor-heading-title elementor-size-default\">Preporu\u010deni koraci:<\/h2>\t\t\t\t<\/div>\n\t\t\t\t<div class=\"elementor-element elementor-element-5990ab0 elementor-icon-list--layout-traditional elementor-list-item-link-full_width elementor-widget elementor-widget-icon-list\" data-id=\"5990ab0\" data-element_type=\"widget\" data-widget_type=\"icon-list.default\">\n\t\t\t\t\t\t\t<ul class=\"elementor-icon-list-items\">\n\t\t\t\t\t\t\t<li class=\"elementor-icon-list-item\">\n\t\t\t\t\t\t\t\t\t\t<span class=\"elementor-icon-list-text\">1. Predstavite SWOT okvir uz jednostavna obja\u0161njenja iz vodi\u010da.<\/span>\n\t\t\t\t\t\t\t\t\t<\/li>\n\t\t\t\t\t\t\t\t<li class=\"elementor-icon-list-item\">\n\t\t\t\t\t\t\t\t\t\t<span class=\"elementor-icon-list-text\">2. Zajedno identifikujte u\u010denikove snage i izazove.<\/span>\n\t\t\t\t\t\t\t\t\t<\/li>\n\t\t\t\t\t\t\t\t<li class=\"elementor-icon-list-item\">\n\t\t\t\t\t\t\t\t\t\t<span class=\"elementor-icon-list-text\">3. Mapirajte prilike i potencijalne prepreke u njegovom\/njenom okru\u017eenju.<\/span>\n\t\t\t\t\t\t\t\t\t<\/li>\n\t\t\t\t\t\t\t\t<li class=\"elementor-icon-list-item\">\n\t\t\t\t\t\t\t\t\t\t<span class=\"elementor-icon-list-text\">4. Koristite radne listove da izgradite kompletan SWOT profil.<\/span>\n\t\t\t\t\t\t\t\t\t<\/li>\n\t\t\t\t\t\t\t\t<li class=\"elementor-icon-list-item\">\n\t\t\t\t\t\t\t\t\t\t<span class=\"elementor-icon-list-text\">5. Razgovarajte o mogu\u0107im karijernim pravcima ili slede\u0107im koracima na osnovu rezultata.<\/span>\n\t\t\t\t\t\t\t\t\t<\/li>\n\t\t\t\t\t\t<\/ul>\n\t\t\t\t\t\t<\/div>\n\t\t\t\t<div class=\"elementor-element elementor-element-a938d4a elementor-widget elementor-widget-heading\" data-id=\"a938d4a\" data-element_type=\"widget\" data-widget_type=\"heading.default\">\n\t\t\t\t\t<h2 class=\"elementor-heading-title elementor-size-default\">Va\u017eno za profesionalce:<\/h2>\t\t\t\t<\/div>\n\t\t\t\t<div class=\"elementor-element elementor-element-efb9bab elementor-icon-list--layout-traditional elementor-list-item-link-full_width elementor-widget elementor-widget-icon-list\" data-id=\"efb9bab\" data-element_type=\"widget\" data-widget_type=\"icon-list.default\">\n\t\t\t\t\t\t\t<ul class=\"elementor-icon-list-items\">\n\t\t\t\t\t\t\t<li class=\"elementor-icon-list-item\">\n\t\t\t\t\t\t\t\t\t\t\t<span class=\"elementor-icon-list-icon\">\n\t\t\t\t\t\t\t<svg aria-hidden=\"true\" class=\"e-font-icon-svg e-fas-dot-circle\" viewbox=\"0 0 512 512\" xmlns=\"http:\/\/www.w3.org\/2000\/svg\"><path d=\"M256 8C119.033 8 8 119.033 8 256s111.033 248 248 248 248-111.033 248-248S392.967 8 256 8zm80 248c0 44.112-35.888 80-80 80s-80-35.888-80-80 35.888-80 80-80 80 35.888 80 80z\"><\/path><\/svg>\t\t\t\t\t\t<\/span>\n\t\t\t\t\t\t\t\t\t\t<span class=\"elementor-icon-list-text\">obezbedite podr\u017eavaju\u0107e okru\u017eenje zasnovano na snagama<\/span>\n\t\t\t\t\t\t\t\t\t<\/li>\n\t\t\t\t\t\t\t\t<li class=\"elementor-icon-list-item\">\n\t\t\t\t\t\t\t\t\t\t\t<span class=\"elementor-icon-list-icon\">\n\t\t\t\t\t\t\t<svg aria-hidden=\"true\" class=\"e-font-icon-svg e-fas-dot-circle\" viewbox=\"0 0 512 512\" xmlns=\"http:\/\/www.w3.org\/2000\/svg\"><path d=\"M256 8C119.033 8 8 119.033 8 256s111.033 248 248 248 248-111.033 248-248S392.967 8 256 8zm80 248c0 44.112-35.888 80-80 80s-80-35.888-80-80 35.888-80 80-80 80 35.888 80 80z\"><\/path><\/svg>\t\t\t\t\t\t<\/span>\n\t\t\t\t\t\t\t\t\t\t<span class=\"elementor-icon-list-text\">podsti\u010dite u\u010de\u0161\u0107e u\u010denika i samorefleksiju<\/span>\n\t\t\t\t\t\t\t\t\t<\/li>\n\t\t\t\t\t\t\t\t<li class=\"elementor-icon-list-item\">\n\t\t\t\t\t\t\t\t\t\t\t<span class=\"elementor-icon-list-icon\">\n\t\t\t\t\t\t\t<svg aria-hidden=\"true\" class=\"e-font-icon-svg e-fas-dot-circle\" viewbox=\"0 0 512 512\" xmlns=\"http:\/\/www.w3.org\/2000\/svg\"><path d=\"M256 8C119.033 8 8 119.033 8 256s111.033 248 248 248 248-111.033 248-248S392.967 8 256 8zm80 248c0 44.112-35.888 80-80 80s-80-35.888-80-80 35.888-80 80-80 80 35.888 80 80z\"><\/path><\/svg>\t\t\t\t\t\t<\/span>\n\t\t\t\t\t\t\t\t\t\t<span class=\"elementor-icon-list-text\">izbegavajte etiketiranje<\/span>\n\t\t\t\t\t\t\t\t\t<\/li>\n\t\t\t\t\t\t\t\t<li class=\"elementor-icon-list-item\">\n\t\t\t\t\t\t\t\t\t\t\t<span class=\"elementor-icon-list-icon\">\n\t\t\t\t\t\t\t<svg aria-hidden=\"true\" class=\"e-font-icon-svg e-fas-dot-circle\" viewbox=\"0 0 512 512\" xmlns=\"http:\/\/www.w3.org\/2000\/svg\"><path d=\"M256 8C119.033 8 8 119.033 8 256s111.033 248 248 248 248-111.033 248-248S392.967 8 256 8zm80 248c0 44.112-35.888 80-80 80s-80-35.888-80-80 35.888-80 80-80 80 35.888 80 80z\"><\/path><\/svg>\t\t\t\t\t\t<\/span>\n\t\t\t\t\t\t\t\t\t\t<span class=\"elementor-icon-list-text\">prilagodite tempo i na\u010din komunikacije individualnim potrebama<\/span>\n\t\t\t\t\t\t\t\t\t<\/li>\n\t\t\t\t\t\t<\/ul>\n\t\t\t\t\t\t<\/div>\n\t\t\t\t<\/div>\n\t\t\t\t\t<\/div>\n\t\t\t\t<\/div>\n\t\t<div class=\"elementor-element elementor-element-a74bb61 e-flex e-con-boxed e-con e-parent\" data-id=\"a74bb61\" data-element_type=\"container\" data-settings=\"{&quot;background_background&quot;:&quot;classic&quot;}\">\n\t\t\t\t\t<div class=\"e-con-inner\">\n\t\t<div class=\"elementor-element elementor-element-2194bb6 e-con-full e-flex elementor-invisible e-con e-child\" data-id=\"2194bb6\" data-element_type=\"container\" data-settings=\"{&quot;animation&quot;:&quot;fadeInUp&quot;}\">\n\t\t\t\t<div class=\"elementor-element elementor-element-a1d4ca4 elementor-widget elementor-widget-heading\" data-id=\"a1d4ca4\" data-element_type=\"widget\" data-widget_type=\"heading.default\">\n\t\t\t\t\t<h2 class=\"elementor-heading-title elementor-size-default\">Za\u0161to je ova alatka va\u017ena\n<\/h2>\t\t\t\t<\/div>\n\t\t\t\t<div class=\"elementor-element elementor-element-152f652 elementor-widget elementor-widget-text-editor\" data-id=\"152f652\" data-element_type=\"widget\" data-widget_type=\"text-editor.default\">\n\t\t\t\t\t\t\t\t\t<p><span style=\"font-weight: 400;\">Vodi\u010d unapre\u0111uje inkluziju tako \u0161to karijerno usmeravanje \u010dini pristupa\u010dnijim, personalizovanijim i podr\u017eavaju\u0107im za neurodiverzne u\u010denike. On direktno doprinosi misiji projekta SKILL-C da razvija pravedne alate za karijerno usmeravanje, koji osna\u017euju sve mlade da prepoznaju i ostvare svoj potencijal.<\/span><\/p>\t\t\t\t\t\t\t\t<\/div>\n\t\t\t\t<\/div>\n\t\t\t\t\t<\/div>\n\t\t\t\t<\/div>\n\t\t<div class=\"elementor-element elementor-element-daf8c76 e-flex e-con-boxed e-con e-parent\" data-id=\"daf8c76\" data-element_type=\"container\" data-settings=\"{&quot;background_background&quot;:&quot;classic&quot;}\">\n\t\t\t\t\t<div class=\"e-con-inner\">\n\t\t<div class=\"elementor-element elementor-element-f26ba31 e-con-full e-flex elementor-invisible e-con e-child\" data-id=\"f26ba31\" data-element_type=\"container\" data-settings=\"{&quot;animation&quot;:&quot;fadeInRight&quot;}\">\n\t\t\t\t<div class=\"elementor-element elementor-element-647d209 elementor-widget elementor-widget-heading\" data-id=\"647d209\" data-element_type=\"widget\" data-widget_type=\"heading.default\">\n\t\t\t\t\t<h2 class=\"elementor-heading-title elementor-size-default\">Finalni poziv za akciju\n<\/h2>\t\t\t\t<\/div>\n\t\t\t\t<div class=\"elementor-element elementor-element-29fa597 elementor-widget elementor-widget-text-editor\" data-id=\"29fa597\" data-element_type=\"widget\" data-widget_type=\"text-editor.default\">\n\t\t\t\t\t\t\t\t\t<p><span style=\"font-weight: 400;\">Preuzmite vodi\u010d i po\u010dnite da koristite SWOT metodu kako biste zajedno sa u\u010denicima gradili inkluzivnije i smislenije karijerne puteve. Osna\u017eite neurodiverzne u\u010denike da bolje razumeju sebe i sa samopouzdanjem zamisle svoju budu\u0107nost.<\/span><\/p>\t\t\t\t\t\t\t\t<\/div>\n\t\t\t\t<div class=\"elementor-element elementor-element-fa04bbb elementor-align-left elementor-widget elementor-widget-button\" data-id=\"fa04bbb\" data-element_type=\"widget\" data-widget_type=\"button.default\">\n\t\t\t\t\t\t\t\t\t\t<a class=\"elementor-button elementor-button-link elementor-size-sm\" href=\"https:\/\/www.canva.com\/design\/DAG1p7k3Qyw\/4Q9oz9r136XwwA3g31IvzA\/view?utm_content=DAG1p7k3Qyw&amp;utm_campaign=designshare&amp;utm_medium=link2&amp;utm_source=uniquelinks&amp;utlId=h5fd8caced4\" target=\"_blank\">\n\t\t\t\t\t\t<span class=\"elementor-button-content-wrapper\">\n\t\t\t\t\t\t\t\t\t<span class=\"elementor-button-text\">Preuzmi<\/span>\n\t\t\t\t\t<\/span>\n\t\t\t\t\t<\/a>\n\t\t\t\t\t\t\t\t<\/div>\n\t\t\t\t<\/div>\n\t\t\t\t\t<\/div>\n\t\t\t\t<\/div>\n\t\t\t\t<\/div>","protected":false},"excerpt":{"rendered":"<p>\u0412\u043e\u0434\u0438\u0447 \u0437\u0430 \u0435\u0434\u0443\u043a\u0430\u0442\u043e\u0440\u0438: SWOT \u0430\u043d\u0430\u043b\u0438\u0437\u0430 \u0437\u0430 \u043a\u0430\u0440\u0438\u0435\u0440\u043d\u0430 \u043e\u0440\u0438\u0435\u043d\u0442\u0430\u0446\u0438\u0458\u0430 \u0432\u043e \u043d\u0435\u0432\u0440\u043e\u0440\u0430\u0437\u043d\u043e\u0432\u0438\u0434\u043d\u0438 \u0443\u0447\u0438\u043b\u043d\u0438\u0446\u0438 \u201e\u0412\u043e\u0434\u0438\u0447 \u0437\u0430 \u0435\u0434\u0443\u043a\u0430\u0442\u043e\u0440\u0438: SWOT \u0430\u043d\u0430\u043b\u0438\u0437\u0430 \u0437\u0430 \u043a\u0430\u0440\u0438\u0435\u0440\u043d\u0430 \u043e\u0440\u0438\u0435\u043d\u0442\u0430\u0446\u0438\u0458\u0430 \u0432\u043e \u043d\u0435\u0432\u0440\u043e\u0440\u0430\u0437\u043d\u043e\u0432\u0438\u0434\u043d\u0438 \u0443\u0447\u0438\u043b\u043d\u0438\u0446\u0438\u201c \u0435 \u0430\u043b\u0430\u0442\u043a\u0430 \u0440\u0430\u0437\u0432\u0438\u0435\u043d\u0430 \u043e\u0434 \u041a\u0440\u0435\u0430\u0442\u0438\u0432\u043d\u0430 \u043a\u0443\u045c\u0430 (\u0421\u0435\u0432\u0435\u0440\u043d\u0430 \u041c\u0430\u043a\u0435\u0434\u043e\u043d\u0438\u0458\u0430) \u0432\u043e \u0440\u0430\u043c\u043a\u0438\u0442\u0435 \u043d\u0430 \u0415\u0440\u0430\u0437\u043c\u0443\u0441+ \u043f\u0440\u043e\u0435\u043a\u0442\u043e\u0442 SkillCompass: Empowering Youth with Learning Differences through Inclusive Career Guidance Tools. \u041f\u0440\u0435\u0433\u043b\u0435\u0434 \u041e\u0432\u043e\u0458 \u0432\u043e\u0434\u0438\u0447 \u0435 \u043f\u0440\u0430\u043a\u0442\u0438\u0447\u043d\u0430 \u0430\u043b\u0430\u0442\u043a\u0430 \u043d\u0430\u043c\u0435\u043d\u0435\u0442\u0430 \u0434\u0430 \u0438\u043c [&hellip;]<\/p>","protected":false},"author":1,"featured_media":0,"parent":1077,"menu_order":0,"comment_status":"closed","ping_status":"closed","template":"elementor_header_footer","meta":{"_acf_changed":false,"footnotes":""},"class_list":["post-1096","page","type-page","status-publish","hentry"],"acf":[],"_links":{"self":[{"href":"https:\/\/cskill.eu\/sr\/wp-json\/wp\/v2\/pages\/1096","targetHints":{"allow":["GET"]}}],"collection":[{"href":"https:\/\/cskill.eu\/sr\/wp-json\/wp\/v2\/pages"}],"about":[{"href":"https:\/\/cskill.eu\/sr\/wp-json\/wp\/v2\/types\/page"}],"author":[{"embeddable":true,"href":"https:\/\/cskill.eu\/sr\/wp-json\/wp\/v2\/users\/1"}],"replies":[{"embeddable":true,"href":"https:\/\/cskill.eu\/sr\/wp-json\/wp\/v2\/comments?post=1096"}],"version-history":[{"count":10,"href":"https:\/\/cskill.eu\/sr\/wp-json\/wp\/v2\/pages\/1096\/revisions"}],"predecessor-version":[{"id":1109,"href":"https:\/\/cskill.eu\/sr\/wp-json\/wp\/v2\/pages\/1096\/revisions\/1109"}],"up":[{"embeddable":true,"href":"https:\/\/cskill.eu\/sr\/wp-json\/wp\/v2\/pages\/1077"}],"wp:attachment":[{"href":"https:\/\/cskill.eu\/sr\/wp-json\/wp\/v2\/media?parent=1096"}],"curies":[{"name":"wp","href":"https:\/\/api.w.org\/{rel}","templated":true}]}}