{"id":1009,"date":"2025-12-16T09:47:34","date_gmt":"2025-12-16T09:47:34","guid":{"rendered":"https:\/\/cskill.eu\/?page_id=1009"},"modified":"2026-01-29T19:48:28","modified_gmt":"2026-01-29T19:48:28","slug":"what-is-video-series","status":"publish","type":"page","link":"https:\/\/cskill.eu\/sr\/alatki\/what-is-video-series\/","title":{"rendered":"Video-serijal: \u201e\u0160ta je\u2026?\u201d"},"content":{"rendered":"<div data-elementor-type=\"wp-page\" data-elementor-id=\"1009\" class=\"elementor elementor-1009\" data-elementor-settings=\"{&quot;element_pack_global_tooltip_width&quot;:{&quot;unit&quot;:&quot;px&quot;,&quot;size&quot;:&quot;&quot;,&quot;sizes&quot;:[]},&quot;element_pack_global_tooltip_width_tablet&quot;:{&quot;unit&quot;:&quot;px&quot;,&quot;size&quot;:&quot;&quot;,&quot;sizes&quot;:[]},&quot;element_pack_global_tooltip_width_mobile&quot;:{&quot;unit&quot;:&quot;px&quot;,&quot;size&quot;:&quot;&quot;,&quot;sizes&quot;:[]},&quot;element_pack_global_tooltip_padding&quot;:{&quot;unit&quot;:&quot;px&quot;,&quot;top&quot;:&quot;&quot;,&quot;right&quot;:&quot;&quot;,&quot;bottom&quot;:&quot;&quot;,&quot;left&quot;:&quot;&quot;,&quot;isLinked&quot;:true},&quot;element_pack_global_tooltip_padding_tablet&quot;:{&quot;unit&quot;:&quot;px&quot;,&quot;top&quot;:&quot;&quot;,&quot;right&quot;:&quot;&quot;,&quot;bottom&quot;:&quot;&quot;,&quot;left&quot;:&quot;&quot;,&quot;isLinked&quot;:true},&quot;element_pack_global_tooltip_padding_mobile&quot;:{&quot;unit&quot;:&quot;px&quot;,&quot;top&quot;:&quot;&quot;,&quot;right&quot;:&quot;&quot;,&quot;bottom&quot;:&quot;&quot;,&quot;left&quot;:&quot;&quot;,&quot;isLinked&quot;:true},&quot;element_pack_global_tooltip_border_radius&quot;:{&quot;unit&quot;:&quot;px&quot;,&quot;top&quot;:&quot;&quot;,&quot;right&quot;:&quot;&quot;,&quot;bottom&quot;:&quot;&quot;,&quot;left&quot;:&quot;&quot;,&quot;isLinked&quot;:true},&quot;element_pack_global_tooltip_border_radius_tablet&quot;:{&quot;unit&quot;:&quot;px&quot;,&quot;top&quot;:&quot;&quot;,&quot;right&quot;:&quot;&quot;,&quot;bottom&quot;:&quot;&quot;,&quot;left&quot;:&quot;&quot;,&quot;isLinked&quot;:true},&quot;element_pack_global_tooltip_border_radius_mobile&quot;:{&quot;unit&quot;:&quot;px&quot;,&quot;top&quot;:&quot;&quot;,&quot;right&quot;:&quot;&quot;,&quot;bottom&quot;:&quot;&quot;,&quot;left&quot;:&quot;&quot;,&quot;isLinked&quot;:true}}\" data-elementor-post-type=\"page\">\n\t\t\t\t<div class=\"elementor-element elementor-element-4a03fab e-flex e-con-boxed e-con e-parent\" data-id=\"4a03fab\" data-element_type=\"container\" data-settings=\"{&quot;background_background&quot;:&quot;classic&quot;}\">\n\t\t\t\t\t<div class=\"e-con-inner\">\n\t\t<div class=\"elementor-element elementor-element-a98b155 e-flex e-con-boxed e-con e-child\" data-id=\"a98b155\" data-element_type=\"container\">\n\t\t\t\t\t<div class=\"e-con-inner\">\n\t\t\t\t<div class=\"elementor-element elementor-element-c9cbb45 elementor-invisible elementor-widget elementor-widget-heading\" data-id=\"c9cbb45\" data-element_type=\"widget\" data-settings=\"{&quot;_animation&quot;:&quot;fadeInUp&quot;,&quot;_animation_delay&quot;:200}\" data-widget_type=\"heading.default\">\n\t\t\t\t\t<h1 class=\"elementor-heading-title elementor-size-default\">Video-serijal: \u201e\u0160ta je\u2026?\u201d<\/h1>\t\t\t\t<\/div>\n\t\t\t\t\t<\/div>\n\t\t\t\t<\/div>\n\t\t\t\t\t<\/div>\n\t\t\t\t<\/div>\n\t\t<div class=\"elementor-element elementor-element-c9ddd7a e-flex e-con-boxed e-con e-parent\" data-id=\"c9ddd7a\" data-element_type=\"container\" data-settings=\"{&quot;background_background&quot;:&quot;classic&quot;}\">\n\t\t\t\t\t<div class=\"e-con-inner\">\n\t\t<div class=\"elementor-element elementor-element-8bc14f4 e-con-full e-flex elementor-invisible e-con e-child\" data-id=\"8bc14f4\" data-element_type=\"container\" data-settings=\"{&quot;animation&quot;:&quot;fadeInLeft&quot;}\">\n\t\t\t\t<\/div>\n\t\t<div class=\"elementor-element elementor-element-7d84027 e-con-full e-flex elementor-invisible e-con e-child\" data-id=\"7d84027\" data-element_type=\"container\" data-settings=\"{&quot;animation&quot;:&quot;fadeInLeft&quot;}\">\n\t\t\t\t<div class=\"elementor-element elementor-element-86228ee elementor-widget elementor-widget-image\" data-id=\"86228ee\" data-element_type=\"widget\" data-widget_type=\"image.default\">\n\t\t\t\t\t\t\t\t\t\t\t\t\t\t\t<img fetchpriority=\"high\" decoding=\"async\" width=\"1920\" height=\"1080\" src=\"https:\/\/cskill.eu\/wp-content\/uploads\/2026\/02\/SRB-2-.png\" class=\"attachment-full size-full wp-image-1014\" alt=\"\" srcset=\"https:\/\/cskill.eu\/wp-content\/uploads\/2026\/02\/SRB-2-.png 1920w, https:\/\/cskill.eu\/wp-content\/uploads\/2026\/02\/SRB-2--300x169.png 300w, https:\/\/cskill.eu\/wp-content\/uploads\/2026\/02\/SRB-2--1024x576.png 1024w, https:\/\/cskill.eu\/wp-content\/uploads\/2026\/02\/SRB-2--768x432.png 768w, https:\/\/cskill.eu\/wp-content\/uploads\/2026\/02\/SRB-2--1536x864.png 1536w, https:\/\/cskill.eu\/wp-content\/uploads\/2026\/02\/SRB-2--18x10.png 18w\" sizes=\"(max-width: 1920px) 100vw, 1920px\" \/>\t\t\t\t\t\t\t\t\t\t\t\t\t\t\t<\/div>\n\t\t\t\t<\/div>\n\t\t<div class=\"elementor-element elementor-element-ad0938a e-con-full e-flex elementor-invisible e-con e-child\" data-id=\"ad0938a\" data-element_type=\"container\" data-settings=\"{&quot;animation&quot;:&quot;fadeInLeft&quot;}\">\n\t\t\t\t<\/div>\n\t\t\t\t\t<\/div>\n\t\t\t\t<\/div>\n\t\t<div class=\"elementor-element elementor-element-6f1aff1 e-flex e-con-boxed e-con e-parent\" data-id=\"6f1aff1\" data-element_type=\"container\" data-settings=\"{&quot;background_background&quot;:&quot;classic&quot;}\">\n\t\t\t\t\t<div class=\"e-con-inner\">\n\t\t<div class=\"elementor-element elementor-element-fa2c155 e-con-full e-flex elementor-invisible e-con e-child\" data-id=\"fa2c155\" data-element_type=\"container\" data-settings=\"{&quot;animation&quot;:&quot;fadeInRight&quot;}\">\n\t\t\t\t<div class=\"elementor-element elementor-element-410953a elementor-widget elementor-widget-heading\" data-id=\"410953a\" data-element_type=\"widget\" data-widget_type=\"heading.default\">\n\t\t\t\t\t<h2 class=\"elementor-heading-title elementor-size-default\">Video-serijal: \u201e\u0160ta je\u2026?\u201d<\/h2>\t\t\t\t<\/div>\n\t\t\t\t<div class=\"elementor-element elementor-element-fd3a408 elementor-widget elementor-widget-text-editor\" data-id=\"fd3a408\" data-element_type=\"widget\" data-widget_type=\"text-editor.default\">\n\t\t\t\t\t\t\t\t\t<p><span style=\"font-weight: 400;\">Alat Video-serijal: \u201e\u0160ta je\u2026?\u201d razvila je organizacija Mission: Reconnect (\u010ce\u0161ka) u okviru Erasmus+ projekta SkillCompass: Osna\u017eivanje mladih sa razlikama u u\u010denju kroz inkluzivne alate za karijerno usmeravanje.<\/span><\/p>\t\t\t\t\t\t\t\t<\/div>\n\t\t\t\t<div class=\"elementor-element elementor-element-ab51303 elementor-widget elementor-widget-text-editor\" data-id=\"ab51303\" data-element_type=\"widget\" data-widget_type=\"text-editor.default\">\n\t\t\t\t\t\t\t\t\t<p><span style=\"font-weight: 400;\">Svrha alata \u201e\u0160ta je\u2026?\u201d jeste da na jasan i pristupa\u010dan na\u010din objasni slede\u0107e te\u0161ko\u0107e u u\u010denju: ADHD, disleksiju, disgrafiju, diskalkuliju i dispraksiju. Cilj je da se pove\u0107a svest javnosti i razbiju negativni stereotipi i predrasude sa kojima se osobe sa te\u0161ko\u0107ama u u\u010denju i dalje mogu suo\u010davati.<\/span><\/p>\t\t\t\t\t\t\t\t<\/div>\n\t\t\t\t<div class=\"elementor-element elementor-element-3aac6d0 elementor-widget elementor-widget-heading\" data-id=\"3aac6d0\" data-element_type=\"widget\" data-widget_type=\"heading.default\">\n\t\t\t\t\t<h2 class=\"elementor-heading-title elementor-size-default\">Svrha alatke<\/h2>\t\t\t\t<\/div>\n\t\t\t\t<div class=\"elementor-element elementor-element-5a77693 elementor-widget elementor-widget-text-editor\" data-id=\"5a77693\" data-element_type=\"widget\" data-widget_type=\"text-editor.default\">\n\t\t\t\t\t\t\t\t\t<p><span style=\"font-weight: 400;\">Iako su termini poput ADHD-a, disleksije i diskalkulije \u0448\u0438\u0440\u043e\u043a\u043e rasprostranjeni, i dalje postoji manjak razumevanja \u0161ta oni zaista zna\u010de. \u0160tavi\u0161e, osobe sa ADHD-om, disleksijom ili disgrafijom \u010desto dobijaju negativne etikete upravo zato \u0161to okolina ne razume \u0161ta zna\u010di imati ADHD, disleksiju, dispraksiju, diskalkuliju ili disgrafiju.<\/span><\/p>\t\t\t\t\t\t\t\t<\/div>\n\t\t\t\t<div class=\"elementor-element elementor-element-d2884d6 elementor-widget elementor-widget-text-editor\" data-id=\"d2884d6\" data-element_type=\"widget\" data-widget_type=\"text-editor.default\">\n\t\t\t\t\t\t\t\t\t<p><span style=\"font-weight: 400;\">Glavna svrha ovog alata je da ove pojmove objasni razumljivim jezikom i da podeli iskustva osoba koje imaju ADHD, disleksiju, dispraksiju, diskalkuliju ili disgrafiju. To poma\u017ee omladinskim radnicima, nastavnicima, karijernim savetnicima, roditeljima i prijateljima da bolje razumeju kako to mo\u017ee da izgleda u svakodnevici i na koji na\u010din mogu da pru\u017ee podr\u0161ku neurodivergentnim osobama.<\/span><\/p>\t\t\t\t\t\t\t\t<\/div>\n\t\t\t\t<\/div>\n\t\t\t\t\t<\/div>\n\t\t\t\t<\/div>\n\t\t<div class=\"elementor-element elementor-element-412e9c7 e-flex e-con-boxed e-con e-parent\" data-id=\"412e9c7\" data-element_type=\"container\" data-settings=\"{&quot;background_background&quot;:&quot;classic&quot;}\">\n\t\t\t\t\t<div class=\"e-con-inner\">\n\t\t<div class=\"elementor-element elementor-element-d82a0d9 e-con-full e-flex elementor-invisible e-con e-child\" data-id=\"d82a0d9\" data-element_type=\"container\" data-settings=\"{&quot;animation&quot;:&quot;fadeInLeft&quot;}\">\n\t\t\t\t<div class=\"elementor-element elementor-element-d411fc9 elementor-widget elementor-widget-heading\" data-id=\"d411fc9\" data-element_type=\"widget\" data-widget_type=\"heading.default\">\n\t\t\t\t\t<h2 class=\"elementor-heading-title elementor-size-default\">Kako se koristi?<\/h2>\t\t\t\t<\/div>\n\t\t\t\t<div class=\"elementor-element elementor-element-1b96882 elementor-widget elementor-widget-text-editor\" data-id=\"1b96882\" data-element_type=\"widget\" data-widget_type=\"text-editor.default\">\n\t\t\t\t\t\t\t\t\t<p><span style=\"font-weight: 400;\">Alat se sastoji od serije od pet video-snimaka koji obja\u0161njavaju ADHD, disleksiju, dispraksiju, diskalkuliju i disgrafiju.<\/span><\/p>\t\t\t\t\t\t\t\t<\/div>\n\t\t\t\t<div class=\"elementor-element elementor-element-a3222aa elementor-widget elementor-widget-text-editor\" data-id=\"a3222aa\" data-element_type=\"widget\" data-widget_type=\"text-editor.default\">\n\t\t\t\t\t\t\t\t\t<p><span style=\"font-weight: 400;\">Korisnici mogu da:<\/span><\/p>\t\t\t\t\t\t\t\t<\/div>\n\t\t\t\t<div class=\"elementor-element elementor-element-96c280b elementor-icon-list--layout-traditional elementor-list-item-link-full_width elementor-widget elementor-widget-icon-list\" data-id=\"96c280b\" data-element_type=\"widget\" data-widget_type=\"icon-list.default\">\n\t\t\t\t\t\t\t<ul class=\"elementor-icon-list-items\">\n\t\t\t\t\t\t\t<li class=\"elementor-icon-list-item\">\n\t\t\t\t\t\t\t\t\t\t\t<span class=\"elementor-icon-list-icon\">\n\t\t\t\t\t\t\t<svg aria-hidden=\"true\" class=\"e-font-icon-svg e-fas-dot-circle\" viewbox=\"0 0 512 512\" xmlns=\"http:\/\/www.w3.org\/2000\/svg\"><path d=\"M256 8C119.033 8 8 119.033 8 256s111.033 248 248 248 248-111.033 248-248S392.967 8 256 8zm80 248c0 44.112-35.888 80-80 80s-80-35.888-80-80 35.888-80 80-80 80 35.888 80 80z\"><\/path><\/svg>\t\t\t\t\t\t<\/span>\n\t\t\t\t\t\t\t\t\t\t<span class=\"elementor-icon-list-text\">gledaju video-snimke kako bi pove\u0107ali sopstveno razumevanje, kao roditelji, prijatelji, nastavnici, karijerni savetnici ili omladinski radnici;<\/span>\n\t\t\t\t\t\t\t\t\t<\/li>\n\t\t\t\t\t\t\t\t<li class=\"elementor-icon-list-item\">\n\t\t\t\t\t\t\t\t\t\t\t<span class=\"elementor-icon-list-icon\">\n\t\t\t\t\t\t\t<svg aria-hidden=\"true\" class=\"e-font-icon-svg e-fas-dot-circle\" viewbox=\"0 0 512 512\" xmlns=\"http:\/\/www.w3.org\/2000\/svg\"><path d=\"M256 8C119.033 8 8 119.033 8 256s111.033 248 248 248 248-111.033 248-248S392.967 8 256 8zm80 248c0 44.112-35.888 80-80 80s-80-35.888-80-80 35.888-80 80-80 80 35.888 80 80z\"><\/path><\/svg>\t\t\t\t\t\t<\/span>\n\t\t\t\t\t\t\t\t\t\t<span class=\"elementor-icon-list-text\">koriste video-snimke kao edukativni alat u radu sa mladima, sa ciljem podizanja svesti i razbijanja negativnih stereotipa i predrasuda<\/span>\n\t\t\t\t\t\t\t\t\t<\/li>\n\t\t\t\t\t\t\t\t<li class=\"elementor-icon-list-item\">\n\t\t\t\t\t\t\t\t\t\t\t<span class=\"elementor-icon-list-icon\">\n\t\t\t\t\t\t\t<svg aria-hidden=\"true\" class=\"e-font-icon-svg e-fas-dot-circle\" viewbox=\"0 0 512 512\" xmlns=\"http:\/\/www.w3.org\/2000\/svg\"><path d=\"M256 8C119.033 8 8 119.033 8 256s111.033 248 248 248 248-111.033 248-248S392.967 8 256 8zm80 248c0 44.112-35.888 80-80 80s-80-35.888-80-80 35.888-80 80-80 80 35.888 80 80z\"><\/path><\/svg>\t\t\t\t\t\t<\/span>\n\t\t\t\t\t\t\t\t\t\t<span class=\"elementor-icon-list-text\">koriste video-snimke kao polaznu ta\u010dku za razgovor u karijernom savetovanju ili omladinskom radu, kako bi se podstaklo stvaranje podr\u017eavaju\u0107eg okru\u017eenja<\/span>\n\t\t\t\t\t\t\t\t\t<\/li>\n\t\t\t\t\t\t<\/ul>\n\t\t\t\t\t\t<\/div>\n\t\t\t\t<\/div>\n\t\t<div class=\"elementor-element elementor-element-8a5875b e-con-full e-flex elementor-invisible e-con e-child\" data-id=\"8a5875b\" data-element_type=\"container\" data-settings=\"{&quot;animation&quot;:&quot;fadeInRight&quot;}\">\n\t\t\t\t<div class=\"elementor-element elementor-element-1ec8f4d elementor-widget elementor-widget-image\" data-id=\"1ec8f4d\" data-element_type=\"widget\" data-widget_type=\"image.default\">\n\t\t\t\t\t\t\t\t\t\t\t\t\t\t\t<img decoding=\"async\" width=\"844\" height=\"1500\" src=\"https:\/\/cskill.eu\/wp-content\/uploads\/2025\/12\/3541116.jpg\" class=\"attachment-full size-full wp-image-1019\" alt=\"\" srcset=\"https:\/\/cskill.eu\/wp-content\/uploads\/2025\/12\/3541116.jpg 844w, https:\/\/cskill.eu\/wp-content\/uploads\/2025\/12\/3541116-169x300.jpg 169w, https:\/\/cskill.eu\/wp-content\/uploads\/2025\/12\/3541116-576x1024.jpg 576w, https:\/\/cskill.eu\/wp-content\/uploads\/2025\/12\/3541116-768x1365.jpg 768w, https:\/\/cskill.eu\/wp-content\/uploads\/2025\/12\/3541116-7x12.jpg 7w\" sizes=\"(max-width: 844px) 100vw, 844px\" \/>\t\t\t\t\t\t\t\t\t\t\t\t\t\t\t<\/div>\n\t\t\t\t<\/div>\n\t\t\t\t\t<\/div>\n\t\t\t\t<\/div>\n\t\t<div class=\"elementor-element elementor-element-a461206 e-flex e-con-boxed e-con e-parent\" data-id=\"a461206\" data-element_type=\"container\" data-settings=\"{&quot;background_background&quot;:&quot;classic&quot;}\">\n\t\t\t\t\t<div class=\"e-con-inner\">\n\t\t<div class=\"elementor-element elementor-element-d322746 e-con-full e-flex e-con e-child\" data-id=\"d322746\" data-element_type=\"container\">\n\t\t<div class=\"elementor-element elementor-element-6923963 e-con-full e-flex elementor-invisible e-con e-child\" data-id=\"6923963\" data-element_type=\"container\" data-settings=\"{&quot;animation&quot;:&quot;fadeInLeft&quot;}\">\n\t\t\t\t<div class=\"elementor-element elementor-element-f04e269 elementor-widget elementor-widget-image\" data-id=\"f04e269\" data-element_type=\"widget\" data-widget_type=\"image.default\">\n\t\t\t\t\t\t\t\t\t\t\t\t\t\t\t<img decoding=\"async\" width=\"1000\" height=\"1500\" src=\"https:\/\/cskill.eu\/wp-content\/uploads\/2025\/12\/25654.jpg\" class=\"attachment-full size-full wp-image-1023\" alt=\"\" srcset=\"https:\/\/cskill.eu\/wp-content\/uploads\/2025\/12\/25654.jpg 1000w, https:\/\/cskill.eu\/wp-content\/uploads\/2025\/12\/25654-200x300.jpg 200w, https:\/\/cskill.eu\/wp-content\/uploads\/2025\/12\/25654-683x1024.jpg 683w, https:\/\/cskill.eu\/wp-content\/uploads\/2025\/12\/25654-768x1152.jpg 768w, https:\/\/cskill.eu\/wp-content\/uploads\/2025\/12\/25654-8x12.jpg 8w\" sizes=\"(max-width: 1000px) 100vw, 1000px\" \/>\t\t\t\t\t\t\t\t\t\t\t\t\t\t\t<\/div>\n\t\t\t\t<\/div>\n\t\t\t\t<\/div>\n\t\t<div class=\"elementor-element elementor-element-8b89102 e-con-full e-flex elementor-invisible e-con e-child\" data-id=\"8b89102\" data-element_type=\"container\" data-settings=\"{&quot;animation&quot;:&quot;fadeInRight&quot;}\">\n\t\t\t\t<div class=\"elementor-element elementor-element-2e7a80a elementor-widget elementor-widget-heading\" data-id=\"2e7a80a\" data-element_type=\"widget\" data-widget_type=\"heading.default\">\n\t\t\t\t\t<h2 class=\"elementor-heading-title elementor-size-default\">\u0160ta nakon gledanja video-snimaka?<\/h2>\t\t\t\t<\/div>\n\t\t\t\t<div class=\"elementor-element elementor-element-e690aa8 elementor-widget elementor-widget-text-editor\" data-id=\"e690aa8\" data-element_type=\"widget\" data-widget_type=\"text-editor.default\">\n\t\t\t\t\t\t\t\t\t<div class=\"zw-line-div\"><div class=\"zw-line-content\"><p><b>Individualna upotreba<\/b><\/p><\/div><\/div>\t\t\t\t\t\t\t\t<\/div>\n\t\t\t\t<div class=\"elementor-element elementor-element-e762205 elementor-widget elementor-widget-text-editor\" data-id=\"e762205\" data-element_type=\"widget\" data-widget_type=\"text-editor.default\">\n\t\t\t\t\t\t\t\t\t<div class=\"zw-line-div\"><div class=\"zw-line-content\"><p><span style=\"font-weight: 400;\">Nakon gledanja video-snimaka, mo\u017eete istra\u017eiti vi\u0161e informacija na veb-sajtu projekta ili konsultovati druge relevantne resurse.<\/span><\/p><\/div><\/div>\t\t\t\t\t\t\t\t<\/div>\n\t\t\t\t<div class=\"elementor-element elementor-element-5f6341f elementor-widget elementor-widget-heading\" data-id=\"5f6341f\" data-element_type=\"widget\" data-widget_type=\"heading.default\">\n\t\t\t\t\t<h2 class=\"elementor-heading-title elementor-size-default\">Primena alata u obrazovanju mladih\n<\/h2>\t\t\t\t<\/div>\n\t\t\t\t<div class=\"elementor-element elementor-element-8af85d2 elementor-widget elementor-widget-text-editor\" data-id=\"8af85d2\" data-element_type=\"widget\" data-widget_type=\"text-editor.default\">\n\t\t\t\t\t\t\t\t\t<p><span style=\"font-weight: 400;\">Nakon \u0161to video-snimke pogledate u grupi, pozovite mlade da podele pitanja ili iskustva \u2014 usmeno ili u pisanom obliku. Podstaknite kreativno izra\u017eavanje, na primer kroz crtanje ili pravljenje kola\u017ea. Tokom razgovora o pitanjima i komentarima, obezbedite podr\u017eavaju\u0107u i inkluzivnu atmosferu, bez negativnih stereotipa ili stigme. Ako mlada osoba postavi pitanje na koje ne znate odgovor, u redu je da ka\u017eete da \u0107ete se konsultovati sa stru\u010dnjakom.<\/span><\/p><p><b>Savet<\/b><span style=\"font-weight: 400;\">: Da biste dodatno podigli svest, razmislite o tome da pozovete osobu sa ADHD-om ili disleksijom na razgovor.<\/span><\/p>\t\t\t\t\t\t\t\t<\/div>\n\t\t\t\t<div class=\"elementor-element elementor-element-60a34e9 elementor-widget elementor-widget-heading\" data-id=\"60a34e9\" data-element_type=\"widget\" data-widget_type=\"heading.default\">\n\t\t\t\t\t<h2 class=\"elementor-heading-title elementor-size-default\">Upotreba za karijerne savetnike i omladinske radnike\n<\/h2>\t\t\t\t<\/div>\n\t\t\t\t<div class=\"elementor-element elementor-element-fd66974 elementor-widget elementor-widget-text-editor\" data-id=\"fd66974\" data-element_type=\"widget\" data-widget_type=\"text-editor.default\">\n\t\t\t\t\t\t\t\t\t<p><span style=\"font-weight: 400;\">Nakon gledanja video-snimaka, razgovarajte sa kolegama o iskustvima i izazovima u radu \u2014 na primer, o izazovima sa kojima se susre\u0107ete kada radite sa mladima sa disleksijom. Zajedno osmislite mogu\u0107a re\u0161enja i istra\u017eite dodatne resurse na veb-sajtu projekta, poput alata za SWOT analizu, koji mo\u017ee pomo\u0107i mladima da bolje razumeju svoje snage.<\/span><\/p>\t\t\t\t\t\t\t\t<\/div>\n\t\t\t\t<\/div>\n\t\t\t\t\t<\/div>\n\t\t\t\t<\/div>\n\t\t<div class=\"elementor-element elementor-element-127f119 e-flex e-con-boxed e-con e-parent\" data-id=\"127f119\" data-element_type=\"container\" data-settings=\"{&quot;background_background&quot;:&quot;classic&quot;}\">\n\t\t\t\t\t<div class=\"e-con-inner\">\n\t\t<div class=\"elementor-element elementor-element-2f3c0d1 e-con-full e-flex elementor-invisible e-con e-child\" data-id=\"2f3c0d1\" data-element_type=\"container\" data-settings=\"{&quot;animation&quot;:&quot;fadeInUp&quot;}\">\n\t\t\t\t<div class=\"elementor-element elementor-element-501e9ed elementor-widget elementor-widget-heading\" data-id=\"501e9ed\" data-element_type=\"widget\" data-widget_type=\"heading.default\">\n\t\t\t\t\t<h2 class=\"elementor-heading-title elementor-size-default\">Va\u017ena bele\u0161ka<\/h2>\t\t\t\t<\/div>\n\t\t\t\t<div class=\"elementor-element elementor-element-4690cc7 elementor-widget elementor-widget-text-editor\" data-id=\"4690cc7\" data-element_type=\"widget\" data-widget_type=\"text-editor.default\">\n\t\t\t\t\t\t\t\t\t<p><span style=\"font-weight: 400;\">Ova alatka se satoji od kratkih videa i ne predstavlja nau\u010dno objasnjenje.<\/span><\/p><p><span style=\"font-weight: 400;\">Namenjena je podizadju svesti kao prvi korak ka kreiranju sredine koja vi\u0161e podr\u017eava.<\/span><\/p>\t\t\t\t\t\t\t\t<\/div>\n\t\t\t\t<\/div>\n\t\t\t\t\t<\/div>\n\t\t\t\t<\/div>\n\t\t<div class=\"elementor-element elementor-element-dc3c68a e-flex e-con-boxed e-con e-parent\" data-id=\"dc3c68a\" data-element_type=\"container\" data-settings=\"{&quot;background_background&quot;:&quot;classic&quot;}\">\n\t\t\t\t\t<div class=\"e-con-inner\">\n\t\t<div class=\"elementor-element elementor-element-62c1392 e-con-full e-flex elementor-invisible e-con e-child\" data-id=\"62c1392\" data-element_type=\"container\" data-settings=\"{&quot;animation&quot;:&quot;fadeInRight&quot;}\">\n\t\t\t\t<div class=\"elementor-element elementor-element-1a13d54 elementor-widget elementor-widget-heading\" data-id=\"1a13d54\" data-element_type=\"widget\" data-widget_type=\"heading.default\">\n\t\t\t\t\t<h2 class=\"elementor-heading-title elementor-size-default\">Spremni ste za po\u010detak?\n<\/h2>\t\t\t\t<\/div>\n\t\t\t\t<div class=\"elementor-element elementor-element-9a58ffc elementor-widget elementor-widget-text-editor\" data-id=\"9a58ffc\" data-element_type=\"widget\" data-widget_type=\"text-editor.default\">\n\t\t\t\t\t\t\t\t\t<p><span style=\"font-weight: 400;\">Pogledajte video zapise.<\/span><\/p>\t\t\t\t\t\t\t\t<\/div>\n\t\t\t\t<\/div>\n\t\t\t\t\t<\/div>\n\t\t\t\t<\/div>\n\t\t\t\t<\/div>","protected":false},"excerpt":{"rendered":"<p>\u0412\u0438\u0434\u0435\u043e \u0441\u0435\u0440\u0438\u0458\u0430: \u201e\u0428\u0442\u043e \u0435\u2026?\u201c \u0412\u0438\u0434\u0435\u043e-\u0430\u043b\u0430\u0442\u043a\u0430\u0442\u0430: \u201e\u0428\u0442\u043e \u0435\u2026?\u201c \u0435 \u0440\u0430\u0437\u0432\u0438\u0435\u043d\u0430 \u043e\u0434 Mission: Reconnect (\u0427\u0435\u0448\u043a\u0430) \u0432\u043e \u0440\u0430\u043c\u043a\u0438 \u043d\u0430 \u043f\u0440\u043e\u0435\u043a\u0442\u043e\u0442 \u0415\u0440\u0430\u0437\u043c\u0443\u0441+ SkillCompass: \u041e\u0441\u043f\u043e\u0441\u043e\u0431\u0443\u0432\u0430\u045a\u0435 \u043d\u0430 \u043c\u043b\u0430\u0434\u0438\u0442\u0435 \u0441\u043e \u0440\u0430\u0437\u043b\u0438\u043a\u0438 \u0432\u043e \u0443\u0447\u0435\u045a\u0435\u0442\u043e \u043f\u0440\u0435\u043a\u0443 \u0430\u043b\u0430\u0442\u043a\u0438 \u0437\u0430 \u0438\u043d\u043a\u043b\u0443\u0437\u0438\u0432\u043d\u043e \u043a\u0430\u0440\u0438\u0435\u0440\u043d\u043e \u043d\u0430\u0441\u043e\u0447\u0443\u0432\u0430\u045a\u0435. \u0426\u0435\u043b\u0442\u0430 \u043d\u0430 \u0430\u043b\u0430\u0442\u043a\u0430\u0442\u0430 \u0435 \u0434\u0430 \u0433\u0438 \u043e\u0431\u0458\u0430\u0441\u043d\u0438 \u0441\u043b\u0435\u0434\u043d\u0438\u0432\u0435 \u0442\u0435\u0448\u043a\u043e\u0442\u0438\u0438 \u0432\u043e \u0443\u0447\u0435\u045a\u0435\u0442\u043e: ADHD, \u0434\u0438\u0441\u043b\u0435\u043a\u0441\u0438\u0458\u0430, \u0434\u0438\u0441\u0433\u0440\u0430\u0444\u0438\u0458\u0430, \u0434\u0438\u0441\u043a\u0430\u043b\u043a\u0443\u043b\u0438\u0458\u0430 \u0438 \u0434\u0438\u0441\u043f\u0440\u0430\u043a\u0441\u0438\u0458\u0430 \u043d\u0430 \u0458\u0430\u0441\u0435\u043d \u0438 \u0435\u0434\u043d\u043e\u0441\u0442\u0430\u0432\u0435\u043d \u0458\u0430\u0437\u0438\u043a. \u0426\u0435\u043b\u0442\u0430 [&hellip;]<\/p>","protected":false},"author":1,"featured_media":0,"parent":125,"menu_order":0,"comment_status":"closed","ping_status":"closed","template":"elementor_header_footer","meta":{"_acf_changed":false,"footnotes":""},"class_list":["post-1009","page","type-page","status-publish","hentry"],"acf":[],"_links":{"self":[{"href":"https:\/\/cskill.eu\/sr\/wp-json\/wp\/v2\/pages\/1009","targetHints":{"allow":["GET"]}}],"collection":[{"href":"https:\/\/cskill.eu\/sr\/wp-json\/wp\/v2\/pages"}],"about":[{"href":"https:\/\/cskill.eu\/sr\/wp-json\/wp\/v2\/types\/page"}],"author":[{"embeddable":true,"href":"https:\/\/cskill.eu\/sr\/wp-json\/wp\/v2\/users\/1"}],"replies":[{"embeddable":true,"href":"https:\/\/cskill.eu\/sr\/wp-json\/wp\/v2\/comments?post=1009"}],"version-history":[{"count":79,"href":"https:\/\/cskill.eu\/sr\/wp-json\/wp\/v2\/pages\/1009\/revisions"}],"predecessor-version":[{"id":1508,"href":"https:\/\/cskill.eu\/sr\/wp-json\/wp\/v2\/pages\/1009\/revisions\/1508"}],"up":[{"embeddable":true,"href":"https:\/\/cskill.eu\/sr\/wp-json\/wp\/v2\/pages\/125"}],"wp:attachment":[{"href":"https:\/\/cskill.eu\/sr\/wp-json\/wp\/v2\/media?parent=1009"}],"curies":[{"name":"wp","href":"https:\/\/api.w.org\/{rel}","templated":true}]}}