{"id":127,"date":"2025-07-27T14:32:06","date_gmt":"2025-07-27T14:32:06","guid":{"rendered":"https:\/\/cskill.eu\/?page_id=127"},"modified":"2025-11-19T11:37:10","modified_gmt":"2025-11-19T11:37:10","slug":"blog","status":"publish","type":"page","link":"https:\/\/cskill.eu\/cs\/blog\/","title":{"rendered":"Novinky"},"content":{"rendered":"<div data-elementor-type=\"wp-page\" data-elementor-id=\"127\" class=\"elementor elementor-127\" data-elementor-settings=\"{&quot;element_pack_global_tooltip_width&quot;:{&quot;unit&quot;:&quot;px&quot;,&quot;size&quot;:&quot;&quot;,&quot;sizes&quot;:[]},&quot;element_pack_global_tooltip_width_tablet&quot;:{&quot;unit&quot;:&quot;px&quot;,&quot;size&quot;:&quot;&quot;,&quot;sizes&quot;:[]},&quot;element_pack_global_tooltip_width_mobile&quot;:{&quot;unit&quot;:&quot;px&quot;,&quot;size&quot;:&quot;&quot;,&quot;sizes&quot;:[]},&quot;element_pack_global_tooltip_padding&quot;:{&quot;unit&quot;:&quot;px&quot;,&quot;top&quot;:&quot;&quot;,&quot;right&quot;:&quot;&quot;,&quot;bottom&quot;:&quot;&quot;,&quot;left&quot;:&quot;&quot;,&quot;isLinked&quot;:true},&quot;element_pack_global_tooltip_padding_tablet&quot;:{&quot;unit&quot;:&quot;px&quot;,&quot;top&quot;:&quot;&quot;,&quot;right&quot;:&quot;&quot;,&quot;bottom&quot;:&quot;&quot;,&quot;left&quot;:&quot;&quot;,&quot;isLinked&quot;:true},&quot;element_pack_global_tooltip_padding_mobile&quot;:{&quot;unit&quot;:&quot;px&quot;,&quot;top&quot;:&quot;&quot;,&quot;right&quot;:&quot;&quot;,&quot;bottom&quot;:&quot;&quot;,&quot;left&quot;:&quot;&quot;,&quot;isLinked&quot;:true},&quot;element_pack_global_tooltip_border_radius&quot;:{&quot;unit&quot;:&quot;px&quot;,&quot;top&quot;:&quot;&quot;,&quot;right&quot;:&quot;&quot;,&quot;bottom&quot;:&quot;&quot;,&quot;left&quot;:&quot;&quot;,&quot;isLinked&quot;:true},&quot;element_pack_global_tooltip_border_radius_tablet&quot;:{&quot;unit&quot;:&quot;px&quot;,&quot;top&quot;:&quot;&quot;,&quot;right&quot;:&quot;&quot;,&quot;bottom&quot;:&quot;&quot;,&quot;left&quot;:&quot;&quot;,&quot;isLinked&quot;:true},&quot;element_pack_global_tooltip_border_radius_mobile&quot;:{&quot;unit&quot;:&quot;px&quot;,&quot;top&quot;:&quot;&quot;,&quot;right&quot;:&quot;&quot;,&quot;bottom&quot;:&quot;&quot;,&quot;left&quot;:&quot;&quot;,&quot;isLinked&quot;:true}}\" data-elementor-post-type=\"page\">\n\t\t\t\t<div class=\"elementor-element elementor-element-ff1d519 e-flex e-con-boxed e-con e-parent\" data-id=\"ff1d519\" data-element_type=\"container\" data-settings=\"{&quot;background_background&quot;:&quot;classic&quot;}\">\n\t\t\t\t\t<div class=\"e-con-inner\">\n\t\t<div class=\"elementor-element elementor-element-d11f015 e-flex e-con-boxed e-con e-child\" data-id=\"d11f015\" data-element_type=\"container\">\n\t\t\t\t\t<div class=\"e-con-inner\">\n\t\t\t\t<div class=\"elementor-element elementor-element-bd8e0b2 elementor-invisible elementor-widget elementor-widget-heading\" data-id=\"bd8e0b2\" data-element_type=\"widget\" data-settings=\"{&quot;_animation&quot;:&quot;fadeInUp&quot;,&quot;_animation_delay&quot;:200}\" data-widget_type=\"heading.default\">\n\t\t\t\t\t<h1 class=\"elementor-heading-title elementor-size-default\">Novinky<\/h1>\t\t\t\t<\/div>\n\t\t\t\t\t<\/div>\n\t\t\t\t<\/div>\n\t\t\t\t\t<\/div>\n\t\t\t\t<\/div>\n\t\t<div class=\"elementor-element elementor-element-9c76cda e-flex e-con-boxed e-con e-parent\" data-id=\"9c76cda\" data-element_type=\"container\" data-settings=\"{&quot;background_background&quot;:&quot;classic&quot;}\">\n\t\t\t\t\t<div class=\"e-con-inner\">\n\t\t\t\t<div class=\"elementor-element elementor-element-9fa3a3a elementor-widget elementor-widget-upk-alex-grid\" data-id=\"9fa3a3a\" data-element_type=\"widget\" data-widget_type=\"upk-alex-grid.default\">\n\t\t\t\t\t\n\t\t<div class=\"upk-alex-grid upk-ajax-grid\" data-loadmore=\"[]\">\n\t\t\t<div class=\"upk-alex-wrap upk-ajax-grid-wrap upk-content-right upk-style-1\">\n\n\t\t\t\t\n\t\t\t\t\t\t\t<div class=\"upk-item\">\n\t\t\t<div class=\"upk-image-wrap\">\n\t\t\t\t<img fetchpriority=\"high\" decoding=\"async\" width=\"800\" height=\"600\" src=\"https:\/\/cskill.eu\/wp-content\/uploads\/2025\/10\/genz-1024x768.png\" class=\"upk-img\" alt=\"Kari\u00e9rn\u00ed poradenstv\u00ed pro Generaci Z\" srcset=\"https:\/\/cskill.eu\/wp-content\/uploads\/2025\/10\/genz-1024x768.png 1024w, https:\/\/cskill.eu\/wp-content\/uploads\/2025\/10\/genz-300x225.png 300w, https:\/\/cskill.eu\/wp-content\/uploads\/2025\/10\/genz-768x576.png 768w, https:\/\/cskill.eu\/wp-content\/uploads\/2025\/10\/genz-1536x1152.png 1536w, https:\/\/cskill.eu\/wp-content\/uploads\/2025\/10\/genz-16x12.png 16w, https:\/\/cskill.eu\/wp-content\/uploads\/2025\/10\/genz.png 1600w\" sizes=\"(max-width: 800px) 100vw, 800px\" \/>\n\t\t\t\t\t\t\t\t\t<div class=\"upk-meta\">\n\t\t\t\t\t\t\t\t<div>\n\t\t\t\t\t\n\t\t\t\t\t<div class=\"upk-flex upk-flex-middle upk-date-reading-wrap\">\n\t\t\t\t\t\t\t\t\t\t\t\t\t<div data-separator=\"|\">\n\t\t\t\t\t\t\t\t\t\t<div class=\"upk-date\">\n\t\t\t29 \u0159\u00edjna, 2025\t\t<\/div>\n\n\t\t\t\t\t\t\t\t\t\t<\/div>\n\t\t\t\t\t\t\n\t\t\t\t\t\t\t\t\t\t\t<\/div>\n\n\t\t\t\t<\/div>\n\t\t\t<\/div>\n\t\t\n\t\n\t\t\t\t\n\t\t\t\t<div class=\"upk-content-wrap\">\n\n\t\t\t\t\t<div class=\"upk-content\">\n\t\t\t\t\t\t\t\t<div class=\"upk-category\">\n\t\t\t<a href=\"https:\/\/cskill.eu\/cs\/category\/aktuelni\/\" \n\t\t\t\t\t\t\taria-label=\"Category \u0410\u043a\u0442\u0443\u0435\u043b\u043d\u0438\">\u0410\u043a\u0442\u0443\u0435\u043b\u043d\u0438<\/a> <a href=\"https:\/\/cskill.eu\/cs\/category\/blog\/\" \n\t\t\t\t\t\t\taria-label=\"Category \u0411\u043b\u043e\u0433\">Novinky<\/a>\t\t<\/div>\n\t\t\t\t\t\t\t<h3 class=\"upk-title\"><a href=\"https:\/\/cskill.eu\/cs\/blog\/karierno-sovetuvane-za-generatsija-z\/\" title=\"Kari\u00e9rn\u00ed poradenstv\u00ed pro Generaci Z\" class=\"title-animation-\" aria-label=\"Kari\u00e9rn\u00ed poradenstv\u00ed pro Generaci Z\">Kari\u00e9rn\u00ed poradenstv\u00ed pro Generaci Z<\/a><\/h3>\t\t\t\t\t<\/div>\n\n\t\t\t\t\t\t\t<div class=\"upk-button-wrap\">\n\t\t\t<a \n\t\t\t\thref=\"https:\/\/cskill.eu\/cs\/blog\/karierno-sovetuvane-za-generatsija-z\/\" \n\t\t\t\tclass=\"upk-readmore\" \n\t\t\t\taria-label=\"Read More Button\"\n\t\t\t>\n\t\t\t\t<span class=\"upk-readmore-icon\"><span><\/span><\/span>\n\t\t\t<\/a>\n\t\t<\/div>\n\t\n\t\t\t\t<\/div>\n\t\t\t<\/div>\n\t\t<\/div>\n\t\n\t\t\t\t\n\t\t\t\t\t\t\t<div class=\"upk-item\">\n\t\t\t<div class=\"upk-image-wrap\">\n\t\t\t\t<img decoding=\"async\" width=\"800\" height=\"534\" src=\"https:\/\/cskill.eu\/wp-content\/uploads\/2025\/09\/2147666524-1024x683.jpg\" class=\"upk-img\" alt=\"Specifick\u00e9 poruchy u\u010den\u00ed: Porozum\u011bn\u00ed neviditeln\u00fdm bari\u00e9r\u00e1m ve vzd\u011bl\u00e1v\u00e1n\u00ed\" srcset=\"https:\/\/cskill.eu\/wp-content\/uploads\/2025\/09\/2147666524-1024x683.jpg 1024w, https:\/\/cskill.eu\/wp-content\/uploads\/2025\/09\/2147666524-300x200.jpg 300w, https:\/\/cskill.eu\/wp-content\/uploads\/2025\/09\/2147666524-768x513.jpg 768w, https:\/\/cskill.eu\/wp-content\/uploads\/2025\/09\/2147666524.jpg 1500w\" sizes=\"(max-width: 800px) 100vw, 800px\" \/>\n\t\t\t\t\t\t\t\t\t<div class=\"upk-meta\">\n\t\t\t\t\t\t\t\t<div>\n\t\t\t\t\t\n\t\t\t\t\t<div class=\"upk-flex upk-flex-middle upk-date-reading-wrap\">\n\t\t\t\t\t\t\t\t\t\t\t\t\t<div data-separator=\"|\">\n\t\t\t\t\t\t\t\t\t\t<div class=\"upk-date\">\n\t\t\t29 \u0159\u00edjna, 2025\t\t<\/div>\n\n\t\t\t\t\t\t\t\t\t\t<\/div>\n\t\t\t\t\t\t\n\t\t\t\t\t\t\t\t\t\t\t<\/div>\n\n\t\t\t\t<\/div>\n\t\t\t<\/div>\n\t\t\n\t\n\t\t\t\t\n\t\t\t\t<div class=\"upk-content-wrap\">\n\n\t\t\t\t\t<div class=\"upk-content\">\n\t\t\t\t\t\t\t\t<div class=\"upk-category\">\n\t\t\t<a href=\"https:\/\/cskill.eu\/cs\/category\/aktuelni\/\" \n\t\t\t\t\t\t\taria-label=\"Category \u0410\u043a\u0442\u0443\u0435\u043b\u043d\u0438\">\u0410\u043a\u0442\u0443\u0435\u043b\u043d\u0438<\/a> <a href=\"https:\/\/cskill.eu\/cs\/category\/blog\/\" \n\t\t\t\t\t\t\taria-label=\"Category \u0411\u043b\u043e\u0433\">Novinky<\/a>\t\t<\/div>\n\t\t\t\t\t\t\t<h3 class=\"upk-title\"><a href=\"https:\/\/cskill.eu\/cs\/blog\/spetsifichnite-teshkotii-vo-ucheneto-razbirane-na-nevidlivite-barieri-vo-obrazovanieto\/\" title=\"Specifick\u00e9 poruchy u\u010den\u00ed: Porozum\u011bn\u00ed neviditeln\u00fdm bari\u00e9r\u00e1m ve vzd\u011bl\u00e1v\u00e1n\u00ed\" class=\"title-animation-\" aria-label=\"Specifick\u00e9 poruchy u\u010den\u00ed: Porozum\u011bn\u00ed neviditeln\u00fdm bari\u00e9r\u00e1m ve vzd\u011bl\u00e1v\u00e1n\u00ed\">Specifick\u00e9 poruchy u\u010den\u00ed: Porozum\u011bn\u00ed neviditeln\u00fdm bari\u00e9r\u00e1m ve vzd\u011bl\u00e1v\u00e1n\u00ed<\/a><\/h3>\t\t\t\t\t<\/div>\n\n\t\t\t\t\t\t\t<div class=\"upk-button-wrap\">\n\t\t\t<a \n\t\t\t\thref=\"https:\/\/cskill.eu\/cs\/blog\/spetsifichnite-teshkotii-vo-ucheneto-razbirane-na-nevidlivite-barieri-vo-obrazovanieto\/\" \n\t\t\t\tclass=\"upk-readmore\" \n\t\t\t\taria-label=\"Read More Button\"\n\t\t\t>\n\t\t\t\t<span class=\"upk-readmore-icon\"><span><\/span><\/span>\n\t\t\t<\/a>\n\t\t<\/div>\n\t\n\t\t\t\t<\/div>\n\t\t\t<\/div>\n\t\t<\/div>\n\t\n\t\t\t\t\n\t\t\t\t\t\t\t<div class=\"upk-item\">\n\t\t\t<div class=\"upk-image-wrap\">\n\t\t\t\t<img decoding=\"async\" width=\"800\" height=\"450\" src=\"https:\/\/cskill.eu\/wp-content\/uploads\/2025\/10\/vitaly-gariev-RqR2pnTpmHA-unsplash-1024x576.jpg\" class=\"upk-img\" alt=\"Od zmatku k sebev\u011bdom\u00ed: Co nab\u00edz\u00ed kari\u00e9rn\u00ed poradenstv\u00ed\" srcset=\"https:\/\/cskill.eu\/wp-content\/uploads\/2025\/10\/vitaly-gariev-RqR2pnTpmHA-unsplash-1024x576.jpg 1024w, https:\/\/cskill.eu\/wp-content\/uploads\/2025\/10\/vitaly-gariev-RqR2pnTpmHA-unsplash-300x169.jpg 300w, https:\/\/cskill.eu\/wp-content\/uploads\/2025\/10\/vitaly-gariev-RqR2pnTpmHA-unsplash-768x432.jpg 768w, https:\/\/cskill.eu\/wp-content\/uploads\/2025\/10\/vitaly-gariev-RqR2pnTpmHA-unsplash-1536x864.jpg 1536w, https:\/\/cskill.eu\/wp-content\/uploads\/2025\/10\/vitaly-gariev-RqR2pnTpmHA-unsplash-2048x1152.jpg 2048w\" sizes=\"(max-width: 800px) 100vw, 800px\" \/>\n\t\t\t\t\t\t\t\t\t<div class=\"upk-meta\">\n\t\t\t\t\t\t\t\t<div>\n\t\t\t\t\t\n\t\t\t\t\t<div class=\"upk-flex upk-flex-middle upk-date-reading-wrap\">\n\t\t\t\t\t\t\t\t\t\t\t\t\t<div data-separator=\"|\">\n\t\t\t\t\t\t\t\t\t\t<div class=\"upk-date\">\n\t\t\t5 \u0159\u00edjna, 2025\t\t<\/div>\n\n\t\t\t\t\t\t\t\t\t\t<\/div>\n\t\t\t\t\t\t\n\t\t\t\t\t\t\t\t\t\t\t<\/div>\n\n\t\t\t\t<\/div>\n\t\t\t<\/div>\n\t\t\n\t\n\t\t\t\t\n\t\t\t\t<div class=\"upk-content-wrap\">\n\n\t\t\t\t\t<div class=\"upk-content\">\n\t\t\t\t\t\t\t\t<div class=\"upk-category\">\n\t\t\t<a href=\"https:\/\/cskill.eu\/cs\/category\/aktuelni\/\" \n\t\t\t\t\t\t\taria-label=\"Category \u0410\u043a\u0442\u0443\u0435\u043b\u043d\u0438\">\u0410\u043a\u0442\u0443\u0435\u043b\u043d\u0438<\/a> <a href=\"https:\/\/cskill.eu\/cs\/category\/blog\/\" \n\t\t\t\t\t\t\taria-label=\"Category \u0411\u043b\u043e\u0433\">Novinky<\/a>\t\t<\/div>\n\t\t\t\t\t\t\t<h3 class=\"upk-title\"><a href=\"https:\/\/cskill.eu\/cs\/blog\/od-zbunetost-do-jasnost-shto-pretstavuva-kariernoto-sovetuvane\/\" title=\"Od zmatku k sebev\u011bdom\u00ed: Co nab\u00edz\u00ed kari\u00e9rn\u00ed poradenstv\u00ed\" class=\"title-animation-\" aria-label=\"Od zmatku k sebev\u011bdom\u00ed: Co nab\u00edz\u00ed kari\u00e9rn\u00ed poradenstv\u00ed\">Od zmatku k sebev\u011bdom\u00ed: Co nab\u00edz\u00ed kari\u00e9rn\u00ed poradenstv\u00ed<\/a><\/h3>\t\t\t\t\t<\/div>\n\n\t\t\t\t\t\t\t<div class=\"upk-button-wrap\">\n\t\t\t<a \n\t\t\t\thref=\"https:\/\/cskill.eu\/cs\/blog\/od-zbunetost-do-jasnost-shto-pretstavuva-kariernoto-sovetuvane\/\" \n\t\t\t\tclass=\"upk-readmore\" \n\t\t\t\taria-label=\"Read More Button\"\n\t\t\t>\n\t\t\t\t<span class=\"upk-readmore-icon\"><span><\/span><\/span>\n\t\t\t<\/a>\n\t\t<\/div>\n\t\n\t\t\t\t<\/div>\n\t\t\t<\/div>\n\t\t<\/div>\n\t\n\t\t\t\t\n\t\t\t<\/div>\n\t\t<\/div>\n\n\t\t\t\t\t\t<\/div>\n\t\t\t\t\t<\/div>\n\t\t\t\t<\/div>\n\t\t\t\t<\/div>","protected":false},"excerpt":{"rendered":"<p>October 5, 2025 \u0411\u043b\u043e\u0433 \u041e\u0434 \u0437\u0431\u0443\u043d\u0435\u0442\u043e\u0441\u0442 \u0434\u043e \u0458\u0430\u0441\u043d\u043e\u0441\u0442: \u0428\u0442\u043e \u043f\u0440\u0435\u0442\u0441\u0442\u0430\u0432\u0443\u0432\u0430 \u043a\u0430\u0440\u0438\u0435\u0440\u043d\u043e\u0442\u043e \u0441\u043e\u0432\u0435\u0442\u0443\u0432\u0430\u045a\u0435 \u00a0<\/p>","protected":false},"author":1,"featured_media":522,"parent":0,"menu_order":0,"comment_status":"closed","ping_status":"closed","template":"elementor_header_footer","meta":{"_acf_changed":false,"footnotes":""},"class_list":["post-127","page","type-page","status-publish","has-post-thumbnail","hentry"],"acf":[],"_links":{"self":[{"href":"https:\/\/cskill.eu\/cs\/wp-json\/wp\/v2\/pages\/127","targetHints":{"allow":["GET"]}}],"collection":[{"href":"https:\/\/cskill.eu\/cs\/wp-json\/wp\/v2\/pages"}],"about":[{"href":"https:\/\/cskill.eu\/cs\/wp-json\/wp\/v2\/types\/page"}],"author":[{"embeddable":true,"href":"https:\/\/cskill.eu\/cs\/wp-json\/wp\/v2\/users\/1"}],"replies":[{"embeddable":true,"href":"https:\/\/cskill.eu\/cs\/wp-json\/wp\/v2\/comments?post=127"}],"version-history":[{"count":20,"href":"https:\/\/cskill.eu\/cs\/wp-json\/wp\/v2\/pages\/127\/revisions"}],"predecessor-version":[{"id":713,"href":"https:\/\/cskill.eu\/cs\/wp-json\/wp\/v2\/pages\/127\/revisions\/713"}],"wp:featuredmedia":[{"embeddable":true,"href":"https:\/\/cskill.eu\/cs\/wp-json\/wp\/v2\/media\/522"}],"wp:attachment":[{"href":"https:\/\/cskill.eu\/cs\/wp-json\/wp\/v2\/media?parent=127"}],"curies":[{"name":"wp","href":"https:\/\/api.w.org\/{rel}","templated":true}]}}