{"id":1113,"date":"2025-12-16T11:42:04","date_gmt":"2025-12-16T11:42:04","guid":{"rendered":"https:\/\/cskill.eu\/?page_id=1113"},"modified":"2025-12-16T11:51:54","modified_gmt":"2025-12-16T11:51:54","slug":"prepoznaj-gi-svoite-prednosti-i-predizvitsi-swot-analiza","status":"publish","type":"page","link":"https:\/\/cskill.eu\/cs\/alatki\/swot-analysis-for-career-orientation\/prepoznaj-gi-svoite-prednosti-i-predizvitsi-swot-analiza\/","title":{"rendered":"Poznej sv\u00e9 siln\u00e9 str\u00e1nky a identifikuj p\u0159\u00edle\u017eitosti: SWOT anal\u00fdza"},"content":{"rendered":"<div data-elementor-type=\"wp-page\" data-elementor-id=\"1113\" class=\"elementor elementor-1113\" data-elementor-settings=\"{&quot;element_pack_global_tooltip_width&quot;:{&quot;unit&quot;:&quot;px&quot;,&quot;size&quot;:&quot;&quot;,&quot;sizes&quot;:[]},&quot;element_pack_global_tooltip_width_tablet&quot;:{&quot;unit&quot;:&quot;px&quot;,&quot;size&quot;:&quot;&quot;,&quot;sizes&quot;:[]},&quot;element_pack_global_tooltip_width_mobile&quot;:{&quot;unit&quot;:&quot;px&quot;,&quot;size&quot;:&quot;&quot;,&quot;sizes&quot;:[]},&quot;element_pack_global_tooltip_padding&quot;:{&quot;unit&quot;:&quot;px&quot;,&quot;top&quot;:&quot;&quot;,&quot;right&quot;:&quot;&quot;,&quot;bottom&quot;:&quot;&quot;,&quot;left&quot;:&quot;&quot;,&quot;isLinked&quot;:true},&quot;element_pack_global_tooltip_padding_tablet&quot;:{&quot;unit&quot;:&quot;px&quot;,&quot;top&quot;:&quot;&quot;,&quot;right&quot;:&quot;&quot;,&quot;bottom&quot;:&quot;&quot;,&quot;left&quot;:&quot;&quot;,&quot;isLinked&quot;:true},&quot;element_pack_global_tooltip_padding_mobile&quot;:{&quot;unit&quot;:&quot;px&quot;,&quot;top&quot;:&quot;&quot;,&quot;right&quot;:&quot;&quot;,&quot;bottom&quot;:&quot;&quot;,&quot;left&quot;:&quot;&quot;,&quot;isLinked&quot;:true},&quot;element_pack_global_tooltip_border_radius&quot;:{&quot;unit&quot;:&quot;px&quot;,&quot;top&quot;:&quot;&quot;,&quot;right&quot;:&quot;&quot;,&quot;bottom&quot;:&quot;&quot;,&quot;left&quot;:&quot;&quot;,&quot;isLinked&quot;:true},&quot;element_pack_global_tooltip_border_radius_tablet&quot;:{&quot;unit&quot;:&quot;px&quot;,&quot;top&quot;:&quot;&quot;,&quot;right&quot;:&quot;&quot;,&quot;bottom&quot;:&quot;&quot;,&quot;left&quot;:&quot;&quot;,&quot;isLinked&quot;:true},&quot;element_pack_global_tooltip_border_radius_mobile&quot;:{&quot;unit&quot;:&quot;px&quot;,&quot;top&quot;:&quot;&quot;,&quot;right&quot;:&quot;&quot;,&quot;bottom&quot;:&quot;&quot;,&quot;left&quot;:&quot;&quot;,&quot;isLinked&quot;:true}}\" data-elementor-post-type=\"page\">\n\t\t\t\t<div class=\"elementor-element elementor-element-2936b11 e-flex e-con-boxed e-con e-parent\" data-id=\"2936b11\" data-element_type=\"container\" data-settings=\"{&quot;background_background&quot;:&quot;classic&quot;}\">\n\t\t\t\t\t<div class=\"e-con-inner\">\n\t\t<div class=\"elementor-element elementor-element-b5897a5 e-flex e-con-boxed e-con e-child\" data-id=\"b5897a5\" data-element_type=\"container\">\n\t\t\t\t\t<div class=\"e-con-inner\">\n\t\t\t\t<div class=\"elementor-element elementor-element-be13044 elementor-invisible elementor-widget elementor-widget-heading\" data-id=\"be13044\" data-element_type=\"widget\" data-settings=\"{&quot;_animation&quot;:&quot;fadeInUp&quot;,&quot;_animation_delay&quot;:200}\" data-widget_type=\"heading.default\">\n\t\t\t\t\t<h1 class=\"elementor-heading-title elementor-size-default\">Poznej sv\u00e9 siln\u00e9 str\u00e1nky a identifikuj p\u0159\u00edle\u017eitosti: SWOT anal\u00fdza<\/h1>\t\t\t\t<\/div>\n\t\t\t\t\t<\/div>\n\t\t\t\t<\/div>\n\t\t\t\t\t<\/div>\n\t\t\t\t<\/div>\n\t\t<div class=\"elementor-element elementor-element-ea96004 e-flex e-con-boxed e-con e-parent\" data-id=\"ea96004\" data-element_type=\"container\" data-settings=\"{&quot;background_background&quot;:&quot;classic&quot;}\">\n\t\t\t\t\t<div class=\"e-con-inner\">\n\t\t<div class=\"elementor-element elementor-element-c0e65ab e-con-full e-flex elementor-invisible e-con e-child\" data-id=\"c0e65ab\" data-element_type=\"container\" data-settings=\"{&quot;animation&quot;:&quot;fadeInRight&quot;}\">\n\t\t\t\t<div class=\"elementor-element elementor-element-bad651e elementor-widget elementor-widget-text-editor\" data-id=\"bad651e\" data-element_type=\"widget\" data-widget_type=\"text-editor.default\">\n\t\t\t\t\t\t\t\t\t<p><span style=\"font-weight: 400;\">\u201eSWOT anal\u00fdza: Digit\u00e1ln\u00ed dotazn\u00edky pro identifikaci siln\u00fdch str\u00e1nek, p\u0159\u00edle\u017eitost\u00ed, slab\u00fdch str\u00e1nek a v\u00fdzev\u201c byly vytvo\u0159eny organizac\u00ed Creative House (Severn\u00ed Makedonie) v r\u00e1mci projektu Erasmus+ <\/span><i><span style=\"font-weight: 400;\">SkillCompass: Empowering Youth with Learning Differences through Inclusive Career Guidance Tools.<\/span><\/i><\/p>\t\t\t\t\t\t\t\t<\/div>\n\t\t\t\t<div class=\"elementor-element elementor-element-2aa56a3 elementor-widget elementor-widget-heading\" data-id=\"2aa56a3\" data-element_type=\"widget\" data-widget_type=\"heading.default\">\n\t\t\t\t\t<h2 class=\"elementor-heading-title elementor-size-default\">\u00davod<\/h2>\t\t\t\t<\/div>\n\t\t\t\t<div class=\"elementor-element elementor-element-fda52ad elementor-widget elementor-widget-text-editor\" data-id=\"fda52ad\" data-element_type=\"widget\" data-widget_type=\"text-editor.default\">\n\t\t\t\t\t\t\t\t\t<p><span style=\"font-weight: 400;\">\u201eSWOT anal\u00fdza: Digit\u00e1ln\u00ed dotazn\u00edky pro identifikaci siln\u00fdch str\u00e1nek, p\u0159\u00edle\u017eitost\u00ed, slab\u00fdch str\u00e1nek a v\u00fdzev\u201c jsou interaktivn\u00edm n\u00e1strojem navr\u017een\u00fdm tak, aby pomohly mlad\u00fdm lidem prozkoumat jejich siln\u00e9 a slab\u00e9 str\u00e1nky, p\u0159\u00edle\u017eitosti a v\u00fdzvy prost\u0159ednictv\u00edm jednoduch\u00fdch ot\u00e1zek. Nab\u00edzej\u00ed poutavou a strukturovanou formu sebereflexe, obzvl\u00e1\u0161\u0165 vhodnou pro neurodivergentn\u00ed mlad\u00e9 lidi, kte\u0159\u00ed t\u011b\u017e\u00ed z jasn\u00fdch podn\u011bt\u016f a vizu\u00e1ln\u00ed organizace.<\/span><\/p>\t\t\t\t\t\t\t\t<\/div>\n\t\t\t\t<div class=\"elementor-element elementor-element-2285ede elementor-widget elementor-widget-heading\" data-id=\"2285ede\" data-element_type=\"widget\" data-widget_type=\"heading.default\">\n\t\t\t\t\t<h2 class=\"elementor-heading-title elementor-size-default\">C\u00edl n\u00e1stroje<\/h2>\t\t\t\t<\/div>\n\t\t\t\t<div class=\"elementor-element elementor-element-9d9a608 elementor-widget elementor-widget-text-editor\" data-id=\"9d9a608\" data-element_type=\"widget\" data-widget_type=\"text-editor.default\">\n\t\t\t\t\t\t\t\t\t<p><span style=\"font-weight: 400;\">Mnoho mlad\u00fdch lid\u00ed s poruchami u\u010den\u00ed m\u00e1 obt\u00ed\u017ee identifikovat nebo popsat sv\u00e9 osobn\u00ed rysy a pot\u0159eby, co\u017e m\u016f\u017ee ovlivnit jejich sebev\u011bdom\u00ed i pl\u00e1nov\u00e1n\u00ed kari\u00e9ry. Tradi\u010dn\u00ed hodnocen\u00ed m\u016f\u017ee b\u00fdt zahlcuj\u00edc\u00ed nebo nejasn\u00e9 a v\u00e9st k mezer\u00e1m v sebepozn\u00e1n\u00ed.<\/span><\/p><p><span style=\"font-weight: 400;\">Tento n\u00e1stroj tuto pot\u0159ebu \u0159e\u0161\u00ed u\u017eivatelsky p\u0159\u00edv\u011btiv\u00fdm, krok za krokem veden\u00fdm form\u00e1tem, kter\u00fd podporuje up\u0159\u00edmnou reflexi a pom\u00e1h\u00e1 mlad\u00fdm lidem l\u00e9pe porozum\u011bt sami sob\u011b. N\u00e1stroj zlep\u0161uje komunikaci mezi studenty, pedagogy a poradci a umo\u017e\u0148uje poskytovat v\u00edce personalizovan\u00e9 veden\u00ed.<\/span><\/p>\t\t\t\t\t\t\t\t<\/div>\n\t\t\t\t<\/div>\n\t\t\t\t\t<\/div>\n\t\t\t\t<\/div>\n\t\t<div class=\"elementor-element elementor-element-67ea457 e-flex e-con-boxed e-con e-parent\" data-id=\"67ea457\" data-element_type=\"container\" data-settings=\"{&quot;background_background&quot;:&quot;classic&quot;}\">\n\t\t\t\t\t<div class=\"e-con-inner\">\n\t\t<div class=\"elementor-element elementor-element-c557e3c e-con-full e-flex elementor-invisible e-con e-child\" data-id=\"c557e3c\" data-element_type=\"container\" data-settings=\"{&quot;animation&quot;:&quot;fadeInLeft&quot;}\">\n\t\t\t\t<div class=\"elementor-element elementor-element-8f42c25 elementor-widget elementor-widget-heading\" data-id=\"8f42c25\" data-element_type=\"widget\" data-widget_type=\"heading.default\">\n\t\t\t\t\t<h2 class=\"elementor-heading-title elementor-size-default\">C\u00edlov\u00e9 skupiny<\/h2>\t\t\t\t<\/div>\n\t\t\t\t<div class=\"elementor-element elementor-element-50c74f2 elementor-widget elementor-widget-text-editor\" data-id=\"50c74f2\" data-element_type=\"widget\" data-widget_type=\"text-editor.default\">\n\t\t\t\t\t\t\t\t\t<p><span style=\"font-weight: 400;\">Tento n\u00e1stroj je ur\u010den neurodivergentn\u00edm mlad\u00fdm lidem, pedagog\u016fm, pracovn\u00edk\u016fm s ml\u00e1de\u017e\u00ed, kari\u00e9rn\u00edm poradc\u016fm, \u0161koln\u00edm psycholog\u016fm, rodi\u010d\u016fm a pe\u010duj\u00edc\u00edm osob\u00e1m, kte\u0159\u00ed cht\u011bj\u00ed podporovat strukturovanou sebereflexi a kari\u00e9rn\u00ed orientaci.<\/span><\/p>\t\t\t\t\t\t\t\t<\/div>\n\t\t\t\t<div class=\"elementor-element elementor-element-ea153e6 elementor-widget elementor-widget-heading\" data-id=\"ea153e6\" data-element_type=\"widget\" data-widget_type=\"heading.default\">\n\t\t\t\t\t<h2 class=\"elementor-heading-title elementor-size-default\">Popis n\u00e1stroje\n<\/h2>\t\t\t\t<\/div>\n\t\t\t\t<div class=\"elementor-element elementor-element-7f8f718 elementor-widget elementor-widget-text-editor\" data-id=\"7f8f718\" data-element_type=\"widget\" data-widget_type=\"text-editor.default\">\n\t\t\t\t\t\t\t\t\t<p><span style=\"font-weight: 400;\">Tento n\u00e1stroj  obsahuje vizu\u00e1ln\u011b poutav\u00fd SWOT pracovn\u00ed list spolu s pe\u010dliv\u011b vybran\u00fdm seznamem mo\u017en\u00fdch siln\u00fdch str\u00e1nek, slab\u00fdch str\u00e1nek, p\u0159\u00edle\u017eitost\u00ed a hrozeb, ze kter\u00fdch si studenti mohou vyb\u00edrat. Jeho p\u0159\u00edv\u011btiv\u00fd design usnad\u0148uje pou\u017eit\u00ed p\u0159i individu\u00e1ln\u00ed reflexi, ve v\u00fduce nebo p\u0159i kari\u00e9rn\u00edm poradenstv\u00ed.<\/span><\/p>\t\t\t\t\t\t\t\t<\/div>\n\t\t\t\t<\/div>\n\t\t<div class=\"elementor-element elementor-element-68b583f e-con-full e-flex elementor-invisible e-con e-child\" data-id=\"68b583f\" data-element_type=\"container\" data-settings=\"{&quot;animation&quot;:&quot;fadeInRight&quot;}\">\n\t\t\t\t<div class=\"elementor-element elementor-element-8ddeaf3 elementor-widget elementor-widget-image\" data-id=\"8ddeaf3\" data-element_type=\"widget\" data-widget_type=\"image.default\">\n\t\t\t\t\t\t\t\t\t\t\t\t\t\t\t<img fetchpriority=\"high\" decoding=\"async\" width=\"1500\" height=\"1000\" src=\"https:\/\/cskill.eu\/wp-content\/uploads\/2025\/12\/2149502803.jpg\" class=\"attachment-full size-full wp-image-1125\" alt=\"\" srcset=\"https:\/\/cskill.eu\/wp-content\/uploads\/2025\/12\/2149502803.jpg 1500w, https:\/\/cskill.eu\/wp-content\/uploads\/2025\/12\/2149502803-300x200.jpg 300w, https:\/\/cskill.eu\/wp-content\/uploads\/2025\/12\/2149502803-1024x683.jpg 1024w, https:\/\/cskill.eu\/wp-content\/uploads\/2025\/12\/2149502803-768x512.jpg 768w, https:\/\/cskill.eu\/wp-content\/uploads\/2025\/12\/2149502803-18x12.jpg 18w\" sizes=\"(max-width: 1500px) 100vw, 1500px\" \/>\t\t\t\t\t\t\t\t\t\t\t\t\t\t\t<\/div>\n\t\t\t\t<\/div>\n\t\t\t\t\t<\/div>\n\t\t\t\t<\/div>\n\t\t<div class=\"elementor-element elementor-element-bd68a44 e-flex e-con-boxed e-con e-parent\" data-id=\"bd68a44\" data-element_type=\"container\" data-settings=\"{&quot;background_background&quot;:&quot;classic&quot;}\">\n\t\t\t\t\t<div class=\"e-con-inner\">\n\t\t<div class=\"elementor-element elementor-element-79a34da e-con-full e-flex e-con e-child\" data-id=\"79a34da\" data-element_type=\"container\">\n\t\t<div class=\"elementor-element elementor-element-ceadfc1 e-con-full e-flex elementor-invisible e-con e-child\" data-id=\"ceadfc1\" data-element_type=\"container\" data-settings=\"{&quot;animation&quot;:&quot;fadeInLeft&quot;}\">\n\t\t\t\t<div class=\"elementor-element elementor-element-cd7712f elementor-widget elementor-widget-image\" data-id=\"cd7712f\" data-element_type=\"widget\" data-widget_type=\"image.default\">\n\t\t\t\t\t\t\t\t\t\t\t\t\t\t\t<img decoding=\"async\" width=\"1500\" height=\"844\" src=\"https:\/\/cskill.eu\/wp-content\/uploads\/2025\/12\/2150994998.jpg\" class=\"attachment-full size-full wp-image-1126\" alt=\"\" srcset=\"https:\/\/cskill.eu\/wp-content\/uploads\/2025\/12\/2150994998.jpg 1500w, https:\/\/cskill.eu\/wp-content\/uploads\/2025\/12\/2150994998-300x169.jpg 300w, https:\/\/cskill.eu\/wp-content\/uploads\/2025\/12\/2150994998-1024x576.jpg 1024w, https:\/\/cskill.eu\/wp-content\/uploads\/2025\/12\/2150994998-768x432.jpg 768w, https:\/\/cskill.eu\/wp-content\/uploads\/2025\/12\/2150994998-18x10.jpg 18w\" sizes=\"(max-width: 1500px) 100vw, 1500px\" \/>\t\t\t\t\t\t\t\t\t\t\t\t\t\t\t<\/div>\n\t\t\t\t<\/div>\n\t\t\t\t<\/div>\n\t\t<div class=\"elementor-element elementor-element-c9ce4d9 e-con-full e-flex elementor-invisible e-con e-child\" data-id=\"c9ce4d9\" data-element_type=\"container\" data-settings=\"{&quot;animation&quot;:&quot;fadeInRight&quot;}\">\n\t\t\t\t<div class=\"elementor-element elementor-element-b4268d6 elementor-widget elementor-widget-heading\" data-id=\"b4268d6\" data-element_type=\"widget\" data-widget_type=\"heading.default\">\n\t\t\t\t\t<h2 class=\"elementor-heading-title elementor-size-default\">N\u00e1vod na pou\u017eit\u00ed n\u00e1stroje<\/h2>\t\t\t\t<\/div>\n\t\t\t\t<div class=\"elementor-element elementor-element-5343165 elementor-widget elementor-widget-text-editor\" data-id=\"5343165\" data-element_type=\"widget\" data-widget_type=\"text-editor.default\">\n\t\t\t\t\t\t\t\t\t<p><span style=\"font-weight: 400;\">Pracovn\u00ed list  lze vyplnit samostatn\u011b nebo spole\u010dn\u011b s u\u010ditelem, pracovn\u00edkem s ml\u00e1de\u017e\u00ed \u010di poradcem.<\/span><\/p>\t\t\t\t\t\t\t\t<\/div>\n\t\t\t\t<div class=\"elementor-element elementor-element-890e14d elementor-widget elementor-widget-heading\" data-id=\"890e14d\" data-element_type=\"widget\" data-widget_type=\"heading.default\">\n\t\t\t\t\t<h2 class=\"elementor-heading-title elementor-size-default\">Doporu\u010den\u00e9 kroky:<\/h2>\t\t\t\t<\/div>\n\t\t\t\t<div class=\"elementor-element elementor-element-e061987 elementor-icon-list--layout-traditional elementor-list-item-link-full_width elementor-widget elementor-widget-icon-list\" data-id=\"e061987\" data-element_type=\"widget\" data-widget_type=\"icon-list.default\">\n\t\t\t\t\t\t\t<ul class=\"elementor-icon-list-items\">\n\t\t\t\t\t\t\t<li class=\"elementor-icon-list-item\">\n\t\t\t\t\t\t\t\t\t\t<span class=\"elementor-icon-list-text\">1. Stru\u010dn\u011b vysv\u011btlete \u00fa\u010del n\u00e1stroje.<\/span>\n\t\t\t\t\t\t\t\t\t<\/li>\n\t\t\t\t\t\t\t\t<li class=\"elementor-icon-list-item\">\n\t\t\t\t\t\t\t\t\t\t<span class=\"elementor-icon-list-text\">2. Vytvo\u0159te pozitivn\u00ed atmosf\u00e9ru t\u00edm, \u017ee za\u010dnete siln\u00fdmi str\u00e1nkami.<\/span>\n\t\t\t\t\t\t\t\t\t<\/li>\n\t\t\t\t\t\t\t\t<li class=\"elementor-icon-list-item\">\n\t\t\t\t\t\t\t\t\t\t<span class=\"elementor-icon-list-text\">3. Pokra\u010dujte slab\u00fdmi str\u00e1nkami, p\u0159\u00edle\u017eitostmi a mo\u017en\u00fdmi hrozbami.<\/span>\n\t\t\t\t\t\t\t\t\t<\/li>\n\t\t\t\t\t\t\t\t<li class=\"elementor-icon-list-item\">\n\t\t\t\t\t\t\t\t\t\t<span class=\"elementor-icon-list-text\">4. Projd\u011bte hotovou SWOT anal\u00fdzu spole\u010dn\u011b a identifikujte vzorce \u010di pot\u0159eby.<\/span>\n\t\t\t\t\t\t\t\t\t<\/li>\n\t\t\t\t\t\t\t\t<li class=\"elementor-icon-list-item\">\n\t\t\t\t\t\t\t\t\t\t<span class=\"elementor-icon-list-text\">5. Vyu\u017eijte v\u00fdsledky pro pl\u00e1nov\u00e1n\u00ed dal\u0161\u00edch krok\u016f (strategie podpory, c\u00edle nebo kari\u00e9rn\u00ed mo\u017enosti).<\/span>\n\t\t\t\t\t\t\t\t\t<\/li>\n\t\t\t\t\t\t<\/ul>\n\t\t\t\t\t\t<\/div>\n\t\t\t\t<div class=\"elementor-element elementor-element-cf18094 elementor-widget elementor-widget-heading\" data-id=\"cf18094\" data-element_type=\"widget\" data-widget_type=\"heading.default\">\n\t\t\t\t\t<h2 class=\"elementor-heading-title elementor-size-default\">D\u016fle\u017eit\u00e1 doporu\u010den\u00ed pro odborn\u00edky:<\/h2>\t\t\t\t<\/div>\n\t\t\t\t<div class=\"elementor-element elementor-element-5b506ce elementor-icon-list--layout-traditional elementor-list-item-link-full_width elementor-widget elementor-widget-icon-list\" data-id=\"5b506ce\" data-element_type=\"widget\" data-widget_type=\"icon-list.default\">\n\t\t\t\t\t\t\t<ul class=\"elementor-icon-list-items\">\n\t\t\t\t\t\t\t<li class=\"elementor-icon-list-item\">\n\t\t\t\t\t\t\t\t\t\t\t<span class=\"elementor-icon-list-icon\">\n\t\t\t\t\t\t\t<svg aria-hidden=\"true\" class=\"e-font-icon-svg e-fas-dot-circle\" viewbox=\"0 0 512 512\" xmlns=\"http:\/\/www.w3.org\/2000\/svg\"><path d=\"M256 8C119.033 8 8 119.033 8 256s111.033 248 248 248 248-111.033 248-248S392.967 8 256 8zm80 248c0 44.112-35.888 80-80 80s-80-35.888-80-80 35.888-80 80-80 80 35.888 80 80z\"><\/path><\/svg>\t\t\t\t\t\t<\/span>\n\t\t\t\t\t\t\t\t\t\t<span class=\"elementor-icon-list-text\">Zajist\u011bte, aby se mlad\u00fd \u010dlov\u011bk c\u00edtil bezpe\u010dn\u011b a neb\u00e1l se projevit sv\u016fj n\u00e1zor.<\/span>\n\t\t\t\t\t\t\t\t\t<\/li>\n\t\t\t\t\t\t\t\t<li class=\"elementor-icon-list-item\">\n\t\t\t\t\t\t\t\t\t\t\t<span class=\"elementor-icon-list-icon\">\n\t\t\t\t\t\t\t<svg aria-hidden=\"true\" class=\"e-font-icon-svg e-fas-dot-circle\" viewbox=\"0 0 512 512\" xmlns=\"http:\/\/www.w3.org\/2000\/svg\"><path d=\"M256 8C119.033 8 8 119.033 8 256s111.033 248 248 248 248-111.033 248-248S392.967 8 256 8zm80 248c0 44.112-35.888 80-80 80s-80-35.888-80-80 35.888-80 80-80 80 35.888 80 80z\"><\/path><\/svg>\t\t\t\t\t\t<\/span>\n\t\t\t\t\t\t\t\t\t\t<span class=\"elementor-icon-list-text\">Zam\u011b\u0159te se na reflexi zalo\u017eenou na siln\u00fdch str\u00e1nk\u00e1ch.<\/span>\n\t\t\t\t\t\t\t\t\t<\/li>\n\t\t\t\t\t\t\t\t<li class=\"elementor-icon-list-item\">\n\t\t\t\t\t\t\t\t\t\t\t<span class=\"elementor-icon-list-icon\">\n\t\t\t\t\t\t\t<svg aria-hidden=\"true\" class=\"e-font-icon-svg e-fas-dot-circle\" viewbox=\"0 0 512 512\" xmlns=\"http:\/\/www.w3.org\/2000\/svg\"><path d=\"M256 8C119.033 8 8 119.033 8 256s111.033 248 248 248 248-111.033 248-248S392.967 8 256 8zm80 248c0 44.112-35.888 80-80 80s-80-35.888-80-80 35.888-80 80-80 80 35.888 80 80z\"><\/path><\/svg>\t\t\t\t\t\t<\/span>\n\t\t\t\t\t\t\t\t\t\t<span class=\"elementor-icon-list-text\">Podporujte pos\u00edlen\u00ed sebev\u011bdom\u00ed, nikoli n\u00e1lepkov\u00e1n\u00ed.<\/span>\n\t\t\t\t\t\t\t\t\t<\/li>\n\t\t\t\t\t\t<\/ul>\n\t\t\t\t\t\t<\/div>\n\t\t\t\t<\/div>\n\t\t\t\t\t<\/div>\n\t\t\t\t<\/div>\n\t\t<div class=\"elementor-element elementor-element-e232b9d e-flex e-con-boxed e-con e-parent\" data-id=\"e232b9d\" data-element_type=\"container\" data-settings=\"{&quot;background_background&quot;:&quot;classic&quot;}\">\n\t\t\t\t\t<div class=\"e-con-inner\">\n\t\t<div class=\"elementor-element elementor-element-b0b7ebb e-con-full e-flex elementor-invisible e-con e-child\" data-id=\"b0b7ebb\" data-element_type=\"container\" data-settings=\"{&quot;animation&quot;:&quot;fadeInUp&quot;}\">\n\t\t\t\t<div class=\"elementor-element elementor-element-9ff6299 elementor-widget elementor-widget-heading\" data-id=\"9ff6299\" data-element_type=\"widget\" data-widget_type=\"heading.default\">\n\t\t\t\t\t<h2 class=\"elementor-heading-title elementor-size-default\">Pro\u010d je tento n\u00e1stroj d\u016fle\u017eit\u00fd\n<\/h2>\t\t\t\t<\/div>\n\t\t\t\t<div class=\"elementor-element elementor-element-ef14f98 elementor-widget elementor-widget-text-editor\" data-id=\"ef14f98\" data-element_type=\"widget\" data-widget_type=\"text-editor.default\">\n\t\t\t\t\t\t\t\t\t<p><span style=\"font-weight: 400;\">Tento n\u00e1stroj pom\u00e1h\u00e1 mlad\u00fdm lidem z\u00edskat ujasnit si sv\u00e9 kari\u00e9rn\u00ed c\u00edle, p\u0159isp\u00edv\u00e1 tak\u00e9 ke zv\u00fd\u0161en\u00ed jejich sebev\u011bdom\u00ed a pocitu vlastn\u00ed odpov\u011bdnosti za osobn\u00ed rozvoj, a z\u00e1rove\u0148 \u010din\u00ed reflexi p\u0159\u00edstupn\u011bj\u0161\u00ed pro neurodivergentn\u00ed studenty. N\u00e1stroj se pln\u011b shoduje s posl\u00e1n\u00edm projektu SKILL-C vytv\u00e1\u0159et inkluzivn\u00ed, praktick\u00e9 n\u00e1stroje, kter\u00e9 podporuj\u00ed informovan\u00e9 a spravedliv\u00e9 kari\u00e9rn\u00ed veden\u00ed.<\/span><\/p>\t\t\t\t\t\t\t\t<\/div>\n\t\t\t\t<\/div>\n\t\t\t\t\t<\/div>\n\t\t\t\t<\/div>\n\t\t<div class=\"elementor-element elementor-element-097de9d e-flex e-con-boxed e-con e-parent\" data-id=\"097de9d\" data-element_type=\"container\" data-settings=\"{&quot;background_background&quot;:&quot;classic&quot;}\">\n\t\t\t\t\t<div class=\"e-con-inner\">\n\t\t<div class=\"elementor-element elementor-element-5461e77 e-con-full e-flex elementor-invisible e-con e-child\" data-id=\"5461e77\" data-element_type=\"container\" data-settings=\"{&quot;animation&quot;:&quot;fadeInRight&quot;}\">\n\t\t\t\t<div class=\"elementor-element elementor-element-8e8b2d9 elementor-widget elementor-widget-heading\" data-id=\"8e8b2d9\" data-element_type=\"widget\" data-widget_type=\"heading.default\">\n\t\t\t\t\t<h2 class=\"elementor-heading-title elementor-size-default\">V\u00fdzva k akci\n<\/h2>\t\t\t\t<\/div>\n\t\t\t\t<div class=\"elementor-element elementor-element-5e4e030 elementor-widget elementor-widget-text-editor\" data-id=\"5e4e030\" data-element_type=\"widget\" data-widget_type=\"text-editor.default\">\n\t\t\t\t\t\t\t\t\t<p><span style=\"font-weight: 400;\">St\u00e1hn\u011bte si PDF a pomozte mlad\u00fdm lidem objevit jejich siln\u00e9 str\u00e1nky, pochopit jejich v\u00fdzvy a podniknout smyslupln\u00e9 kroky sm\u011brem k jejich budoucnosti. Za\u010dn\u011bte jej pou\u017e\u00edvat je\u0161t\u011b dnes pro podporu sebev\u011bdom\u00ed, jasnosti a r\u016fstu.<\/span><\/p>\t\t\t\t\t\t\t\t<\/div>\n\t\t\t\t<div class=\"elementor-element elementor-element-a0235ee elementor-align-left elementor-widget elementor-widget-button\" data-id=\"a0235ee\" data-element_type=\"widget\" data-widget_type=\"button.default\">\n\t\t\t\t\t\t\t\t\t\t<a class=\"elementor-button elementor-button-link elementor-size-sm\" href=\"https:\/\/cskill.eu\/wp-content\/uploads\/2025\/12\/MK-Understand-your-strengths-challenges_-SWOT-analysis-PDF.pdf\" target=\"_blank\">\n\t\t\t\t\t\t<span class=\"elementor-button-content-wrapper\">\n\t\t\t\t\t\t\t\t\t<span class=\"elementor-button-text\">Za\u010dn\u011bte<\/span>\n\t\t\t\t\t<\/span>\n\t\t\t\t\t<\/a>\n\t\t\t\t\t\t\t\t<\/div>\n\t\t\t\t<\/div>\n\t\t\t\t\t<\/div>\n\t\t\t\t<\/div>\n\t\t\t\t<\/div>","protected":false},"excerpt":{"rendered":"<p>\u0410\u043b\u0430\u0442\u043a\u0430\u0442\u0430 \u201e\u041f\u0440\u0435\u043f\u043e\u0437\u043d\u0430\u0458 \u0433\u0438 \u0441\u0432\u043e\u0438\u0442\u0435 \u043f\u0440\u0435\u0434\u043d\u043e\u0441\u0442\u0438 \u0438 \u043f\u0440\u0435\u0434\u0438\u0437\u0432\u0438\u0446\u0438: SWOT \u0430\u043d\u0430\u043b\u0438\u0437\u0430\u201c \u0435 \u0440\u0430\u0437\u0432\u0438\u0435\u043d\u0430 \u043e\u0434 \u041a\u0440\u0435\u0430\u0442\u0438\u0432\u043d\u0430 \u043a\u0443\u045c\u0430 (\u0421\u0435\u0432\u0435\u0440\u043d\u0430 \u041c\u0430\u043a\u0435\u0434\u043e\u043d\u0438\u0458\u0430) \u0432\u043e \u0440\u0430\u043c\u043a\u0438\u0442\u0435 \u043d\u0430 \u0415\u0440\u0430\u0437\u043c\u0443\u0441+ \u043f\u0440\u043e\u0435\u043a\u0442\u043e\u0442 SkillCompass: Empowering Youth with Learning Differences through Inclusive Career Guidance Tools. \u041f\u0440\u0435\u0433\u043b\u0435\u0434 \u041e\u0432\u0430\u0430 \u0430\u043b\u0430\u0442\u043a\u0430 \u0438\u043c \u0433\u043e \u043f\u0440\u0435\u0442\u0441\u0442\u0430\u0432\u0443\u0432\u0430 \u043d\u0430 \u043c\u043b\u0430\u0434\u0438\u0442\u0435 SWOT \u043c\u043e\u0434\u0435\u043b\u043e\u0442 (\u0441\u0438\u043b\u043d\u0438 \u0441\u0442\u0440\u0430\u043d\u0438, \u0441\u043b\u0430\u0431\u043e\u0441\u0442\u0438, \u043c\u043e\u0436\u043d\u043e\u0441\u0442\u0438, \u0437\u0430\u043a\u0430\u043d\u0438) \u043a\u0430\u043a\u043e \u0435\u0434\u043d\u043e\u0441\u0442\u0430\u0432\u0435\u043d \u0438 \u0432\u0438\u0437\u0443\u0435\u043b\u0435\u043d \u043d\u0430\u0447\u0438\u043d \u0437\u0430 \u0440\u0430\u0437\u043c\u0438\u0441\u043b\u0443\u0432\u0430\u045a\u0435 \u0437\u0430 [&hellip;]<\/p>","protected":false},"author":1,"featured_media":0,"parent":1077,"menu_order":0,"comment_status":"closed","ping_status":"closed","template":"elementor_header_footer","meta":{"_acf_changed":false,"footnotes":""},"class_list":["post-1113","page","type-page","status-publish","hentry"],"acf":[],"_links":{"self":[{"href":"https:\/\/cskill.eu\/cs\/wp-json\/wp\/v2\/pages\/1113","targetHints":{"allow":["GET"]}}],"collection":[{"href":"https:\/\/cskill.eu\/cs\/wp-json\/wp\/v2\/pages"}],"about":[{"href":"https:\/\/cskill.eu\/cs\/wp-json\/wp\/v2\/types\/page"}],"author":[{"embeddable":true,"href":"https:\/\/cskill.eu\/cs\/wp-json\/wp\/v2\/users\/1"}],"replies":[{"embeddable":true,"href":"https:\/\/cskill.eu\/cs\/wp-json\/wp\/v2\/comments?post=1113"}],"version-history":[{"count":13,"href":"https:\/\/cskill.eu\/cs\/wp-json\/wp\/v2\/pages\/1113\/revisions"}],"predecessor-version":[{"id":1129,"href":"https:\/\/cskill.eu\/cs\/wp-json\/wp\/v2\/pages\/1113\/revisions\/1129"}],"up":[{"embeddable":true,"href":"https:\/\/cskill.eu\/cs\/wp-json\/wp\/v2\/pages\/1077"}],"wp:attachment":[{"href":"https:\/\/cskill.eu\/cs\/wp-json\/wp\/v2\/media?parent=1113"}],"curies":[{"name":"wp","href":"https:\/\/api.w.org\/{rel}","templated":true}]}}