{"id":1096,"date":"2025-12-16T11:20:23","date_gmt":"2025-12-16T11:20:23","guid":{"rendered":"https:\/\/cskill.eu\/?page_id=1096"},"modified":"2025-12-16T11:40:05","modified_gmt":"2025-12-16T11:40:05","slug":"vodich-za-edukatori","status":"publish","type":"page","link":"https:\/\/cskill.eu\/cs\/alatki\/swot-analysis-for-career-orientation\/vodich-za-edukatori\/","title":{"rendered":"Pr\u016fvodce pro pedagogy"},"content":{"rendered":"<div data-elementor-type=\"wp-page\" data-elementor-id=\"1096\" class=\"elementor elementor-1096\" data-elementor-settings=\"{&quot;element_pack_global_tooltip_width&quot;:{&quot;unit&quot;:&quot;px&quot;,&quot;size&quot;:&quot;&quot;,&quot;sizes&quot;:[]},&quot;element_pack_global_tooltip_width_tablet&quot;:{&quot;unit&quot;:&quot;px&quot;,&quot;size&quot;:&quot;&quot;,&quot;sizes&quot;:[]},&quot;element_pack_global_tooltip_width_mobile&quot;:{&quot;unit&quot;:&quot;px&quot;,&quot;size&quot;:&quot;&quot;,&quot;sizes&quot;:[]},&quot;element_pack_global_tooltip_padding&quot;:{&quot;unit&quot;:&quot;px&quot;,&quot;top&quot;:&quot;&quot;,&quot;right&quot;:&quot;&quot;,&quot;bottom&quot;:&quot;&quot;,&quot;left&quot;:&quot;&quot;,&quot;isLinked&quot;:true},&quot;element_pack_global_tooltip_padding_tablet&quot;:{&quot;unit&quot;:&quot;px&quot;,&quot;top&quot;:&quot;&quot;,&quot;right&quot;:&quot;&quot;,&quot;bottom&quot;:&quot;&quot;,&quot;left&quot;:&quot;&quot;,&quot;isLinked&quot;:true},&quot;element_pack_global_tooltip_padding_mobile&quot;:{&quot;unit&quot;:&quot;px&quot;,&quot;top&quot;:&quot;&quot;,&quot;right&quot;:&quot;&quot;,&quot;bottom&quot;:&quot;&quot;,&quot;left&quot;:&quot;&quot;,&quot;isLinked&quot;:true},&quot;element_pack_global_tooltip_border_radius&quot;:{&quot;unit&quot;:&quot;px&quot;,&quot;top&quot;:&quot;&quot;,&quot;right&quot;:&quot;&quot;,&quot;bottom&quot;:&quot;&quot;,&quot;left&quot;:&quot;&quot;,&quot;isLinked&quot;:true},&quot;element_pack_global_tooltip_border_radius_tablet&quot;:{&quot;unit&quot;:&quot;px&quot;,&quot;top&quot;:&quot;&quot;,&quot;right&quot;:&quot;&quot;,&quot;bottom&quot;:&quot;&quot;,&quot;left&quot;:&quot;&quot;,&quot;isLinked&quot;:true},&quot;element_pack_global_tooltip_border_radius_mobile&quot;:{&quot;unit&quot;:&quot;px&quot;,&quot;top&quot;:&quot;&quot;,&quot;right&quot;:&quot;&quot;,&quot;bottom&quot;:&quot;&quot;,&quot;left&quot;:&quot;&quot;,&quot;isLinked&quot;:true}}\" data-elementor-post-type=\"page\">\n\t\t\t\t<div class=\"elementor-element elementor-element-89c373f e-flex e-con-boxed e-con e-parent\" data-id=\"89c373f\" data-element_type=\"container\" data-settings=\"{&quot;background_background&quot;:&quot;classic&quot;}\">\n\t\t\t\t\t<div class=\"e-con-inner\">\n\t\t<div class=\"elementor-element elementor-element-fa26875 e-flex e-con-boxed e-con e-child\" data-id=\"fa26875\" data-element_type=\"container\">\n\t\t\t\t\t<div class=\"e-con-inner\">\n\t\t\t\t<div class=\"elementor-element elementor-element-e3b67d2 elementor-invisible elementor-widget elementor-widget-heading\" data-id=\"e3b67d2\" data-element_type=\"widget\" data-settings=\"{&quot;_animation&quot;:&quot;fadeInUp&quot;,&quot;_animation_delay&quot;:200}\" data-widget_type=\"heading.default\">\n\t\t\t\t\t<h1 class=\"elementor-heading-title elementor-size-default\">Pr\u016fvodce pro pedagogy<\/h1>\t\t\t\t<\/div>\n\t\t\t\t\t<\/div>\n\t\t\t\t<\/div>\n\t\t\t\t\t<\/div>\n\t\t\t\t<\/div>\n\t\t<div class=\"elementor-element elementor-element-6e095bf e-flex e-con-boxed e-con e-parent\" data-id=\"6e095bf\" data-element_type=\"container\" data-settings=\"{&quot;background_background&quot;:&quot;classic&quot;}\">\n\t\t\t\t\t<div class=\"e-con-inner\">\n\t\t<div class=\"elementor-element elementor-element-50544c9 e-con-full e-flex elementor-invisible e-con e-child\" data-id=\"50544c9\" data-element_type=\"container\" data-settings=\"{&quot;animation&quot;:&quot;fadeInRight&quot;}\">\n\t\t\t\t<div class=\"elementor-element elementor-element-c66d61f elementor-widget elementor-widget-heading\" data-id=\"c66d61f\" data-element_type=\"widget\" data-widget_type=\"heading.default\">\n\t\t\t\t\t<h2 class=\"elementor-heading-title elementor-size-default\">Pr\u016fvodce pro pedagogy a kari\u00e9rov\u00e9 poradce: SWOT anal\u00fdza pro kari\u00e9rov\u00e9 poradenstv\u00ed v neurodiverzn\u00edch t\u0159\u00edd\u00e1ch<\/h2>\t\t\t\t<\/div>\n\t\t\t\t<div class=\"elementor-element elementor-element-14e9b30 elementor-widget elementor-widget-text-editor\" data-id=\"14e9b30\" data-element_type=\"widget\" data-widget_type=\"text-editor.default\">\n\t\t\t\t\t\t\t\t\t<p><span style=\"font-weight: 400;\">\u201ePr\u016fvodce pro pedagogy a kari\u00e9rov\u00e9 poradce: SWOT anal\u00fdza pro kari\u00e9rov\u00e9 poradenstv\u00ed v neurodiverzn\u00edch t\u0159\u00edd\u00e1ch\u201c byl vytvo\u0159en organizac\u00ed Creative House (Severn\u00ed Makedonie) v r\u00e1mci projektu podpo\u0159en\u00e9ho programem Erasmus + <\/span><i><span style=\"font-weight: 400;\">SkillCompass: Empowering Youth with Learning Differences through Inclusive Career Guidance Tools.<\/span><\/i><\/p>\t\t\t\t\t\t\t\t<\/div>\n\t\t\t\t<div class=\"elementor-element elementor-element-1c1b9d9 elementor-widget elementor-widget-heading\" data-id=\"1c1b9d9\" data-element_type=\"widget\" data-widget_type=\"heading.default\">\n\t\t\t\t\t<h2 class=\"elementor-heading-title elementor-size-default\">\u00davod<\/h2>\t\t\t\t<\/div>\n\t\t\t\t<div class=\"elementor-element elementor-element-c1f0939 elementor-widget elementor-widget-text-editor\" data-id=\"c1f0939\" data-element_type=\"widget\" data-widget_type=\"text-editor.default\">\n\t\t\t\t\t\t\t\t\t<p><span style=\"font-weight: 400;\">Tento  pr\u016fvodce je praktick\u00fdm n\u00e1strojem, kter\u00fd m\u00e1 pedagog\u016fm pomoci aplikovat metodu SWOT (siln\u00e9 str\u00e1nky, slab\u00e9 str\u00e1nky, p\u0159\u00edle\u017eitosti, hrozby) p\u0159i podpo\u0159e neurodiverzn\u00edch student\u016f v jejich procesu kari\u00e9rn\u00ed orientace. \u0158e\u0161\u00ed v\u00fdzvu poskytov\u00e1n\u00ed individu\u00e1ln\u00edho poradenstv\u00ed t\u00edm, \u017ee nab\u00edz\u00ed strukturovan\u00fd a p\u0159\u00edstupn\u00fd zp\u016fsob mapov\u00e1n\u00ed individu\u00e1ln\u00edch schopnost\u00ed a vn\u011bj\u0161\u00edch faktor\u016f ovliv\u0148uj\u00edc\u00edch kari\u00e9rn\u00ed dr\u00e1hu student\u016f.<\/span><\/p>\t\t\t\t\t\t\t\t<\/div>\n\t\t\t\t<div class=\"elementor-element elementor-element-056f86b elementor-widget elementor-widget-heading\" data-id=\"056f86b\" data-element_type=\"widget\" data-widget_type=\"heading.default\">\n\t\t\t\t\t<h2 class=\"elementor-heading-title elementor-size-default\">C\u00edl n\u00e1stroje<\/h2>\t\t\t\t<\/div>\n\t\t\t\t<div class=\"elementor-element elementor-element-f682c0f elementor-widget elementor-widget-text-editor\" data-id=\"f682c0f\" data-element_type=\"widget\" data-widget_type=\"text-editor.default\">\n\t\t\t\t\t\t\t\t\t<p><span style=\"font-weight: 400;\">Mlad\u00ed lid\u00e9 s neurodiverzn\u00edmi rysy se \u010dasto pot\u00fdkaj\u00ed s tradi\u010dn\u00edmi p\u0159\u00edstupy kari\u00e9rn\u00edho poradenstv\u00ed, kter\u00e9 neodr\u00e1\u017eej\u00ed jejich jedine\u010dn\u00e9 siln\u00e9 str\u00e1nky, v\u00fdzvy a vzd\u011bl\u00e1vac\u00ed pot\u0159eby. Pedagogov\u00e9 pot\u0159ebuj\u00ed metody, kter\u00e9 podporuj\u00ed individualizovan\u00e9 porozum\u011bn\u00ed, sp\u00ed\u0161e ne\u017e univerz\u00e1ln\u00ed hodnocen\u00ed.<\/span><\/p><p><span style=\"font-weight: 400;\">Pr\u016fvodce tuto mezeru vypl\u0148uje t\u00edm, \u017ee poskytuje jasn\u00fd a p\u0159izp\u016fsobiv\u00fd SWOT r\u00e1mec, kter\u00fd pom\u00e1h\u00e1 u\u010ditel\u016fm analyzovat potenci\u00e1l student\u016f holistk\u00fdch p\u0159\u00edstupem. Zaji\u0161\u0165uje, aby kari\u00e9rn\u00ed rozhovory zohled\u0148ovaly jak vnit\u0159n\u00ed rysy, tak vn\u011bj\u0161\u00ed p\u0159\u00edle\u017eitosti, co\u017e v kone\u010dn\u00e9m d\u016fsledku podporuje informovan\u011bj\u0161\u00ed a inkluzivn\u011bj\u0161\u00ed rozhodov\u00e1n\u00ed.\u00a0<\/span><\/p>\t\t\t\t\t\t\t\t<\/div>\n\t\t\t\t<\/div>\n\t\t\t\t\t<\/div>\n\t\t\t\t<\/div>\n\t\t<div class=\"elementor-element elementor-element-54a49e7 e-flex e-con-boxed e-con e-parent\" data-id=\"54a49e7\" data-element_type=\"container\" data-settings=\"{&quot;background_background&quot;:&quot;classic&quot;}\">\n\t\t\t\t\t<div class=\"e-con-inner\">\n\t\t<div class=\"elementor-element elementor-element-cbde4e7 e-con-full e-flex elementor-invisible e-con e-child\" data-id=\"cbde4e7\" data-element_type=\"container\" data-settings=\"{&quot;animation&quot;:&quot;fadeInLeft&quot;}\">\n\t\t\t\t<div class=\"elementor-element elementor-element-348bc51 elementor-widget elementor-widget-heading\" data-id=\"348bc51\" data-element_type=\"widget\" data-widget_type=\"heading.default\">\n\t\t\t\t\t<h2 class=\"elementor-heading-title elementor-size-default\">C\u00edlov\u00e9 skupiny<\/h2>\t\t\t\t<\/div>\n\t\t\t\t<div class=\"elementor-element elementor-element-e174a63 elementor-widget elementor-widget-text-editor\" data-id=\"e174a63\" data-element_type=\"widget\" data-widget_type=\"text-editor.default\">\n\t\t\t\t\t\t\t\t\t<p><span style=\"font-weight: 400;\">Pr\u016fvodce je ur\u010den pedagog\u016fm, \u0161koln\u00edm poradc\u016fm, u\u010ditel\u016fm speci\u00e1ln\u00ed pedagogiky, pracovn\u00edk\u016fm s ml\u00e1de\u017e\u00ed a odborn\u00edk\u016fm, kte\u0159\u00ed podporuj\u00ed mlad\u00e9 lidi v pl\u00e1nov\u00e1n\u00ed jejich vzd\u011bl\u00e1vac\u00ed a kari\u00e9rn\u00ed budoucnosti.<\/span><span style=\"font-weight: 400;\"><br \/><\/span><span style=\"font-weight: 400;\">M\u016f\u017ee b\u00fdt tak\u00e9 prosp\u011b\u0161n\u00fd pro rodi\u010de a pe\u010duj\u00edc\u00ed osoby, kte\u0159\u00ed cht\u011bj\u00ed l\u00e9pe porozum\u011bt tomu, jak pomoci  mlad\u00fdm lidem s neurodiverzn\u00edmi rysy na jejich kari\u00e9rn\u00ed cest\u011b.<\/span><\/p>\t\t\t\t\t\t\t\t<\/div>\n\t\t\t\t<div class=\"elementor-element elementor-element-db15a94 elementor-widget elementor-widget-heading\" data-id=\"db15a94\" data-element_type=\"widget\" data-widget_type=\"heading.default\">\n\t\t\t\t\t<h2 class=\"elementor-heading-title elementor-size-default\">Popis n\u00e1stroje\n<\/h2>\t\t\t\t<\/div>\n\t\t\t\t<div class=\"elementor-element elementor-element-4bebc42 elementor-widget elementor-widget-text-editor\" data-id=\"4bebc42\" data-element_type=\"widget\" data-widget_type=\"text-editor.default\">\n\t\t\t\t\t\t\t\t\t<p><span style=\"font-weight: 400;\">Pr\u016fvodce obsahuje vysv\u011btlen\u00ed SWOT modelu p\u0159izp\u016fsoben\u00e9ho pro mlad\u00e9 lidi  s neurodiverzn\u00edmi rysy, podrobn\u00e9 pokyny pro prov\u00e1d\u011bn\u00ed SWOT anal\u00fdz, pracovn\u00ed listy vhodn\u00e9 pro studenty, podn\u011bty k reflexi a p\u0159\u00edklady vypln\u011bn\u00fdch SWOT profil\u016f.\u00a0<\/span><\/p><p><span style=\"font-weight: 400;\">D\u00edky sv\u00e9 p\u0159\u00edstupn\u00e9 struktu\u0159e je vhodn\u00fd pro v\u00fduku ve t\u0159\u00edd\u00e1ch, workshopech nebo individu\u00e1ln\u00ed poradenstv\u00ed.<\/span><\/p>\t\t\t\t\t\t\t\t<\/div>\n\t\t\t\t<\/div>\n\t\t<div class=\"elementor-element elementor-element-c4f3f68 e-con-full e-flex elementor-invisible e-con e-child\" data-id=\"c4f3f68\" data-element_type=\"container\" data-settings=\"{&quot;animation&quot;:&quot;fadeInRight&quot;}\">\n\t\t\t\t<div class=\"elementor-element elementor-element-5dcbeab elementor-widget elementor-widget-image\" data-id=\"5dcbeab\" data-element_type=\"widget\" data-widget_type=\"image.default\">\n\t\t\t\t\t\t\t\t\t\t\t\t\t\t\t<img fetchpriority=\"high\" decoding=\"async\" width=\"1000\" height=\"1500\" src=\"https:\/\/cskill.eu\/wp-content\/uploads\/2025\/12\/188832.jpg\" class=\"attachment-full size-full wp-image-963\" alt=\"\" srcset=\"https:\/\/cskill.eu\/wp-content\/uploads\/2025\/12\/188832.jpg 1000w, https:\/\/cskill.eu\/wp-content\/uploads\/2025\/12\/188832-200x300.jpg 200w, https:\/\/cskill.eu\/wp-content\/uploads\/2025\/12\/188832-683x1024.jpg 683w, https:\/\/cskill.eu\/wp-content\/uploads\/2025\/12\/188832-768x1152.jpg 768w, https:\/\/cskill.eu\/wp-content\/uploads\/2025\/12\/188832-8x12.jpg 8w\" sizes=\"(max-width: 1000px) 100vw, 1000px\" \/>\t\t\t\t\t\t\t\t\t\t\t\t\t\t\t<\/div>\n\t\t\t\t<\/div>\n\t\t\t\t\t<\/div>\n\t\t\t\t<\/div>\n\t\t<div class=\"elementor-element elementor-element-038fa2d e-flex e-con-boxed e-con e-parent\" data-id=\"038fa2d\" data-element_type=\"container\" data-settings=\"{&quot;background_background&quot;:&quot;classic&quot;}\">\n\t\t\t\t\t<div class=\"e-con-inner\">\n\t\t<div class=\"elementor-element elementor-element-f0e2d6d e-con-full e-flex e-con e-child\" data-id=\"f0e2d6d\" data-element_type=\"container\">\n\t\t<div class=\"elementor-element elementor-element-e6278e2 e-con-full e-flex elementor-invisible e-con e-child\" data-id=\"e6278e2\" data-element_type=\"container\" data-settings=\"{&quot;animation&quot;:&quot;fadeInLeft&quot;}\">\n\t\t\t\t<div class=\"elementor-element elementor-element-144b540 elementor-widget elementor-widget-image\" data-id=\"144b540\" data-element_type=\"widget\" data-widget_type=\"image.default\">\n\t\t\t\t\t\t\t\t\t\t\t\t\t\t\t<img decoding=\"async\" width=\"1000\" height=\"1500\" src=\"https:\/\/cskill.eu\/wp-content\/uploads\/2025\/12\/29070.jpg\" class=\"attachment-full size-full wp-image-1101\" alt=\"\" srcset=\"https:\/\/cskill.eu\/wp-content\/uploads\/2025\/12\/29070.jpg 1000w, https:\/\/cskill.eu\/wp-content\/uploads\/2025\/12\/29070-200x300.jpg 200w, https:\/\/cskill.eu\/wp-content\/uploads\/2025\/12\/29070-683x1024.jpg 683w, https:\/\/cskill.eu\/wp-content\/uploads\/2025\/12\/29070-768x1152.jpg 768w, https:\/\/cskill.eu\/wp-content\/uploads\/2025\/12\/29070-8x12.jpg 8w\" sizes=\"(max-width: 1000px) 100vw, 1000px\" \/>\t\t\t\t\t\t\t\t\t\t\t\t\t\t\t<\/div>\n\t\t\t\t<\/div>\n\t\t\t\t<\/div>\n\t\t<div class=\"elementor-element elementor-element-a4510aa e-con-full e-flex elementor-invisible e-con e-child\" data-id=\"a4510aa\" data-element_type=\"container\" data-settings=\"{&quot;animation&quot;:&quot;fadeInRight&quot;}\">\n\t\t\t\t<div class=\"elementor-element elementor-element-fbf1ea9 elementor-widget elementor-widget-heading\" data-id=\"fbf1ea9\" data-element_type=\"widget\" data-widget_type=\"heading.default\">\n\t\t\t\t\t<h2 class=\"elementor-heading-title elementor-size-default\">N\u00e1vod na pou\u017eit\u00ed n\u00e1stroje<\/h2>\t\t\t\t<\/div>\n\t\t\t\t<div class=\"elementor-element elementor-element-6fae026 elementor-widget elementor-widget-text-editor\" data-id=\"6fae026\" data-element_type=\"widget\" data-widget_type=\"text-editor.default\">\n\t\t\t\t\t\t\t\t\t<p><span style=\"font-weight: 400;\">Pr\u016fvodce lze pou\u017e\u00edt individu\u00e1ln\u011b nebo ve skupin\u00e1ch, b\u011bhem poradensk\u00fdch sezen\u00ed, kurz\u016f kari\u00e9rn\u00edho poradenstv\u00ed nebo p\u0159i individu\u00e1ln\u00ed pr\u00e1ci.<\/span><\/p>\t\t\t\t\t\t\t\t<\/div>\n\t\t\t\t<div class=\"elementor-element elementor-element-e4b3a76 elementor-widget elementor-widget-heading\" data-id=\"e4b3a76\" data-element_type=\"widget\" data-widget_type=\"heading.default\">\n\t\t\t\t\t<h2 class=\"elementor-heading-title elementor-size-default\">Doporu\u010den\u00e9 kroky:<\/h2>\t\t\t\t<\/div>\n\t\t\t\t<div class=\"elementor-element elementor-element-5990ab0 elementor-icon-list--layout-traditional elementor-list-item-link-full_width elementor-widget elementor-widget-icon-list\" data-id=\"5990ab0\" data-element_type=\"widget\" data-widget_type=\"icon-list.default\">\n\t\t\t\t\t\t\t<ul class=\"elementor-icon-list-items\">\n\t\t\t\t\t\t\t<li class=\"elementor-icon-list-item\">\n\t\t\t\t\t\t\t\t\t\t<span class=\"elementor-icon-list-text\">1. P\u0159edstavte SWOT  pomoc\u00ed jednoduch\u00fdch vysv\u011btlen\u00ed v pr\u016fvodci.<\/span>\n\t\t\t\t\t\t\t\t\t<\/li>\n\t\t\t\t\t\t\t\t<li class=\"elementor-icon-list-item\">\n\t\t\t\t\t\t\t\t\t\t<span class=\"elementor-icon-list-text\">2. Spole\u010dn\u011b identifikujte siln\u00e9 str\u00e1nky a v\u00fdzvy.<\/span>\n\t\t\t\t\t\t\t\t\t<\/li>\n\t\t\t\t\t\t\t\t<li class=\"elementor-icon-list-item\">\n\t\t\t\t\t\t\t\t\t\t<span class=\"elementor-icon-list-text\">3. Zmapujte p\u0159\u00edle\u017eitosti a potenci\u00e1ln\u00ed p\u0159ek\u00e1\u017eky.<\/span>\n\t\t\t\t\t\t\t\t\t<\/li>\n\t\t\t\t\t\t\t\t<li class=\"elementor-icon-list-item\">\n\t\t\t\t\t\t\t\t\t\t<span class=\"elementor-icon-list-text\">4. Pou\u017eijte pracovn\u00ed listy k vytvo\u0159en\u00ed kompletn\u00edho SWOT profilu.<\/span>\n\t\t\t\t\t\t\t\t\t<\/li>\n\t\t\t\t\t\t\t\t<li class=\"elementor-icon-list-item\">\n\t\t\t\t\t\t\t\t\t\t<span class=\"elementor-icon-list-text\">5. Na z\u00e1klad\u011b v\u00fdsledk\u016f diskutujte o mo\u017en\u00fdch kari\u00e9rn\u00edch sm\u011brech nebo dal\u0161\u00edch kroc\u00edch.<\/span>\n\t\t\t\t\t\t\t\t\t<\/li>\n\t\t\t\t\t\t<\/ul>\n\t\t\t\t\t\t<\/div>\n\t\t\t\t<div class=\"elementor-element elementor-element-a938d4a elementor-widget elementor-widget-heading\" data-id=\"a938d4a\" data-element_type=\"widget\" data-widget_type=\"heading.default\">\n\t\t\t\t\t<h2 class=\"elementor-heading-title elementor-size-default\">D\u016fle\u017eit\u00e1 doporu\u010den\u00ed pro odborn\u00edky:<\/h2>\t\t\t\t<\/div>\n\t\t\t\t<div class=\"elementor-element elementor-element-efb9bab elementor-icon-list--layout-traditional elementor-list-item-link-full_width elementor-widget elementor-widget-icon-list\" data-id=\"efb9bab\" data-element_type=\"widget\" data-widget_type=\"icon-list.default\">\n\t\t\t\t\t\t\t<ul class=\"elementor-icon-list-items\">\n\t\t\t\t\t\t\t<li class=\"elementor-icon-list-item\">\n\t\t\t\t\t\t\t\t\t\t\t<span class=\"elementor-icon-list-icon\">\n\t\t\t\t\t\t\t<svg aria-hidden=\"true\" class=\"e-font-icon-svg e-fas-dot-circle\" viewbox=\"0 0 512 512\" xmlns=\"http:\/\/www.w3.org\/2000\/svg\"><path d=\"M256 8C119.033 8 8 119.033 8 256s111.033 248 248 248 248-111.033 248-248S392.967 8 256 8zm80 248c0 44.112-35.888 80-80 80s-80-35.888-80-80 35.888-80 80-80 80 35.888 80 80z\"><\/path><\/svg>\t\t\t\t\t\t<\/span>\n\t\t\t\t\t\t\t\t\t\t<span class=\"elementor-icon-list-text\">Zajist\u011bte podp\u016frn\u00e9 prost\u0159ed\u00ed zalo\u017een\u00e9 na siln\u00fdch str\u00e1nk\u00e1ch.<\/span>\n\t\t\t\t\t\t\t\t\t<\/li>\n\t\t\t\t\t\t\t\t<li class=\"elementor-icon-list-item\">\n\t\t\t\t\t\t\t\t\t\t\t<span class=\"elementor-icon-list-icon\">\n\t\t\t\t\t\t\t<svg aria-hidden=\"true\" class=\"e-font-icon-svg e-fas-dot-circle\" viewbox=\"0 0 512 512\" xmlns=\"http:\/\/www.w3.org\/2000\/svg\"><path d=\"M256 8C119.033 8 8 119.033 8 256s111.033 248 248 248 248-111.033 248-248S392.967 8 256 8zm80 248c0 44.112-35.888 80-80 80s-80-35.888-80-80 35.888-80 80-80 80 35.888 80 80z\"><\/path><\/svg>\t\t\t\t\t\t<\/span>\n\t\t\t\t\t\t\t\t\t\t<span class=\"elementor-icon-list-text\">Povzbuzujte studenty k zapojen\u00ed a sebereflexi.<\/span>\n\t\t\t\t\t\t\t\t\t<\/li>\n\t\t\t\t\t\t\t\t<li class=\"elementor-icon-list-item\">\n\t\t\t\t\t\t\t\t\t\t\t<span class=\"elementor-icon-list-icon\">\n\t\t\t\t\t\t\t<svg aria-hidden=\"true\" class=\"e-font-icon-svg e-fas-dot-circle\" viewbox=\"0 0 512 512\" xmlns=\"http:\/\/www.w3.org\/2000\/svg\"><path d=\"M256 8C119.033 8 8 119.033 8 256s111.033 248 248 248 248-111.033 248-248S392.967 8 256 8zm80 248c0 44.112-35.888 80-80 80s-80-35.888-80-80 35.888-80 80-80 80 35.888 80 80z\"><\/path><\/svg>\t\t\t\t\t\t<\/span>\n\t\t\t\t\t\t\t\t\t\t<span class=\"elementor-icon-list-text\">Vyhn\u011bte se n\u00e1lepkov\u00e1n\u00ed.<\/span>\n\t\t\t\t\t\t\t\t\t<\/li>\n\t\t\t\t\t\t\t\t<li class=\"elementor-icon-list-item\">\n\t\t\t\t\t\t\t\t\t\t\t<span class=\"elementor-icon-list-icon\">\n\t\t\t\t\t\t\t<svg aria-hidden=\"true\" class=\"e-font-icon-svg e-fas-dot-circle\" viewbox=\"0 0 512 512\" xmlns=\"http:\/\/www.w3.org\/2000\/svg\"><path d=\"M256 8C119.033 8 8 119.033 8 256s111.033 248 248 248 248-111.033 248-248S392.967 8 256 8zm80 248c0 44.112-35.888 80-80 80s-80-35.888-80-80 35.888-80 80-80 80 35.888 80 80z\"><\/path><\/svg>\t\t\t\t\t\t<\/span>\n\t\t\t\t\t\t\t\t\t\t<span class=\"elementor-icon-list-text\">P\u0159izp\u016fsobte tempo a komunikaci individu\u00e1ln\u00edm pot\u0159eb\u00e1m.<\/span>\n\t\t\t\t\t\t\t\t\t<\/li>\n\t\t\t\t\t\t<\/ul>\n\t\t\t\t\t\t<\/div>\n\t\t\t\t<\/div>\n\t\t\t\t\t<\/div>\n\t\t\t\t<\/div>\n\t\t<div class=\"elementor-element elementor-element-a74bb61 e-flex e-con-boxed e-con e-parent\" data-id=\"a74bb61\" data-element_type=\"container\" data-settings=\"{&quot;background_background&quot;:&quot;classic&quot;}\">\n\t\t\t\t\t<div class=\"e-con-inner\">\n\t\t<div class=\"elementor-element elementor-element-2194bb6 e-con-full e-flex elementor-invisible e-con e-child\" data-id=\"2194bb6\" data-element_type=\"container\" data-settings=\"{&quot;animation&quot;:&quot;fadeInUp&quot;}\">\n\t\t\t\t<div class=\"elementor-element elementor-element-a1d4ca4 elementor-widget elementor-widget-heading\" data-id=\"a1d4ca4\" data-element_type=\"widget\" data-widget_type=\"heading.default\">\n\t\t\t\t\t<h2 class=\"elementor-heading-title elementor-size-default\">Pro\u010d je tento n\u00e1stroj d\u016fle\u017eit\u00fd\n<\/h2>\t\t\t\t<\/div>\n\t\t\t\t<div class=\"elementor-element elementor-element-152f652 elementor-widget elementor-widget-text-editor\" data-id=\"152f652\" data-element_type=\"widget\" data-widget_type=\"text-editor.default\">\n\t\t\t\t\t\t\t\t\t<p><span style=\"font-weight: 400;\">Pr\u016fvodce podporuje inkluzi t\u00edm, \u017ee kari\u00e9rn\u00ed orientaci \u010din\u00ed p\u0159\u00edstupn\u011bj\u0161\u00ed, personalizovan\u011bj\u0161\u00ed a podp\u016frn\u011bj\u0161\u00ed pro neurodiverzn\u00ed studenty. P\u0159\u00edmo p\u0159isp\u00edv\u00e1 k posl\u00e1n\u00ed projektu SKILL-C, kter\u00fdm je vytv\u00e1\u0159en\u00ed spravedliv\u00fdch n\u00e1stroj\u016f kari\u00e9rn\u00edho poradenstv\u00ed, kter\u00e9 umo\u017en\u00ed v\u0161em mlad\u00fdm lidem objevovat a rozv\u00edjet sv\u016fj potenci\u00e1l.<\/span><\/p>\t\t\t\t\t\t\t\t<\/div>\n\t\t\t\t<\/div>\n\t\t\t\t\t<\/div>\n\t\t\t\t<\/div>\n\t\t<div class=\"elementor-element elementor-element-daf8c76 e-flex e-con-boxed e-con e-parent\" data-id=\"daf8c76\" data-element_type=\"container\" data-settings=\"{&quot;background_background&quot;:&quot;classic&quot;}\">\n\t\t\t\t\t<div class=\"e-con-inner\">\n\t\t<div class=\"elementor-element elementor-element-f26ba31 e-con-full e-flex elementor-invisible e-con e-child\" data-id=\"f26ba31\" data-element_type=\"container\" data-settings=\"{&quot;animation&quot;:&quot;fadeInRight&quot;}\">\n\t\t\t\t<div class=\"elementor-element elementor-element-647d209 elementor-widget elementor-widget-heading\" data-id=\"647d209\" data-element_type=\"widget\" data-widget_type=\"heading.default\">\n\t\t\t\t\t<h2 class=\"elementor-heading-title elementor-size-default\">V\u00fdzva k akci\n<\/h2>\t\t\t\t<\/div>\n\t\t\t\t<div class=\"elementor-element elementor-element-29fa597 elementor-widget elementor-widget-text-editor\" data-id=\"29fa597\" data-element_type=\"widget\" data-widget_type=\"text-editor.default\">\n\t\t\t\t\t\t\t\t\t<p><span style=\"font-weight: 400;\">St\u00e1hn\u011bte si pr\u016fvodce a za\u010dn\u011bte pou\u017e\u00edvat metodu SWOT k budov\u00e1n\u00ed inkluzivn\u011bj\u0161\u00edch a smyslupln\u011bj\u0161\u00edch kari\u00e9rn\u00edch cest pro sv\u00e9 studenty. Pomozte neurodiverzn\u00edm student\u016fm porozum\u011bt sami sob\u011b a s jistotou si p\u0159edstavit svou budoucnost.<\/span><\/p>\t\t\t\t\t\t\t\t<\/div>\n\t\t\t\t<div class=\"elementor-element elementor-element-fa04bbb elementor-align-left elementor-widget elementor-widget-button\" data-id=\"fa04bbb\" data-element_type=\"widget\" data-widget_type=\"button.default\">\n\t\t\t\t\t\t\t\t\t\t<a class=\"elementor-button elementor-button-link elementor-size-sm\" href=\"https:\/\/cskill.eu\/wp-content\/uploads\/2025\/12\/MK-Guide-for-Educators-SWOT-Analysis.pdf\" target=\"_blank\">\n\t\t\t\t\t\t<span class=\"elementor-button-content-wrapper\">\n\t\t\t\t\t\t\t\t\t<span class=\"elementor-button-text\">Za\u010dn\u011bte<\/span>\n\t\t\t\t\t<\/span>\n\t\t\t\t\t<\/a>\n\t\t\t\t\t\t\t\t<\/div>\n\t\t\t\t<\/div>\n\t\t\t\t\t<\/div>\n\t\t\t\t<\/div>\n\t\t\t\t<\/div>","protected":false},"excerpt":{"rendered":"<p>\u0412\u043e\u0434\u0438\u0447 \u0437\u0430 \u0435\u0434\u0443\u043a\u0430\u0442\u043e\u0440\u0438: SWOT \u0430\u043d\u0430\u043b\u0438\u0437\u0430 \u0437\u0430 \u043a\u0430\u0440\u0438\u0435\u0440\u043d\u0430 \u043e\u0440\u0438\u0435\u043d\u0442\u0430\u0446\u0438\u0458\u0430 \u0432\u043e \u043d\u0435\u0432\u0440\u043e\u0440\u0430\u0437\u043d\u043e\u0432\u0438\u0434\u043d\u0438 \u0443\u0447\u0438\u043b\u043d\u0438\u0446\u0438 \u201e\u0412\u043e\u0434\u0438\u0447 \u0437\u0430 \u0435\u0434\u0443\u043a\u0430\u0442\u043e\u0440\u0438: SWOT \u0430\u043d\u0430\u043b\u0438\u0437\u0430 \u0437\u0430 \u043a\u0430\u0440\u0438\u0435\u0440\u043d\u0430 \u043e\u0440\u0438\u0435\u043d\u0442\u0430\u0446\u0438\u0458\u0430 \u0432\u043e \u043d\u0435\u0432\u0440\u043e\u0440\u0430\u0437\u043d\u043e\u0432\u0438\u0434\u043d\u0438 \u0443\u0447\u0438\u043b\u043d\u0438\u0446\u0438\u201c \u0435 \u0430\u043b\u0430\u0442\u043a\u0430 \u0440\u0430\u0437\u0432\u0438\u0435\u043d\u0430 \u043e\u0434 \u041a\u0440\u0435\u0430\u0442\u0438\u0432\u043d\u0430 \u043a\u0443\u045c\u0430 (\u0421\u0435\u0432\u0435\u0440\u043d\u0430 \u041c\u0430\u043a\u0435\u0434\u043e\u043d\u0438\u0458\u0430) \u0432\u043e \u0440\u0430\u043c\u043a\u0438\u0442\u0435 \u043d\u0430 \u0415\u0440\u0430\u0437\u043c\u0443\u0441+ \u043f\u0440\u043e\u0435\u043a\u0442\u043e\u0442 SkillCompass: Empowering Youth with Learning Differences through Inclusive Career Guidance Tools. \u041f\u0440\u0435\u0433\u043b\u0435\u0434 \u041e\u0432\u043e\u0458 \u0432\u043e\u0434\u0438\u0447 \u0435 \u043f\u0440\u0430\u043a\u0442\u0438\u0447\u043d\u0430 \u0430\u043b\u0430\u0442\u043a\u0430 \u043d\u0430\u043c\u0435\u043d\u0435\u0442\u0430 \u0434\u0430 \u0438\u043c [&hellip;]<\/p>","protected":false},"author":1,"featured_media":0,"parent":1077,"menu_order":0,"comment_status":"closed","ping_status":"closed","template":"elementor_header_footer","meta":{"_acf_changed":false,"footnotes":""},"class_list":["post-1096","page","type-page","status-publish","hentry"],"acf":[],"_links":{"self":[{"href":"https:\/\/cskill.eu\/cs\/wp-json\/wp\/v2\/pages\/1096","targetHints":{"allow":["GET"]}}],"collection":[{"href":"https:\/\/cskill.eu\/cs\/wp-json\/wp\/v2\/pages"}],"about":[{"href":"https:\/\/cskill.eu\/cs\/wp-json\/wp\/v2\/types\/page"}],"author":[{"embeddable":true,"href":"https:\/\/cskill.eu\/cs\/wp-json\/wp\/v2\/users\/1"}],"replies":[{"embeddable":true,"href":"https:\/\/cskill.eu\/cs\/wp-json\/wp\/v2\/comments?post=1096"}],"version-history":[{"count":10,"href":"https:\/\/cskill.eu\/cs\/wp-json\/wp\/v2\/pages\/1096\/revisions"}],"predecessor-version":[{"id":1109,"href":"https:\/\/cskill.eu\/cs\/wp-json\/wp\/v2\/pages\/1096\/revisions\/1109"}],"up":[{"embeddable":true,"href":"https:\/\/cskill.eu\/cs\/wp-json\/wp\/v2\/pages\/1077"}],"wp:attachment":[{"href":"https:\/\/cskill.eu\/cs\/wp-json\/wp\/v2\/media?parent=1096"}],"curies":[{"name":"wp","href":"https:\/\/api.w.org\/{rel}","templated":true}]}}