{"id":1009,"date":"2025-12-16T09:47:34","date_gmt":"2025-12-16T09:47:34","guid":{"rendered":"https:\/\/cskill.eu\/?page_id=1009"},"modified":"2026-01-29T19:48:28","modified_gmt":"2026-01-29T19:48:28","slug":"what-is-video-series","status":"publish","type":"page","link":"https:\/\/cskill.eu\/cs\/alatki\/what-is-video-series\/","title":{"rendered":"Video S\u00e9rie: \u201eCo je\u2026?\u201c"},"content":{"rendered":"<div data-elementor-type=\"wp-page\" data-elementor-id=\"1009\" class=\"elementor elementor-1009\" data-elementor-settings=\"{&quot;element_pack_global_tooltip_width&quot;:{&quot;unit&quot;:&quot;px&quot;,&quot;size&quot;:&quot;&quot;,&quot;sizes&quot;:[]},&quot;element_pack_global_tooltip_width_tablet&quot;:{&quot;unit&quot;:&quot;px&quot;,&quot;size&quot;:&quot;&quot;,&quot;sizes&quot;:[]},&quot;element_pack_global_tooltip_width_mobile&quot;:{&quot;unit&quot;:&quot;px&quot;,&quot;size&quot;:&quot;&quot;,&quot;sizes&quot;:[]},&quot;element_pack_global_tooltip_padding&quot;:{&quot;unit&quot;:&quot;px&quot;,&quot;top&quot;:&quot;&quot;,&quot;right&quot;:&quot;&quot;,&quot;bottom&quot;:&quot;&quot;,&quot;left&quot;:&quot;&quot;,&quot;isLinked&quot;:true},&quot;element_pack_global_tooltip_padding_tablet&quot;:{&quot;unit&quot;:&quot;px&quot;,&quot;top&quot;:&quot;&quot;,&quot;right&quot;:&quot;&quot;,&quot;bottom&quot;:&quot;&quot;,&quot;left&quot;:&quot;&quot;,&quot;isLinked&quot;:true},&quot;element_pack_global_tooltip_padding_mobile&quot;:{&quot;unit&quot;:&quot;px&quot;,&quot;top&quot;:&quot;&quot;,&quot;right&quot;:&quot;&quot;,&quot;bottom&quot;:&quot;&quot;,&quot;left&quot;:&quot;&quot;,&quot;isLinked&quot;:true},&quot;element_pack_global_tooltip_border_radius&quot;:{&quot;unit&quot;:&quot;px&quot;,&quot;top&quot;:&quot;&quot;,&quot;right&quot;:&quot;&quot;,&quot;bottom&quot;:&quot;&quot;,&quot;left&quot;:&quot;&quot;,&quot;isLinked&quot;:true},&quot;element_pack_global_tooltip_border_radius_tablet&quot;:{&quot;unit&quot;:&quot;px&quot;,&quot;top&quot;:&quot;&quot;,&quot;right&quot;:&quot;&quot;,&quot;bottom&quot;:&quot;&quot;,&quot;left&quot;:&quot;&quot;,&quot;isLinked&quot;:true},&quot;element_pack_global_tooltip_border_radius_mobile&quot;:{&quot;unit&quot;:&quot;px&quot;,&quot;top&quot;:&quot;&quot;,&quot;right&quot;:&quot;&quot;,&quot;bottom&quot;:&quot;&quot;,&quot;left&quot;:&quot;&quot;,&quot;isLinked&quot;:true}}\" data-elementor-post-type=\"page\">\n\t\t\t\t<div class=\"elementor-element elementor-element-4a03fab e-flex e-con-boxed e-con e-parent\" data-id=\"4a03fab\" data-element_type=\"container\" data-settings=\"{&quot;background_background&quot;:&quot;classic&quot;}\">\n\t\t\t\t\t<div class=\"e-con-inner\">\n\t\t<div class=\"elementor-element elementor-element-a98b155 e-flex e-con-boxed e-con e-child\" data-id=\"a98b155\" data-element_type=\"container\">\n\t\t\t\t\t<div class=\"e-con-inner\">\n\t\t\t\t<div class=\"elementor-element elementor-element-c9cbb45 elementor-invisible elementor-widget elementor-widget-heading\" data-id=\"c9cbb45\" data-element_type=\"widget\" data-settings=\"{&quot;_animation&quot;:&quot;fadeInUp&quot;,&quot;_animation_delay&quot;:200}\" data-widget_type=\"heading.default\">\n\t\t\t\t\t<h1 class=\"elementor-heading-title elementor-size-default\">Video S\u00e9rie: \u201eCo je\u2026?\u201c<\/h1>\t\t\t\t<\/div>\n\t\t\t\t\t<\/div>\n\t\t\t\t<\/div>\n\t\t\t\t\t<\/div>\n\t\t\t\t<\/div>\n\t\t<div class=\"elementor-element elementor-element-c9ddd7a e-flex e-con-boxed e-con e-parent\" data-id=\"c9ddd7a\" data-element_type=\"container\" data-settings=\"{&quot;background_background&quot;:&quot;classic&quot;}\">\n\t\t\t\t\t<div class=\"e-con-inner\">\n\t\t<div class=\"elementor-element elementor-element-8bc14f4 e-con-full e-flex elementor-invisible e-con e-child\" data-id=\"8bc14f4\" data-element_type=\"container\" data-settings=\"{&quot;animation&quot;:&quot;fadeInLeft&quot;}\">\n\t\t\t\t<\/div>\n\t\t<div class=\"elementor-element elementor-element-7d84027 e-con-full e-flex elementor-invisible e-con e-child\" data-id=\"7d84027\" data-element_type=\"container\" data-settings=\"{&quot;animation&quot;:&quot;fadeInLeft&quot;}\">\n\t\t\t\t<div class=\"elementor-element elementor-element-86228ee elementor-widget elementor-widget-image\" data-id=\"86228ee\" data-element_type=\"widget\" data-widget_type=\"image.default\">\n\t\t\t\t\t\t\t\t\t\t\t\t\t\t\t<img fetchpriority=\"high\" decoding=\"async\" width=\"1920\" height=\"1080\" src=\"https:\/\/cskill.eu\/wp-content\/uploads\/2026\/02\/CZ-8.png\" class=\"attachment-full size-full wp-image-1014\" alt=\"\" srcset=\"https:\/\/cskill.eu\/wp-content\/uploads\/2026\/02\/CZ-8.png 1920w, https:\/\/cskill.eu\/wp-content\/uploads\/2026\/02\/CZ-8-300x169.png 300w, https:\/\/cskill.eu\/wp-content\/uploads\/2026\/02\/CZ-8-1024x576.png 1024w, https:\/\/cskill.eu\/wp-content\/uploads\/2026\/02\/CZ-8-768x432.png 768w, https:\/\/cskill.eu\/wp-content\/uploads\/2026\/02\/CZ-8-1536x864.png 1536w, https:\/\/cskill.eu\/wp-content\/uploads\/2026\/02\/CZ-8-18x10.png 18w\" sizes=\"(max-width: 1920px) 100vw, 1920px\" \/>\t\t\t\t\t\t\t\t\t\t\t\t\t\t\t<\/div>\n\t\t\t\t<\/div>\n\t\t<div class=\"elementor-element elementor-element-ad0938a e-con-full e-flex elementor-invisible e-con e-child\" data-id=\"ad0938a\" data-element_type=\"container\" data-settings=\"{&quot;animation&quot;:&quot;fadeInLeft&quot;}\">\n\t\t\t\t<\/div>\n\t\t\t\t\t<\/div>\n\t\t\t\t<\/div>\n\t\t<div class=\"elementor-element elementor-element-6f1aff1 e-flex e-con-boxed e-con e-parent\" data-id=\"6f1aff1\" data-element_type=\"container\" data-settings=\"{&quot;background_background&quot;:&quot;classic&quot;}\">\n\t\t\t\t\t<div class=\"e-con-inner\">\n\t\t<div class=\"elementor-element elementor-element-fa2c155 e-con-full e-flex elementor-invisible e-con e-child\" data-id=\"fa2c155\" data-element_type=\"container\" data-settings=\"{&quot;animation&quot;:&quot;fadeInRight&quot;}\">\n\t\t\t\t<div class=\"elementor-element elementor-element-410953a elementor-widget elementor-widget-heading\" data-id=\"410953a\" data-element_type=\"widget\" data-widget_type=\"heading.default\">\n\t\t\t\t\t<h2 class=\"elementor-heading-title elementor-size-default\">Video S\u00e9rie: \u201eCo je\u2026?\u201c<\/h2>\t\t\t\t<\/div>\n\t\t\t\t<div class=\"elementor-element elementor-element-fd3a408 elementor-widget elementor-widget-text-editor\" data-id=\"fd3a408\" data-element_type=\"widget\" data-widget_type=\"text-editor.default\">\n\t\t\t\t\t\t\t\t\t<p><span style=\"font-weight: 400;\">N\u00e1stroj videos\u00e9rie: \u201eCo je\u2026?\u201c byl vytvo\u0159en organizac\u00ed Mission: Reconnect (\u010cesk\u00e1 republika) v r\u00e1mci projektu Erasmus+ SkillCompass: Empowering Youth with Learning Differences through Inclusive Career Guidance Tools.<\/span><\/p>\t\t\t\t\t\t\t\t<\/div>\n\t\t\t\t<div class=\"elementor-element elementor-element-ab51303 elementor-widget elementor-widget-text-editor\" data-id=\"ab51303\" data-element_type=\"widget\" data-widget_type=\"text-editor.default\">\n\t\t\t\t\t\t\t\t\t<p><span style=\"font-weight: 400;\">\u00da\u010delem n\u00e1stroje \u201eCo je\u2026?\u201c je vysv\u011btlit n\u00e1sleduj\u00edc\u00ed specifick\u00e9 poruchy u\u010den\u00ed: ADHD, dyslexii, dysgrafii, dyskalkulii a dyspraxii srozumiteln\u00fdm a p\u0159\u00edstupn\u00fdm jazykem. C\u00edlem je zv\u00fd\u0161it pov\u011bdom\u00ed ve\u0159ejnosti a bourat negativn\u00ed stereotypy a p\u0159edsudky, se kter\u00fdmi se lid\u00e9 se specifick\u00fdmi poruchami u\u010den\u00ed mohou st\u00e1le setk\u00e1vat.<\/span><\/p>\t\t\t\t\t\t\t\t<\/div>\n\t\t\t\t<div class=\"elementor-element elementor-element-3aac6d0 elementor-widget elementor-widget-heading\" data-id=\"3aac6d0\" data-element_type=\"widget\" data-widget_type=\"heading.default\">\n\t\t\t\t\t<h2 class=\"elementor-heading-title elementor-size-default\">C\u00edl n\u00e1stroje<\/h2>\t\t\t\t<\/div>\n\t\t\t\t<div class=\"elementor-element elementor-element-5a77693 elementor-widget elementor-widget-text-editor\" data-id=\"5a77693\" data-element_type=\"widget\" data-widget_type=\"text-editor.default\">\n\t\t\t\t\t\t\t\t\t<p><span style=\"font-weight: 400;\">A\u010dkoliv jsou pojmy jako ADHD, dyslexie nebo dyskalkulie \u0161iroce pou\u017e\u00edvan\u00e9, st\u00e1le panuje nedostatek porozum\u011bn\u00ed t\u00fdkaj\u00edc\u00ed se toho, co tyto term\u00edny skute\u010dn\u011b znamenaj\u00ed. Nav\u00edc lid\u00e9 s ADHD, dyslexi\u00ed nebo dysgrafi\u00ed \u010dasto \u010del\u00ed negativn\u00edm stereotyp\u016fm, proto\u017ee ostatn\u00ed nech\u00e1pou, co znamen\u00e1 m\u00edt ADHD, dyslexii, dyspraxii, dyskalkulii nebo dysgrafii.<\/span><\/p>\t\t\t\t\t\t\t\t<\/div>\n\t\t\t\t<div class=\"elementor-element elementor-element-d2884d6 elementor-widget elementor-widget-text-editor\" data-id=\"d2884d6\" data-element_type=\"widget\" data-widget_type=\"text-editor.default\">\n\t\t\t\t\t\t\t\t\t<p><span style=\"font-weight: 400;\">Hlavn\u00edm c\u00edlem n\u00e1stroje je vysv\u011btlit tyto pojmy srozumiteln\u00fdm jazykem a sd\u00edlet zku\u0161enosti lid\u00ed, kte\u0159\u00ed maj\u00ed ADHD, dyslexii, dyspraxii, dyskalkulii nebo dysgrafii. To m\u016f\u017ee pomoci pracovn\u00edk\u016fm s ml\u00e1de\u017e\u00ed, u\u010ditel\u016fm, kari\u00e9rov\u00fdm poradc\u016fm, rodi\u010d\u016fm a p\u0159\u00e1tel\u016fm l\u00e9pe porozum\u011bt tomu, jak\u00e9 to m\u016f\u017ee b\u00fdt, a jak mohou podpo\u0159it lidi, kte\u0159\u00ed jsou neurodivergentn\u00ed.<\/span><\/p>\t\t\t\t\t\t\t\t<\/div>\n\t\t\t\t<\/div>\n\t\t\t\t\t<\/div>\n\t\t\t\t<\/div>\n\t\t<div class=\"elementor-element elementor-element-412e9c7 e-flex e-con-boxed e-con e-parent\" data-id=\"412e9c7\" data-element_type=\"container\" data-settings=\"{&quot;background_background&quot;:&quot;classic&quot;}\">\n\t\t\t\t\t<div class=\"e-con-inner\">\n\t\t<div class=\"elementor-element elementor-element-d82a0d9 e-con-full e-flex elementor-invisible e-con e-child\" data-id=\"d82a0d9\" data-element_type=\"container\" data-settings=\"{&quot;animation&quot;:&quot;fadeInLeft&quot;}\">\n\t\t\t\t<div class=\"elementor-element elementor-element-d411fc9 elementor-widget elementor-widget-heading\" data-id=\"d411fc9\" data-element_type=\"widget\" data-widget_type=\"heading.default\">\n\t\t\t\t\t<h2 class=\"elementor-heading-title elementor-size-default\">Jak n\u00e1stroj pou\u017e\u00edvat<\/h2>\t\t\t\t<\/div>\n\t\t\t\t<div class=\"elementor-element elementor-element-1b96882 elementor-widget elementor-widget-text-editor\" data-id=\"1b96882\" data-element_type=\"widget\" data-widget_type=\"text-editor.default\">\n\t\t\t\t\t\t\t\t\t<p><span style=\"font-weight: 400;\">N\u00e1stroj se skl\u00e1d\u00e1 ze s\u00e9rie p\u011bti vide\u00ed vysv\u011btluj\u00edc\u00edch ADHD, dyslexii, dyspraxii, dyskalkulii a dysgrafii.<\/span><\/p>\t\t\t\t\t\t\t\t<\/div>\n\t\t\t\t<div class=\"elementor-element elementor-element-a3222aa elementor-widget elementor-widget-text-editor\" data-id=\"a3222aa\" data-element_type=\"widget\" data-widget_type=\"text-editor.default\">\n\t\t\t\t\t\t\t\t\t<p><span style=\"font-weight: 400;\">U\u017eivatel\u00e9 mohou:<\/span><\/p>\t\t\t\t\t\t\t\t<\/div>\n\t\t\t\t<div class=\"elementor-element elementor-element-96c280b elementor-icon-list--layout-traditional elementor-list-item-link-full_width elementor-widget elementor-widget-icon-list\" data-id=\"96c280b\" data-element_type=\"widget\" data-widget_type=\"icon-list.default\">\n\t\t\t\t\t\t\t<ul class=\"elementor-icon-list-items\">\n\t\t\t\t\t\t\t<li class=\"elementor-icon-list-item\">\n\t\t\t\t\t\t\t\t\t\t\t<span class=\"elementor-icon-list-icon\">\n\t\t\t\t\t\t\t<svg aria-hidden=\"true\" class=\"e-font-icon-svg e-fas-dot-circle\" viewbox=\"0 0 512 512\" xmlns=\"http:\/\/www.w3.org\/2000\/svg\"><path d=\"M256 8C119.033 8 8 119.033 8 256s111.033 248 248 248 248-111.033 248-248S392.967 8 256 8zm80 248c0 44.112-35.888 80-80 80s-80-35.888-80-80 35.888-80 80-80 80 35.888 80 80z\"><\/path><\/svg>\t\t\t\t\t\t<\/span>\n\t\t\t\t\t\t\t\t\t\t<span class=\"elementor-icon-list-text\">Sledovat videa za \u00fa\u010delem zv\u00fd\u0161en\u00ed vlastn\u00edho porozum\u011bn\u00ed jako rodi\u010d, p\u0159\u00edtel, u\u010ditel, kari\u00e9rov\u00fd poradce nebo pracovn\u00edk s ml\u00e1de\u017e\u00ed.<\/span>\n\t\t\t\t\t\t\t\t\t<\/li>\n\t\t\t\t\t\t\t\t<li class=\"elementor-icon-list-item\">\n\t\t\t\t\t\t\t\t\t\t\t<span class=\"elementor-icon-list-icon\">\n\t\t\t\t\t\t\t<svg aria-hidden=\"true\" class=\"e-font-icon-svg e-fas-dot-circle\" viewbox=\"0 0 512 512\" xmlns=\"http:\/\/www.w3.org\/2000\/svg\"><path d=\"M256 8C119.033 8 8 119.033 8 256s111.033 248 248 248 248-111.033 248-248S392.967 8 256 8zm80 248c0 44.112-35.888 80-80 80s-80-35.888-80-80 35.888-80 80-80 80 35.888 80 80z\"><\/path><\/svg>\t\t\t\t\t\t<\/span>\n\t\t\t\t\t\t\t\t\t\t<span class=\"elementor-icon-list-text\">Pou\u017e\u00edvat videa jako vzd\u011bl\u00e1vac\u00ed n\u00e1stroj p\u0159i pr\u00e1ci s mlad\u00fdmi lidmi se z\u00e1m\u011brem zvy\u0161ovat pov\u011bdom\u00ed a bo\u0159it stereotypy a p\u0159edsudky.<\/span>\n\t\t\t\t\t\t\t\t\t<\/li>\n\t\t\t\t\t\t\t\t<li class=\"elementor-icon-list-item\">\n\t\t\t\t\t\t\t\t\t\t\t<span class=\"elementor-icon-list-icon\">\n\t\t\t\t\t\t\t<svg aria-hidden=\"true\" class=\"e-font-icon-svg e-fas-dot-circle\" viewbox=\"0 0 512 512\" xmlns=\"http:\/\/www.w3.org\/2000\/svg\"><path d=\"M256 8C119.033 8 8 119.033 8 256s111.033 248 248 248 248-111.033 248-248S392.967 8 256 8zm80 248c0 44.112-35.888 80-80 80s-80-35.888-80-80 35.888-80 80-80 80 35.888 80 80z\"><\/path><\/svg>\t\t\t\t\t\t<\/span>\n\t\t\t\t\t\t\t\t\t\t<span class=\"elementor-icon-list-text\">Pou\u017e\u00edt videa jako v\u00fdchoz\u00ed bod pro diskusi v kari\u00e9rov\u00e9m poradenstv\u00ed nebo pr\u00e1ci s ml\u00e1de\u017e\u00ed a podporovat tak v\u00edce podp\u016frn\u00e9 prost\u0159ed\u00ed.<\/span>\n\t\t\t\t\t\t\t\t\t<\/li>\n\t\t\t\t\t\t<\/ul>\n\t\t\t\t\t\t<\/div>\n\t\t\t\t<\/div>\n\t\t<div class=\"elementor-element elementor-element-8a5875b e-con-full e-flex elementor-invisible e-con e-child\" data-id=\"8a5875b\" data-element_type=\"container\" data-settings=\"{&quot;animation&quot;:&quot;fadeInRight&quot;}\">\n\t\t\t\t<div class=\"elementor-element elementor-element-1ec8f4d elementor-widget elementor-widget-image\" data-id=\"1ec8f4d\" data-element_type=\"widget\" data-widget_type=\"image.default\">\n\t\t\t\t\t\t\t\t\t\t\t\t\t\t\t<img decoding=\"async\" width=\"844\" height=\"1500\" src=\"https:\/\/cskill.eu\/wp-content\/uploads\/2025\/12\/3541116.jpg\" class=\"attachment-full size-full wp-image-1019\" alt=\"\" srcset=\"https:\/\/cskill.eu\/wp-content\/uploads\/2025\/12\/3541116.jpg 844w, https:\/\/cskill.eu\/wp-content\/uploads\/2025\/12\/3541116-169x300.jpg 169w, https:\/\/cskill.eu\/wp-content\/uploads\/2025\/12\/3541116-576x1024.jpg 576w, https:\/\/cskill.eu\/wp-content\/uploads\/2025\/12\/3541116-768x1365.jpg 768w, https:\/\/cskill.eu\/wp-content\/uploads\/2025\/12\/3541116-7x12.jpg 7w\" sizes=\"(max-width: 844px) 100vw, 844px\" \/>\t\t\t\t\t\t\t\t\t\t\t\t\t\t\t<\/div>\n\t\t\t\t<\/div>\n\t\t\t\t\t<\/div>\n\t\t\t\t<\/div>\n\t\t<div class=\"elementor-element elementor-element-a461206 e-flex e-con-boxed e-con e-parent\" data-id=\"a461206\" data-element_type=\"container\" data-settings=\"{&quot;background_background&quot;:&quot;classic&quot;}\">\n\t\t\t\t\t<div class=\"e-con-inner\">\n\t\t<div class=\"elementor-element elementor-element-d322746 e-con-full e-flex e-con e-child\" data-id=\"d322746\" data-element_type=\"container\">\n\t\t<div class=\"elementor-element elementor-element-6923963 e-con-full e-flex elementor-invisible e-con e-child\" data-id=\"6923963\" data-element_type=\"container\" data-settings=\"{&quot;animation&quot;:&quot;fadeInLeft&quot;}\">\n\t\t\t\t<div class=\"elementor-element elementor-element-f04e269 elementor-widget elementor-widget-image\" data-id=\"f04e269\" data-element_type=\"widget\" data-widget_type=\"image.default\">\n\t\t\t\t\t\t\t\t\t\t\t\t\t\t\t<img decoding=\"async\" width=\"1000\" height=\"1500\" src=\"https:\/\/cskill.eu\/wp-content\/uploads\/2025\/12\/25654.jpg\" class=\"attachment-full size-full wp-image-1023\" alt=\"\" srcset=\"https:\/\/cskill.eu\/wp-content\/uploads\/2025\/12\/25654.jpg 1000w, https:\/\/cskill.eu\/wp-content\/uploads\/2025\/12\/25654-200x300.jpg 200w, https:\/\/cskill.eu\/wp-content\/uploads\/2025\/12\/25654-683x1024.jpg 683w, https:\/\/cskill.eu\/wp-content\/uploads\/2025\/12\/25654-768x1152.jpg 768w, https:\/\/cskill.eu\/wp-content\/uploads\/2025\/12\/25654-8x12.jpg 8w\" sizes=\"(max-width: 1000px) 100vw, 1000px\" \/>\t\t\t\t\t\t\t\t\t\t\t\t\t\t\t<\/div>\n\t\t\t\t<\/div>\n\t\t\t\t<\/div>\n\t\t<div class=\"elementor-element elementor-element-8b89102 e-con-full e-flex elementor-invisible e-con e-child\" data-id=\"8b89102\" data-element_type=\"container\" data-settings=\"{&quot;animation&quot;:&quot;fadeInRight&quot;}\">\n\t\t\t\t<div class=\"elementor-element elementor-element-2e7a80a elementor-widget elementor-widget-heading\" data-id=\"2e7a80a\" data-element_type=\"widget\" data-widget_type=\"heading.default\">\n\t\t\t\t\t<h2 class=\"elementor-heading-title elementor-size-default\">Dal\u0161\u00ed kroky po zhl\u00e9dnut\u00ed vide\u00ed<\/h2>\t\t\t\t<\/div>\n\t\t\t\t<div class=\"elementor-element elementor-element-e690aa8 elementor-widget elementor-widget-text-editor\" data-id=\"e690aa8\" data-element_type=\"widget\" data-widget_type=\"text-editor.default\">\n\t\t\t\t\t\t\t\t\t<div class=\"zw-line-div\"><div class=\"zw-line-content\"><p><b>Jako jednotlivec<\/b><\/p><\/div><\/div>\t\t\t\t\t\t\t\t<\/div>\n\t\t\t\t<div class=\"elementor-element elementor-element-e762205 elementor-widget elementor-widget-text-editor\" data-id=\"e762205\" data-element_type=\"widget\" data-widget_type=\"text-editor.default\">\n\t\t\t\t\t\t\t\t\t<div class=\"zw-line-div\"><div class=\"zw-line-content\"><p><span style=\"font-weight: 400;\">Po zhl\u00e9dnut\u00ed vide\u00ed si m\u016f\u017eete vyhledat dal\u0161\u00ed informace na webu projektu nebo se pod\u00edvat na jin\u00e9 materi\u00e1ly.<\/span><\/p><\/div><\/div>\t\t\t\t\t\t\t\t<\/div>\n\t\t\t\t<div class=\"elementor-element elementor-element-5f6341f elementor-widget elementor-widget-heading\" data-id=\"5f6341f\" data-element_type=\"widget\" data-widget_type=\"heading.default\">\n\t\t\t\t\t<h2 class=\"elementor-heading-title elementor-size-default\">Jako vzd\u011bl\u00e1vac\u00ed n\u00e1stroj p\u0159i pr\u00e1ci s mlad\u00fdmi lidmi\n<\/h2>\t\t\t\t<\/div>\n\t\t\t\t<div class=\"elementor-element elementor-element-8af85d2 elementor-widget elementor-widget-text-editor\" data-id=\"8af85d2\" data-element_type=\"widget\" data-widget_type=\"text-editor.default\">\n\t\t\t\t\t\t\t\t\t<p><span style=\"font-weight: 400;\">Po zhl\u00e9dnut\u00ed vide\u00ed se skupinou vyzv\u011bte mlad\u00e9 lidi, aby sd\u00edleli ot\u00e1zky nebo zku\u0161enosti. M\u016f\u017ee to b\u00fdt \u00fastn\u011b nebo p\u00edsemn\u011b. Podpo\u0159te kreativn\u00ed vyj\u00e1d\u0159en\u00ed, nap\u0159\u00edklad kreslen\u00edm nebo tvorbou kol\u00e1\u017e\u00ed. P\u0159i reflexi ot\u00e1zek a koment\u00e1\u0159\u016f zajist\u011bte podp\u016frnou a inkluzivn\u00ed atmosf\u00e9ru bez negativn\u00edch stereotyp\u016f a stigmat. Pokud mlad\u00fd \u010dlov\u011bk polo\u017e\u00ed ot\u00e1zku, na kterou nezn\u00e1te odpov\u011b\u010f, je naprosto v po\u0159\u00e1dku \u0159\u00edct, \u017ee ji pot\u0159ebuje konzultovat s odborn\u00edkem.<\/span><\/p><p><b>Tip:<\/b><span style=\"font-weight: 400;\">Pro pos\u00edlen\u00ed pov\u011bdom\u00ed m\u016f\u017eete pozvat \u010dlov\u011bka s ADHD nebo dyslexi\u00ed k diskusi.<\/span><\/p>\t\t\t\t\t\t\t\t<\/div>\n\t\t\t\t<div class=\"elementor-element elementor-element-60a34e9 elementor-widget elementor-widget-heading\" data-id=\"60a34e9\" data-element_type=\"widget\" data-widget_type=\"heading.default\">\n\t\t\t\t\t<h2 class=\"elementor-heading-title elementor-size-default\">Jako vzd\u011bl\u00e1vac\u00ed n\u00e1stroj pro kari\u00e9rov\u00e9 poradce, u\u010ditele a pracovn\u00edky s ml\u00e1de\u017e\u00ed\n<\/h2>\t\t\t\t<\/div>\n\t\t\t\t<div class=\"elementor-element elementor-element-fd66974 elementor-widget elementor-widget-text-editor\" data-id=\"fd66974\" data-element_type=\"widget\" data-widget_type=\"text-editor.default\">\n\t\t\t\t\t\t\t\t\t<p><span style=\"font-weight: 400;\">Po zhl\u00e9dnut\u00ed vide\u00ed diskutujte s kolegy, pod\u011blte se o sv\u00e9 zku\u0161enosti. M\u016f\u017eete sd\u00edlet i v\u00fdzvy, se kter\u00fdmi se pot\u00fdk\u00e1te, nap\u0159- pot\u00ed\u017ee p\u0159i pr\u00e1ci s mlad\u00fdmi lidmi s dyslexi\u00ed. Spole\u010dn\u011b hledejte mo\u017en\u00e1 \u0159e\u0161en\u00ed a prozkoumejte dal\u0161\u00ed zdroje na webu projektu, nap\u0159\u00edklad n\u00e1stroj SWOT anal\u00fdzy, kter\u00fd m\u016f\u017ee mlad\u00fdm lidem pomoci l\u00e9pe porozum\u011bt sv\u00fdm siln\u00fdm str\u00e1nk\u00e1m.<\/span><\/p>\t\t\t\t\t\t\t\t<\/div>\n\t\t\t\t<\/div>\n\t\t\t\t\t<\/div>\n\t\t\t\t<\/div>\n\t\t<div class=\"elementor-element elementor-element-127f119 e-flex e-con-boxed e-con e-parent\" data-id=\"127f119\" data-element_type=\"container\" data-settings=\"{&quot;background_background&quot;:&quot;classic&quot;}\">\n\t\t\t\t\t<div class=\"e-con-inner\">\n\t\t<div class=\"elementor-element elementor-element-2f3c0d1 e-con-full e-flex elementor-invisible e-con e-child\" data-id=\"2f3c0d1\" data-element_type=\"container\" data-settings=\"{&quot;animation&quot;:&quot;fadeInUp&quot;}\">\n\t\t\t\t<div class=\"elementor-element elementor-element-501e9ed elementor-widget elementor-widget-heading\" data-id=\"501e9ed\" data-element_type=\"widget\" data-widget_type=\"heading.default\">\n\t\t\t\t\t<h2 class=\"elementor-heading-title elementor-size-default\">D\u016fle\u017eit\u00e9 upozorn\u011bn\u00ed<\/h2>\t\t\t\t<\/div>\n\t\t\t\t<div class=\"elementor-element elementor-element-4690cc7 elementor-widget elementor-widget-text-editor\" data-id=\"4690cc7\" data-element_type=\"widget\" data-widget_type=\"text-editor.default\">\n\t\t\t\t\t\t\t\t\t<p><span style=\"font-weight: 400;\">Tento n\u00e1stroj se skl\u00e1d\u00e1 z kr\u00e1tk\u00fdch vide\u00ed a neposkytuje v\u011bdeck\u00e9 vysv\u011btlen\u00ed.<\/span><\/p><p><span style=\"font-weight: 400;\">Je ur\u010den pro zv\u00fd\u0161en\u00ed pov\u011bdom\u00ed a jako prvn\u00ed krok k vytvo\u0159en\u00ed v\u00edce podp\u016frn\u00e9ho prost\u0159ed\u00ed.<\/span><\/p>\t\t\t\t\t\t\t\t<\/div>\n\t\t\t\t<\/div>\n\t\t\t\t\t<\/div>\n\t\t\t\t<\/div>\n\t\t<div class=\"elementor-element elementor-element-dc3c68a e-flex e-con-boxed e-con e-parent\" data-id=\"dc3c68a\" data-element_type=\"container\" data-settings=\"{&quot;background_background&quot;:&quot;classic&quot;}\">\n\t\t\t\t\t<div class=\"e-con-inner\">\n\t\t<div class=\"elementor-element elementor-element-62c1392 e-con-full e-flex elementor-invisible e-con e-child\" data-id=\"62c1392\" data-element_type=\"container\" data-settings=\"{&quot;animation&quot;:&quot;fadeInRight&quot;}\">\n\t\t\t\t<div class=\"elementor-element elementor-element-1a13d54 elementor-widget elementor-widget-heading\" data-id=\"1a13d54\" data-element_type=\"widget\" data-widget_type=\"heading.default\">\n\t\t\t\t\t<h2 class=\"elementor-heading-title elementor-size-default\">P\u0159ipraveni za\u010d\u00edt?\n<\/h2>\t\t\t\t<\/div>\n\t\t\t\t<div class=\"elementor-element elementor-element-9a58ffc elementor-widget elementor-widget-text-editor\" data-id=\"9a58ffc\" data-element_type=\"widget\" data-widget_type=\"text-editor.default\">\n\t\t\t\t\t\t\t\t\t<p><span style=\"font-weight: 400;\">Pod\u00edvejte se na videa.<\/span><\/p>\t\t\t\t\t\t\t\t<\/div>\n\t\t\t\t<\/div>\n\t\t\t\t\t<\/div>\n\t\t\t\t<\/div>\n\t\t\t\t<\/div>","protected":false},"excerpt":{"rendered":"<p>\u0412\u0438\u0434\u0435\u043e \u0441\u0435\u0440\u0438\u0458\u0430: \u201e\u0428\u0442\u043e \u0435\u2026?\u201c \u0412\u0438\u0434\u0435\u043e-\u0430\u043b\u0430\u0442\u043a\u0430\u0442\u0430: \u201e\u0428\u0442\u043e \u0435\u2026?\u201c \u0435 \u0440\u0430\u0437\u0432\u0438\u0435\u043d\u0430 \u043e\u0434 Mission: Reconnect (\u0427\u0435\u0448\u043a\u0430) \u0432\u043e \u0440\u0430\u043c\u043a\u0438 \u043d\u0430 \u043f\u0440\u043e\u0435\u043a\u0442\u043e\u0442 \u0415\u0440\u0430\u0437\u043c\u0443\u0441+ SkillCompass: \u041e\u0441\u043f\u043e\u0441\u043e\u0431\u0443\u0432\u0430\u045a\u0435 \u043d\u0430 \u043c\u043b\u0430\u0434\u0438\u0442\u0435 \u0441\u043e \u0440\u0430\u0437\u043b\u0438\u043a\u0438 \u0432\u043e \u0443\u0447\u0435\u045a\u0435\u0442\u043e \u043f\u0440\u0435\u043a\u0443 \u0430\u043b\u0430\u0442\u043a\u0438 \u0437\u0430 \u0438\u043d\u043a\u043b\u0443\u0437\u0438\u0432\u043d\u043e \u043a\u0430\u0440\u0438\u0435\u0440\u043d\u043e \u043d\u0430\u0441\u043e\u0447\u0443\u0432\u0430\u045a\u0435. \u0426\u0435\u043b\u0442\u0430 \u043d\u0430 \u0430\u043b\u0430\u0442\u043a\u0430\u0442\u0430 \u0435 \u0434\u0430 \u0433\u0438 \u043e\u0431\u0458\u0430\u0441\u043d\u0438 \u0441\u043b\u0435\u0434\u043d\u0438\u0432\u0435 \u0442\u0435\u0448\u043a\u043e\u0442\u0438\u0438 \u0432\u043e \u0443\u0447\u0435\u045a\u0435\u0442\u043e: ADHD, \u0434\u0438\u0441\u043b\u0435\u043a\u0441\u0438\u0458\u0430, \u0434\u0438\u0441\u0433\u0440\u0430\u0444\u0438\u0458\u0430, \u0434\u0438\u0441\u043a\u0430\u043b\u043a\u0443\u043b\u0438\u0458\u0430 \u0438 \u0434\u0438\u0441\u043f\u0440\u0430\u043a\u0441\u0438\u0458\u0430 \u043d\u0430 \u0458\u0430\u0441\u0435\u043d \u0438 \u0435\u0434\u043d\u043e\u0441\u0442\u0430\u0432\u0435\u043d \u0458\u0430\u0437\u0438\u043a. \u0426\u0435\u043b\u0442\u0430 [&hellip;]<\/p>","protected":false},"author":1,"featured_media":0,"parent":125,"menu_order":0,"comment_status":"closed","ping_status":"closed","template":"elementor_header_footer","meta":{"_acf_changed":false,"footnotes":""},"class_list":["post-1009","page","type-page","status-publish","hentry"],"acf":[],"_links":{"self":[{"href":"https:\/\/cskill.eu\/cs\/wp-json\/wp\/v2\/pages\/1009","targetHints":{"allow":["GET"]}}],"collection":[{"href":"https:\/\/cskill.eu\/cs\/wp-json\/wp\/v2\/pages"}],"about":[{"href":"https:\/\/cskill.eu\/cs\/wp-json\/wp\/v2\/types\/page"}],"author":[{"embeddable":true,"href":"https:\/\/cskill.eu\/cs\/wp-json\/wp\/v2\/users\/1"}],"replies":[{"embeddable":true,"href":"https:\/\/cskill.eu\/cs\/wp-json\/wp\/v2\/comments?post=1009"}],"version-history":[{"count":79,"href":"https:\/\/cskill.eu\/cs\/wp-json\/wp\/v2\/pages\/1009\/revisions"}],"predecessor-version":[{"id":1508,"href":"https:\/\/cskill.eu\/cs\/wp-json\/wp\/v2\/pages\/1009\/revisions\/1508"}],"up":[{"embeddable":true,"href":"https:\/\/cskill.eu\/cs\/wp-json\/wp\/v2\/pages\/125"}],"wp:attachment":[{"href":"https:\/\/cskill.eu\/cs\/wp-json\/wp\/v2\/media?parent=1009"}],"curies":[{"name":"wp","href":"https:\/\/api.w.org\/{rel}","templated":true}]}}